{"id":4737,"date":"2022-11-14T15:05:30","date_gmt":"2022-11-14T14:05:30","guid":{"rendered":"https:\/\/antcube.shop\/produkt\/bohrungsadapter-50-auf-27mm-transparent\/"},"modified":"2026-04-30T09:46:25","modified_gmt":"2026-04-30T07:46:25","slug":"delik-adaptoru-50-27mm-seffaf","status":"publish","type":"product","link":"https:\/\/antcube.shop\/tr\/urun\/delik-adaptoru-50-27mm-seffaf\/","title":{"rendered":"Delik adapt\u00f6r\u00fc 50 ila 27 mm - \u015feffaf"},"content":{"rendered":"<p><strong>\u0130\u00e7erik:<\/strong><br \/>\n27mm delikli 1x akrilik disk 50x4mm<br \/>\n1x yap\u0131\u015fkan folyo \u015feffaf 60mm, 27mm delikli<\/p>\n<p><strong>Boyutlar:<\/strong> 60x4mm<\/p>\n<p><strong>Malzeme:<\/strong> PMMA, PP<\/p>\n<p><strong>Renk:<\/strong> \u015feffaf \/ kristal berrakl\u0131\u011f\u0131nda<\/p>\n<p><strong>A\u00e7\u0131klama:<\/strong> 27mm \u00e7apl\u0131 elemanlar\u0131 50mm deli\u011fe takmak i\u00e7in adapt\u00f6r.<br \/>\nY\u00fcksek kaliteli \u015feffaf 50\u00b5 yap\u0131\u015fkan film \u00e7izilmeye kar\u015f\u0131 dayan\u0131kl\u0131d\u0131r ve UV koruyucu bir kaplama i\u00e7erir ve kal\u0131c\u0131 olarak yap\u0131\u015fkand\u0131r.<br \/>\nB\u00f6ylece adapt\u00f6r i\u00e7in g\u00fcvenli, sa\u011flam ve g\u00f6rsel olarak g\u00fczel bir ba\u011flant\u0131.<\/p>\n<p><strong>Not:<\/strong> Delik adapt\u00f6r\u00fc, kald\u0131ra\u00e7 etkisinin s\u00fcrekli bask\u0131s\u0131 ile y\u00fcklenmemelidir, aksi takdirde gev\u015feyebilir. Sadece d\u00fcz ba\u011flant\u0131lar i\u00e7in uygundur!<\/p>","protected":false},"excerpt":{"rendered":"<p>\u0130\u00e7erik: 27mm delikli 1x akrilik disk 50x4mm 27mm delikli 1x yap\u0131\u015fkan folyo \u015feffaf 60mm Boyutlar: 60x4mm Malzeme: PMMA, PP Renk: \u015feffaf \/ kristal berrakl\u0131\u011f\u0131nda A\u00e7\u0131klama: 27mm \u00e7ap\u0131ndaki elemanlar\u0131 50mm deli\u011fe tutturmak i\u00e7in adapt\u00f6r. Y\u00fcksek kaliteli \u015feffaf 50\u00b5 yap\u0131\u015fkan film \u00e7izilmeye kar\u015f\u0131 dayan\u0131kl\u0131d\u0131r ve UV koruyucu bir kaplama i\u00e7erir ve","protected":false},"featured_media":4887,"comment_status":"open","ping_status":"closed","template":"","meta":{"_acf_changed":false,"content-type":"","_monsterinsights_skip_tracking":false,"_monsterinsights_sitenote_active":false,"_monsterinsights_sitenote_note":"","_monsterinsights_sitenote_category":0},"product_brand":[],"product_cat":[119,121],"product_tag":[],"class_list":{"0":"post-4737","1":"product","2":"type-product","3":"status-publish","4":"has-post-thumbnail","6":"product_cat-formicarium-components","7":"product_cat-connectors","9":"first","10":"instock","11":"taxable","12":"shipping-taxable","13":"purchasable","14":"product-type-simple"},"acf":[],"aioseo_notices":[],"jetpack_sharing_enabled":true,"_links":{"self":[{"href":"https:\/\/antcube.shop\/tr\/wp-json\/wp\/v2\/product\/4737","targetHints":{"allow":["GET"]}}],"collection":[{"href":"https:\/\/antcube.shop\/tr\/wp-json\/wp\/v2\/product"}],"about":[{"href":"https:\/\/antcube.shop\/tr\/wp-json\/wp\/v2\/types\/product"}],"replies":[{"embeddable":true,"href":"https:\/\/antcube.shop\/tr\/wp-json\/wp\/v2\/comments?post=4737"}],"wp:featuredmedia":[{"embeddable":true,"href":"https:\/\/antcube.shop\/tr\/wp-json\/wp\/v2\/media\/4887"}],"wp:attachment":[{"href":"https:\/\/antcube.shop\/tr\/wp-json\/wp\/v2\/media?parent=4737"}],"wp:term":[{"taxonomy":"product_brand","embeddable":true,"href":"https:\/\/antcube.shop\/tr\/wp-json\/wp\/v2\/product_brand?post=4737"},{"taxonomy":"product_cat","embeddable":true,"href":"https:\/\/antcube.shop\/tr\/wp-json\/wp\/v2\/product_cat?post=4737"},{"taxonomy":"product_tag","embeddable":true,"href":"https:\/\/antcube.shop\/tr\/wp-json\/wp\/v2\/product_tag?post=4737"}],"curies":[{"name":"wp","href":"https:\/\/api.w.org\/{rel}","templated":true}]}}