{"id":4736,"date":"2022-11-14T15:05:15","date_gmt":"2022-11-14T14:05:15","guid":{"rendered":"https:\/\/antcube.shop\/produkt\/rohrverbindungsring-fur-32mm-rohr\/"},"modified":"2026-04-13T09:33:48","modified_gmt":"2026-04-13T07:33:48","slug":"32mm-boru-icin-boru-baglanti-halkasi","status":"publish","type":"product","link":"https:\/\/antcube.shop\/tr\/urun\/32mm-boru-icin-boru-baglanti-halkasi\/","title":{"rendered":"32mm boru i\u00e7in boru ba\u011flant\u0131 halkas\u0131"},"content":{"rendered":"<p><strong>Miktar:<\/strong> 1 adet<\/p>\n<p><strong>Boyutlar:<\/strong> 32mm (i\u00e7 \u00e7ap), 40x10mm (d\u0131\u015f boyutlar)<\/p>\n<p><strong>Renk:<\/strong> \u015feffaf<\/p>\n<p><strong>Malzeme:<\/strong> akrilik<\/p>\n<p><strong>A\u00e7\u0131klama:<\/strong><br \/>\nAkrilik borular\u0131 ba\u011flamak i\u00e7in \u015feffaf akrilikten yap\u0131lm\u0131\u015f boru ba\u011flant\u0131 halkas\u0131.<\/p>\n<p><strong>Uygulama:<\/strong><br \/>\n\u00c7ap\u0131 32 mm olan akrilik borular\u0131 ba\u011flamak i\u00e7in.<\/p>\n<p><strong>Dikkat edin:<\/strong><br \/>\nBorular\u0131 monte ederken l\u00fctfen a\u015fa\u011f\u0131dakilere dikkat edin:<br \/>\nBorunun ba\u011flant\u0131 soketine oturtulmas\u0131 \u00e7ok zorsa, s\u0131zd\u0131rmazl\u0131k halkas\u0131 bir damla kopma koruma ya\u011f\u0131 veya tozu ile hafif\u00e7e ovulmal\u0131d\u0131r. Daha sonra boru, yukar\u0131 ve a\u015fa\u011f\u0131 hareketlerle burca y\u00fcklenmeden, b\u00fckme veya vidalama hareketleriyle burcun \u00fczerine itilmelidir. Akrili\u011fin malzeme \u00f6zellikleri nedeniyle, bas\u0131n\u00e7 ve kald\u0131ra\u00e7tan her ne pahas\u0131na olursa olsun ka\u00e7\u0131n\u0131lmal\u0131d\u0131r.<\/p>\n<p>&nbsp;<\/p>","protected":false},"excerpt":{"rendered":"<p>Miktar 1 adet Boyutlar: 50mm (i\u00e7 \u00e7ap), 60x10mm (d\u0131\u015f boyutlar) Renk: \u015feffaf Malzeme: akrilik A\u00e7\u0131klama: Akrilik borular\u0131 ba\u011flamak i\u00e7in \u015feffaf akrilikten yap\u0131lm\u0131\u015f boru ba\u011flant\u0131 halkas\u0131. Uygulama: \u00c7ap\u0131 50mm olan akrilik borular\u0131 ba\u011flamak i\u00e7in. Uyar\u0131: Borular\u0131 monte ederken l\u00fctfen a\u015fa\u011f\u0131dakilere dikkat edin: Borunun ba\u011flant\u0131 soketine oturmas\u0131 \u00e7ok zorsa, [...]","protected":false},"featured_media":4890,"comment_status":"open","ping_status":"closed","template":"","meta":{"_acf_changed":false,"content-type":"","_monsterinsights_skip_tracking":false,"_monsterinsights_sitenote_active":false,"_monsterinsights_sitenote_note":"","_monsterinsights_sitenote_category":0},"product_brand":[],"product_cat":[345],"product_tag":[],"class_list":{"0":"post-4736","1":"product","2":"type-product","3":"status-publish","4":"has-post-thumbnail","6":"product_cat-pipe-connectors","8":"first","9":"instock","10":"taxable","11":"shipping-taxable","12":"purchasable","13":"product-type-simple"},"acf":[],"aioseo_notices":[],"jetpack_sharing_enabled":true,"_links":{"self":[{"href":"https:\/\/antcube.shop\/tr\/wp-json\/wp\/v2\/product\/4736","targetHints":{"allow":["GET"]}}],"collection":[{"href":"https:\/\/antcube.shop\/tr\/wp-json\/wp\/v2\/product"}],"about":[{"href":"https:\/\/antcube.shop\/tr\/wp-json\/wp\/v2\/types\/product"}],"replies":[{"embeddable":true,"href":"https:\/\/antcube.shop\/tr\/wp-json\/wp\/v2\/comments?post=4736"}],"wp:featuredmedia":[{"embeddable":true,"href":"https:\/\/antcube.shop\/tr\/wp-json\/wp\/v2\/media\/4890"}],"wp:attachment":[{"href":"https:\/\/antcube.shop\/tr\/wp-json\/wp\/v2\/media?parent=4736"}],"wp:term":[{"taxonomy":"product_brand","embeddable":true,"href":"https:\/\/antcube.shop\/tr\/wp-json\/wp\/v2\/product_brand?post=4736"},{"taxonomy":"product_cat","embeddable":true,"href":"https:\/\/antcube.shop\/tr\/wp-json\/wp\/v2\/product_cat?post=4736"},{"taxonomy":"product_tag","embeddable":true,"href":"https:\/\/antcube.shop\/tr\/wp-json\/wp\/v2\/product_tag?post=4736"}],"curies":[{"name":"wp","href":"https:\/\/api.w.org\/{rel}","templated":true}]}}