{"id":4731,"date":"2022-11-14T15:03:56","date_gmt":"2022-11-14T14:03:56","guid":{"rendered":"https:\/\/antcube.shop\/produkt\/rohrverbinder-glasklar-fur-32mm-i\/"},"modified":"2026-04-16T19:23:42","modified_gmt":"2026-04-16T17:23:42","slug":"32mm-i-icin-kristal-berrakliginda-tup-konektoru","status":"publish","type":"product","link":"https:\/\/antcube.shop\/tr\/urun\/32mm-i-icin-kristal-berrakliginda-tup-konektoru\/","title":{"rendered":"32mm i\u00e7in kristal berrakl\u0131\u011f\u0131nda t\u00fcp konekt\u00f6r\u00fc - I"},"content":{"rendered":"<p><strong>Boyutlar (LxWxH):<\/strong> 4,7\u00d74,0x4,0cm<br \/>\n<strong>\u0130\u00e7 \u00e7ap:<\/strong> 32mm<\/p>\n<p><strong>Malzeme:<\/strong> Akrilik<\/p>\n<p><strong>Renk:<\/strong> Renksiz \/ \u015eeffaf \/ Net<\/p>\n<p><strong>\u0130\u00e7erik:<\/strong> 1 adet.<\/p>\n<p><strong>Teknik \u00f6zellikler:<\/strong><br \/>\nBoru ba\u011flant\u0131 formu I 32mm boru i\u00e7in akrilik \u00e7ap 40mm.<\/p>\n<p><strong>A\u00e7\u0131klama:<\/strong><br \/>\nAkrilik borular\u0131 ba\u011flamak i\u00e7in \u015feffaf akrilikten yap\u0131lm\u0131\u015f boru konekt\u00f6r\u00fc.<\/p>\n<p><strong>Dikkat edin:<\/strong><br \/>\nBorular\u0131 monte ederken l\u00fctfen a\u015fa\u011f\u0131dakilere dikkat edin:<br \/>\nAkrili\u011fin malzeme \u00f6zellikleri nedeniyle, her ne pahas\u0131na olursa olsun bas\u0131n\u00e7 ve kald\u0131ra\u00e7tan ka\u00e7\u0131n\u0131lmal\u0131d\u0131r. Ba\u011flamak zorsa l\u00fctfen dikkatli b\u00fckme hareketleriyle ba\u011flay\u0131n ve gerekirse biraz k\u0131r\u0131lma \u00f6nleyici ya\u011f s\u00fcr\u00fcn.<\/p>","protected":false},"excerpt":{"rendered":"<p>Boyutlar (UxGxY): 6,0\u00d74,0\u00d76,0cm \u0130\u00e7 \u00e7ap: 32mm Malzeme: Akrilik Renk: Renksiz \/ \u015eeffaf \/ Net \u0130\u00e7erik: 1 adet Teknik \u00f6zellikler: Boru ba\u011flant\u0131 \u015fekli L akrilik \u00e7ap 32mm boru i\u00e7in 40mm. A\u00e7\u0131klama: Akrilik borular\u0131 ba\u011flamak i\u00e7in \u015feffaf akrilikten yap\u0131lm\u0131\u015f boru konekt\u00f6r\u00fc. Uyar\u0131: Borular\u0131 monte ederken l\u00fctfen a\u015fa\u011f\u0131dakilere dikkat edin: Akrili\u011fin malzeme \u00f6zellikleri nedeniyle, bas\u0131n\u00e7 ve kald\u0131ra\u00e7 [...]","protected":false},"featured_media":4903,"comment_status":"open","ping_status":"closed","template":"","meta":{"_acf_changed":false,"content-type":"","_monsterinsights_skip_tracking":false,"_monsterinsights_sitenote_active":false,"_monsterinsights_sitenote_note":"","_monsterinsights_sitenote_category":0},"product_brand":[],"product_cat":[345],"product_tag":[],"class_list":{"0":"post-4731","1":"product","2":"type-product","3":"status-publish","4":"has-post-thumbnail","6":"product_cat-pipe-connectors","8":"first","9":"instock","10":"taxable","11":"shipping-taxable","12":"purchasable","13":"product-type-simple"},"acf":[],"aioseo_notices":[],"jetpack_sharing_enabled":true,"_links":{"self":[{"href":"https:\/\/antcube.shop\/tr\/wp-json\/wp\/v2\/product\/4731","targetHints":{"allow":["GET"]}}],"collection":[{"href":"https:\/\/antcube.shop\/tr\/wp-json\/wp\/v2\/product"}],"about":[{"href":"https:\/\/antcube.shop\/tr\/wp-json\/wp\/v2\/types\/product"}],"replies":[{"embeddable":true,"href":"https:\/\/antcube.shop\/tr\/wp-json\/wp\/v2\/comments?post=4731"}],"wp:featuredmedia":[{"embeddable":true,"href":"https:\/\/antcube.shop\/tr\/wp-json\/wp\/v2\/media\/4903"}],"wp:attachment":[{"href":"https:\/\/antcube.shop\/tr\/wp-json\/wp\/v2\/media?parent=4731"}],"wp:term":[{"taxonomy":"product_brand","embeddable":true,"href":"https:\/\/antcube.shop\/tr\/wp-json\/wp\/v2\/product_brand?post=4731"},{"taxonomy":"product_cat","embeddable":true,"href":"https:\/\/antcube.shop\/tr\/wp-json\/wp\/v2\/product_cat?post=4731"},{"taxonomy":"product_tag","embeddable":true,"href":"https:\/\/antcube.shop\/tr\/wp-json\/wp\/v2\/product_tag?post=4731"}],"curies":[{"name":"wp","href":"https:\/\/api.w.org\/{rel}","templated":true}]}}