{"id":4730,"date":"2022-11-14T15:03:40","date_gmt":"2022-11-14T14:03:40","guid":{"rendered":"https:\/\/antcube.shop\/produkt\/acrylglas-xt-rohr-32-28mm-1m\/"},"modified":"2026-04-02T18:12:23","modified_gmt":"2026-04-02T16:12:23","slug":"acrylglas-xt-rohr-32-28mm-1m","status":"publish","type":"product","link":"https:\/\/antcube.shop\/tr\/urun\/acrylglas-xt-rohr-32-28mm-1m\/","title":{"rendered":"Kar\u0131nca borusu - kristal berrakl\u0131\u011f\u0131nda - 32mm - 1m"},"content":{"rendered":"<p><strong>Boyutlar:<\/strong> d\u0131\u015f \u00e7ap 32 mm x 1m uzunlu\u011funda <span data-text-color=\"alert\"><strong>(2x50cm)<\/strong><\/span><\/p>\n<p><strong>Malzeme:<\/strong> akri\u0307li\u0307k cam<\/p>\n<p><strong>Renk:<\/strong> \u015feffaf, a\u00e7\u0131k<\/p>\n<p><strong>A\u00e7\u0131klama:<\/strong> Adapt\u00f6rler arac\u0131l\u0131\u011f\u0131yla formikaryuma ba\u011flanabilir veya birka\u00e7 formikaryumu birbirine ba\u011flayabilir.<\/p>","protected":false},"excerpt":{"rendered":"<p>Boyutlar: d\u0131\u015f \u00e7ap 20 mm, uzunluk 1m (2x50 cm) Malzeme: akrilik cam Renk: \u015feffaf, berrak A\u00e7\u0131klama: Adapt\u00f6rler arac\u0131l\u0131\u011f\u0131yla formikaryuma ba\u011flanabilir veya birka\u00e7 formikaryumu birbirine ba\u011flayabilir.<\/p>","protected":false},"featured_media":4763,"comment_status":"open","ping_status":"closed","template":"","meta":{"_acf_changed":false,"content-type":"","_monsterinsights_skip_tracking":false,"_monsterinsights_sitenote_active":false,"_monsterinsights_sitenote_note":"","_monsterinsights_sitenote_category":0},"product_brand":[],"product_cat":[120],"product_tag":[],"class_list":{"0":"post-4730","1":"product","2":"type-product","3":"status-publish","4":"has-post-thumbnail","6":"product_cat-hoses","8":"first","9":"outofstock","10":"taxable","11":"shipping-taxable","12":"purchasable","13":"product-type-simple"},"acf":[],"aioseo_notices":[],"jetpack_sharing_enabled":true,"_links":{"self":[{"href":"https:\/\/antcube.shop\/tr\/wp-json\/wp\/v2\/product\/4730","targetHints":{"allow":["GET"]}}],"collection":[{"href":"https:\/\/antcube.shop\/tr\/wp-json\/wp\/v2\/product"}],"about":[{"href":"https:\/\/antcube.shop\/tr\/wp-json\/wp\/v2\/types\/product"}],"replies":[{"embeddable":true,"href":"https:\/\/antcube.shop\/tr\/wp-json\/wp\/v2\/comments?post=4730"}],"wp:featuredmedia":[{"embeddable":true,"href":"https:\/\/antcube.shop\/tr\/wp-json\/wp\/v2\/media\/4763"}],"wp:attachment":[{"href":"https:\/\/antcube.shop\/tr\/wp-json\/wp\/v2\/media?parent=4730"}],"wp:term":[{"taxonomy":"product_brand","embeddable":true,"href":"https:\/\/antcube.shop\/tr\/wp-json\/wp\/v2\/product_brand?post=4730"},{"taxonomy":"product_cat","embeddable":true,"href":"https:\/\/antcube.shop\/tr\/wp-json\/wp\/v2\/product_cat?post=4730"},{"taxonomy":"product_tag","embeddable":true,"href":"https:\/\/antcube.shop\/tr\/wp-json\/wp\/v2\/product_tag?post=4730"}],"curies":[{"name":"wp","href":"https:\/\/api.w.org\/{rel}","templated":true}]}}