{"id":4729,"date":"2022-11-14T15:03:24","date_gmt":"2022-11-14T14:03:24","guid":{"rendered":"https:\/\/antcube.shop\/produkt\/becken-rohrverbinder-3-4-zu-32mm-gerade-transparent\/"},"modified":"2026-01-12T12:36:45","modified_gmt":"2026-01-12T11:36:45","slug":"lavabo-boru-baglantisi-3-4-to-32mm-duz-seffaf","status":"publish","type":"product","link":"https:\/\/antcube.shop\/tr\/urun\/lavabo-boru-baglantisi-3-4-to-32mm-duz-seffaf\/","title":{"rendered":"Lavabo boru ba\u011flant\u0131s\u0131 3\/4\u2033 ila 32mm - d\u00fcz - \u015feffaf"},"content":{"rendered":"<p><strong>Boyutlar:<\/strong> 75x40x40mm<\/p>\n<p><strong>Miktar:<\/strong> 1 adet<\/p>\n<p><strong>Renk:<\/strong> \u015feffaf<\/p>\n<p><strong>Malzeme:<\/strong> plastik<\/p>\n<p><strong>A\u00e7\u0131klama:<\/strong> Bu 3\/4\" lavabo borusu konekt\u00f6r\u00fc, 27 mm'lik bir deli\u011fe ve 32 mm'lik bir boru d\u0131\u015f \u00e7ap\u0131na uyar.<\/p>","protected":false},"excerpt":{"rendered":"<p>Boyutlar: 75x40x40mm Miktar: 1 adet Renk: \u015feffaf Malzeme: plastik A\u00e7\u0131klama: Bu lavabo borusu konekt\u00f6r\u00fc 3\/4 \u2033, 27 mm'lik bir deli\u011fe ve 32 mm'lik bir boru d\u0131\u015f \u00e7ap\u0131na uyar.<\/p>","protected":false},"featured_media":4905,"comment_status":"open","ping_status":"closed","template":"","meta":{"_acf_changed":false,"content-type":"","_monsterinsights_skip_tracking":false,"_monsterinsights_sitenote_active":false,"_monsterinsights_sitenote_note":"","_monsterinsights_sitenote_category":0},"product_brand":[],"product_cat":[345],"product_tag":[],"class_list":{"0":"post-4729","1":"product","2":"type-product","3":"status-publish","4":"has-post-thumbnail","6":"product_cat-pipe-connectors","8":"first","9":"instock","10":"taxable","11":"shipping-taxable","12":"purchasable","13":"product-type-simple"},"acf":[],"aioseo_notices":[],"jetpack_sharing_enabled":true,"_links":{"self":[{"href":"https:\/\/antcube.shop\/tr\/wp-json\/wp\/v2\/product\/4729","targetHints":{"allow":["GET"]}}],"collection":[{"href":"https:\/\/antcube.shop\/tr\/wp-json\/wp\/v2\/product"}],"about":[{"href":"https:\/\/antcube.shop\/tr\/wp-json\/wp\/v2\/types\/product"}],"replies":[{"embeddable":true,"href":"https:\/\/antcube.shop\/tr\/wp-json\/wp\/v2\/comments?post=4729"}],"wp:featuredmedia":[{"embeddable":true,"href":"https:\/\/antcube.shop\/tr\/wp-json\/wp\/v2\/media\/4905"}],"wp:attachment":[{"href":"https:\/\/antcube.shop\/tr\/wp-json\/wp\/v2\/media?parent=4729"}],"wp:term":[{"taxonomy":"product_brand","embeddable":true,"href":"https:\/\/antcube.shop\/tr\/wp-json\/wp\/v2\/product_brand?post=4729"},{"taxonomy":"product_cat","embeddable":true,"href":"https:\/\/antcube.shop\/tr\/wp-json\/wp\/v2\/product_cat?post=4729"},{"taxonomy":"product_tag","embeddable":true,"href":"https:\/\/antcube.shop\/tr\/wp-json\/wp\/v2\/product_tag?post=4729"}],"curies":[{"name":"wp","href":"https:\/\/api.w.org\/{rel}","templated":true}]}}