{"id":4728,"date":"2022-11-14T15:03:09","date_gmt":"2022-11-14T14:03:09","guid":{"rendered":"https:\/\/antcube.shop\/produkt\/klemmhalter-federstahl-fur-32mm\/"},"modified":"2026-03-30T10:29:19","modified_gmt":"2026-03-30T08:29:19","slug":"klemmhalter-federstahl-kurk-32mm","status":"publish","type":"product","link":"https:\/\/antcube.shop\/tr\/urun\/klemmhalter-federstahl-kurk-32mm\/","title":{"rendered":"Kelep\u00e7e tutucu - 32 mm i\u00e7in yay \u00e7eli\u011fi"},"content":{"rendered":"<p><strong>Boyutlar:<\/strong> 3,2\u00d71,1\u00d73,8 cm<\/p>\n<p><strong>Malzeme:<\/strong> yay \u00e7eli\u011fi<\/p>\n<p><strong>Renk:<\/strong> \u00e7elik grisi<\/p>\n<p><strong>\u0130\u00e7erik:<\/strong> 1 adet<\/p>\n<p><strong>A\u00e7\u0131klama:<\/strong><br \/>\nT\u00fcpler ve hortumlar i\u00e7in vidal\u0131 kelep\u00e7e tutucu. 50 mm t\u00fcpler\/hortumlar i\u00e7in uygundur. Vida deli\u011fi 3,5 mm \u00e7ap\u0131ndad\u0131r.<br \/>\n(Vidalar dahil de\u011fildir)<\/p>","protected":false},"excerpt":{"rendered":"<p><span style=\"color: #000000;\">\u00d8 32 mm<\/span><\/p>","protected":false},"featured_media":4908,"comment_status":"open","ping_status":"closed","template":"","meta":{"_acf_changed":false,"content-type":"","_monsterinsights_skip_tracking":false,"_monsterinsights_sitenote_active":false,"_monsterinsights_sitenote_note":"","_monsterinsights_sitenote_category":0},"product_brand":[],"product_cat":[120],"product_tag":[],"class_list":{"0":"post-4728","1":"product","2":"type-product","3":"status-publish","4":"has-post-thumbnail","6":"product_cat-hoses","8":"first","9":"instock","10":"taxable","11":"shipping-taxable","12":"purchasable","13":"product-type-simple"},"acf":[],"aioseo_notices":[],"jetpack_sharing_enabled":true,"_links":{"self":[{"href":"https:\/\/antcube.shop\/tr\/wp-json\/wp\/v2\/product\/4728","targetHints":{"allow":["GET"]}}],"collection":[{"href":"https:\/\/antcube.shop\/tr\/wp-json\/wp\/v2\/product"}],"about":[{"href":"https:\/\/antcube.shop\/tr\/wp-json\/wp\/v2\/types\/product"}],"replies":[{"embeddable":true,"href":"https:\/\/antcube.shop\/tr\/wp-json\/wp\/v2\/comments?post=4728"}],"wp:featuredmedia":[{"embeddable":true,"href":"https:\/\/antcube.shop\/tr\/wp-json\/wp\/v2\/media\/4908"}],"wp:attachment":[{"href":"https:\/\/antcube.shop\/tr\/wp-json\/wp\/v2\/media?parent=4728"}],"wp:term":[{"taxonomy":"product_brand","embeddable":true,"href":"https:\/\/antcube.shop\/tr\/wp-json\/wp\/v2\/product_brand?post=4728"},{"taxonomy":"product_cat","embeddable":true,"href":"https:\/\/antcube.shop\/tr\/wp-json\/wp\/v2\/product_cat?post=4728"},{"taxonomy":"product_tag","embeddable":true,"href":"https:\/\/antcube.shop\/tr\/wp-json\/wp\/v2\/product_tag?post=4728"}],"curies":[{"name":"wp","href":"https:\/\/api.w.org\/{rel}","templated":true}]}}