{"id":4720,"date":"2022-11-14T15:01:00","date_gmt":"2022-11-14T14:01:00","guid":{"rendered":"https:\/\/antcube.shop\/produkt\/formicarium-schraubbuchse-fur-50mm-bohrung-transparent\/"},"modified":"2025-10-19T12:40:25","modified_gmt":"2025-10-19T10:40:25","slug":"formicarium-vida-bush-for-50mm-delik-seffaf","status":"publish","type":"product","link":"https:\/\/antcube.shop\/tr\/urun\/formicarium-vida-bush-for-50mm-delik-seffaf\/","title":{"rendered":"50mm delik i\u00e7in formikaryum vidal\u0131 bur\u00e7 - \u015feffaf"},"content":{"rendered":"<p><strong>\u0130\u00e7erik:<\/strong> 1 adet.<\/p>\n<p><strong>Boyutlar:<\/strong> 68 x 68 x 46 mm (49 mm soket)<\/p>\n<p><strong>Malzeme:<\/strong> Plastik<\/p>\n<p><strong>Renk:<\/strong> \u015eeffaf<\/p>\n<p><strong>A\u00e7\u0131klama:<\/strong><br \/>\nBu \u00fcr\u00fcn bir pelvik t\u00fcp konekt\u00f6r\u00fcd\u00fcr.<br \/>\nE\u015fle\u015fen t\u00fcp konekt\u00f6rleri 50mm hakk\u0131nda, bu pelvik t\u00fcp konekt\u00f6r\u00fc ile daha fazla t\u00fcp 50mm veya daha fazla Formicarien ba\u011flayabilirsiniz.<br \/>\n\u0130ste\u011fe ba\u011fl\u0131 olarak 50 mm i\u00e7in s\u0131zd\u0131rmazl\u0131k halkas\u0131 \u00fczerinden 60 mm'lik bir t\u00fcp (60\/56 mm) ba\u011flamak da m\u00fcmk\u00fcnd\u00fcr.<br \/>\nYa da kapak olmas\u0131 durumunda ayd\u0131nlatma armat\u00fcrleri i\u00e7in uygun porselen prizler kullan\u0131labilir.<\/p>\n<p><strong>Dikkat edin:<\/strong><br \/>\nBu soketin \u00e7ap\u0131 50 mm yerine sadece 49 mm oldu\u011fundan, s\u0131k\u0131 bir ba\u011flant\u0131 i\u00e7in 50 mm \u00e7apa ula\u015fmak i\u00e7in s\u0131zd\u0131rmazl\u0131k halkalar\u0131na veya yap\u0131\u015fkan filmden kristal berrakl\u0131\u011f\u0131nda bir sarg\u0131ya ihtiyac\u0131n\u0131z vard\u0131r.<\/p>","protected":false},"excerpt":{"rendered":"<p>\u0130\u00e7erik: 1 adet. Boyutlar: 68 x 68 x 46 mm (49mm soket) Malzeme: Plastik Renk: \u015eeffaf A\u00e7\u0131klama: Bu \u00fcr\u00fcn bir pelvik t\u00fcp konekt\u00f6r\u00fcd\u00fcr. E\u015fle\u015fen t\u00fcp konekt\u00f6rleri 50mm hakk\u0131nda, bu pelvik t\u00fcp konekt\u00f6r\u00fc ile daha fazla t\u00fcp 50mm veya daha fazla Formicarien ba\u011flayabilirsiniz. \u0130ste\u011fe ba\u011fl\u0131 olarak 60 mm'lik bir t\u00fcp\u00fc (60\/56 mm) ba\u011flamak da m\u00fcmk\u00fcnd\u00fcr.","protected":false},"featured_media":4924,"comment_status":"open","ping_status":"closed","template":"","meta":{"_acf_changed":false,"content-type":"","_monsterinsights_skip_tracking":false,"_monsterinsights_sitenote_active":false,"_monsterinsights_sitenote_note":"","_monsterinsights_sitenote_category":0},"product_brand":[],"product_cat":[345],"product_tag":[],"class_list":{"0":"post-4720","1":"product","2":"type-product","3":"status-publish","4":"has-post-thumbnail","6":"product_cat-pipe-connectors","8":"first","9":"outofstock","10":"taxable","11":"shipping-taxable","12":"purchasable","13":"product-type-simple"},"acf":[],"aioseo_notices":[],"jetpack_sharing_enabled":true,"_links":{"self":[{"href":"https:\/\/antcube.shop\/tr\/wp-json\/wp\/v2\/product\/4720","targetHints":{"allow":["GET"]}}],"collection":[{"href":"https:\/\/antcube.shop\/tr\/wp-json\/wp\/v2\/product"}],"about":[{"href":"https:\/\/antcube.shop\/tr\/wp-json\/wp\/v2\/types\/product"}],"replies":[{"embeddable":true,"href":"https:\/\/antcube.shop\/tr\/wp-json\/wp\/v2\/comments?post=4720"}],"wp:featuredmedia":[{"embeddable":true,"href":"https:\/\/antcube.shop\/tr\/wp-json\/wp\/v2\/media\/4924"}],"wp:attachment":[{"href":"https:\/\/antcube.shop\/tr\/wp-json\/wp\/v2\/media?parent=4720"}],"wp:term":[{"taxonomy":"product_brand","embeddable":true,"href":"https:\/\/antcube.shop\/tr\/wp-json\/wp\/v2\/product_brand?post=4720"},{"taxonomy":"product_cat","embeddable":true,"href":"https:\/\/antcube.shop\/tr\/wp-json\/wp\/v2\/product_cat?post=4720"},{"taxonomy":"product_tag","embeddable":true,"href":"https:\/\/antcube.shop\/tr\/wp-json\/wp\/v2\/product_tag?post=4720"}],"curies":[{"name":"wp","href":"https:\/\/api.w.org\/{rel}","templated":true}]}}