{"id":4716,"date":"2022-11-14T14:59:57","date_gmt":"2022-11-14T13:59:57","guid":{"rendered":"https:\/\/antcube.shop\/produkt\/gittereinsatz-acryl-50-mm-klar-fein\/"},"modified":"2026-04-13T10:49:01","modified_gmt":"2026-04-13T08:49:01","slug":"izgara-akrilik-50-mm-seffaf-ince","status":"publish","type":"product","link":"https:\/\/antcube.shop\/tr\/urun\/izgara-akrilik-50-mm-seffaf-ince\/","title":{"rendered":"Izgara eki akrilik 50 mm - \u015feffaf - ince"},"content":{"rendered":"<p><strong>Miktar:<\/strong> 1 adet<\/p>\n<p><strong>Boyutlar:<\/strong> 60x10mm<\/p>\n<p><strong>Renk:<\/strong> temiz<\/p>\n<p><strong>Malzeme:<\/strong> plastik, paslanmaz \u00e7elik<\/p>\n<p><strong>A\u00e7\u0131klama:<\/strong> 50mm \u00e7apl\u0131 a\u00e7\u0131kl\u0131klar\u0131 kapatmak i\u00e7in 50mm ge\u00e7me \u00e7apl\u0131 havaland\u0131rma \u0131zgaras\u0131. Maddeyi i\u00e7erir: \"Izgara ek par\u00e7as\u0131 akrilik 50 mm - \u015feffaf\" \u00e7ok ince, \u00e7ok sa\u011flam bir paslanmaz \u00e7elik \u0131zgara (0,2-0,3 mm) ile birlikte, k\u00fc\u00e7\u00fck kar\u0131ncalar\u0131n bile \u0131zgara ek par\u00e7as\u0131n\u0131n geni\u015f havaland\u0131rma yuvalar\u0131ndan \u00e7\u0131kmas\u0131n\u0131 \u00f6nler. Yaprak kesen kar\u0131ncalar gibi \u00e7ok g\u00fc\u00e7l\u00fc \u0131s\u0131ran t\u00fcrler i\u00e7in de uygundur!<\/p>","protected":false},"excerpt":{"rendered":"<p>50mm \u00e7apl\u0131 delikler\/a\u00e7\u0131kl\u0131klar i\u00e7in.<\/p>","protected":false},"featured_media":4809,"comment_status":"open","ping_status":"closed","template":"","meta":{"_acf_changed":false,"content-type":"","_monsterinsights_skip_tracking":false,"_monsterinsights_sitenote_active":false,"_monsterinsights_sitenote_note":"","_monsterinsights_sitenote_category":0},"product_brand":[],"product_cat":[238],"product_tag":[],"class_list":{"0":"post-4716","1":"product","2":"type-product","3":"status-publish","4":"has-post-thumbnail","6":"product_cat-grid-caps-plugs-and-inserts","8":"first","9":"instock","10":"taxable","11":"shipping-taxable","12":"purchasable","13":"product-type-simple"},"acf":[],"aioseo_notices":[],"jetpack_sharing_enabled":true,"_links":{"self":[{"href":"https:\/\/antcube.shop\/tr\/wp-json\/wp\/v2\/product\/4716","targetHints":{"allow":["GET"]}}],"collection":[{"href":"https:\/\/antcube.shop\/tr\/wp-json\/wp\/v2\/product"}],"about":[{"href":"https:\/\/antcube.shop\/tr\/wp-json\/wp\/v2\/types\/product"}],"replies":[{"embeddable":true,"href":"https:\/\/antcube.shop\/tr\/wp-json\/wp\/v2\/comments?post=4716"}],"wp:featuredmedia":[{"embeddable":true,"href":"https:\/\/antcube.shop\/tr\/wp-json\/wp\/v2\/media\/4809"}],"wp:attachment":[{"href":"https:\/\/antcube.shop\/tr\/wp-json\/wp\/v2\/media?parent=4716"}],"wp:term":[{"taxonomy":"product_brand","embeddable":true,"href":"https:\/\/antcube.shop\/tr\/wp-json\/wp\/v2\/product_brand?post=4716"},{"taxonomy":"product_cat","embeddable":true,"href":"https:\/\/antcube.shop\/tr\/wp-json\/wp\/v2\/product_cat?post=4716"},{"taxonomy":"product_tag","embeddable":true,"href":"https:\/\/antcube.shop\/tr\/wp-json\/wp\/v2\/product_tag?post=4716"}],"curies":[{"name":"wp","href":"https:\/\/api.w.org\/{rel}","templated":true}]}}