{"id":4715,"date":"2022-11-14T14:59:42","date_gmt":"2022-11-14T13:59:42","guid":{"rendered":"https:\/\/antcube.shop\/produkt\/nadelstreu-klein-20g\/"},"modified":"2026-04-28T16:08:07","modified_gmt":"2026-04-28T14:08:07","slug":"igne-kumu-kucuk-20g","status":"publish","type":"product","link":"https:\/\/antcube.shop\/tr\/urun\/igne-kumu-kucuk-20g\/","title":{"rendered":"\u0130\u011fne kumu - k\u00fc\u00e7\u00fck - 20g"},"content":{"rendered":"<p><strong>Boyutlar (uzunluk):<\/strong> 7-12 mm<\/p>\n<p><strong>Malzeme:<\/strong> Kara\u00e7am i\u011fneleri. Do\u011fal \u00fcr\u00fcn<\/p>\n<p><strong>Renk:<\/strong> Bej, koyu kahverengi, ye\u015fil<\/p>\n<p><strong>A\u00e7\u0131klama:<\/strong> Dekorasyon ama\u00e7l\u0131 kurutulmu\u015f i\u011fneler.<\/p>\n<p><strong>Not:<\/strong> \u0130\u011fnelerin kuruma derecesine ba\u011fl\u0131 olarak ye\u015fil, bej veya kahverengiden koyu kahverengiye kadar bir renge sahip olabilirler. \u0130\u011fneler kurumaya ve zamanla renk kaybetmeye devam edecek ve en ge\u00e7 kahverengi bir tona ula\u015facakt\u0131r.<\/p>","protected":false},"excerpt":{"rendered":"<p><strong>Uzunlu\u011fu: <\/strong>7 -12 mm<\/p>","protected":false},"featured_media":4942,"comment_status":"open","ping_status":"closed","template":"","meta":{"_acf_changed":false,"content-type":"","_monsterinsights_skip_tracking":false,"_monsterinsights_sitenote_active":false,"_monsterinsights_sitenote_note":"","_monsterinsights_sitenote_category":0},"product_brand":[],"product_cat":[95,98,101],"product_tag":[],"class_list":{"0":"post-4715","1":"product","2":"type-product","3":"status-publish","4":"has-post-thumbnail","6":"product_cat-accessories-for-ants","7":"product_cat-decoration","8":"product_cat-forest","10":"first","11":"instock","12":"taxable","13":"shipping-taxable","14":"purchasable","15":"product-type-simple"},"acf":[],"aioseo_notices":[],"jetpack_sharing_enabled":true,"_links":{"self":[{"href":"https:\/\/antcube.shop\/tr\/wp-json\/wp\/v2\/product\/4715","targetHints":{"allow":["GET"]}}],"collection":[{"href":"https:\/\/antcube.shop\/tr\/wp-json\/wp\/v2\/product"}],"about":[{"href":"https:\/\/antcube.shop\/tr\/wp-json\/wp\/v2\/types\/product"}],"replies":[{"embeddable":true,"href":"https:\/\/antcube.shop\/tr\/wp-json\/wp\/v2\/comments?post=4715"}],"wp:featuredmedia":[{"embeddable":true,"href":"https:\/\/antcube.shop\/tr\/wp-json\/wp\/v2\/media\/4942"}],"wp:attachment":[{"href":"https:\/\/antcube.shop\/tr\/wp-json\/wp\/v2\/media?parent=4715"}],"wp:term":[{"taxonomy":"product_brand","embeddable":true,"href":"https:\/\/antcube.shop\/tr\/wp-json\/wp\/v2\/product_brand?post=4715"},{"taxonomy":"product_cat","embeddable":true,"href":"https:\/\/antcube.shop\/tr\/wp-json\/wp\/v2\/product_cat?post=4715"},{"taxonomy":"product_tag","embeddable":true,"href":"https:\/\/antcube.shop\/tr\/wp-json\/wp\/v2\/product_tag?post=4715"}],"curies":[{"name":"wp","href":"https:\/\/api.w.org\/{rel}","templated":true}]}}