{"id":4714,"date":"2022-11-14T14:59:26","date_gmt":"2022-11-14T13:59:26","guid":{"rendered":"https:\/\/antcube.shop\/produkt\/fichtennadeln-100g\/"},"modified":"2026-04-01T13:27:54","modified_gmt":"2026-04-01T11:27:54","slug":"ladin-igneleri-100g","status":"publish","type":"product","link":"https:\/\/antcube.shop\/tr\/urun\/ladin-igneleri-100g\/","title":{"rendered":"Ladin i\u011fneleri 100g"},"content":{"rendered":"<p><strong>Uzunluk:<\/strong> 2cm<\/p>\n<p><strong>A\u00e7\u0131klama:<\/strong> i\u011fneler temizlenmi\u015f ve zararl\u0131 maddelerden ar\u0131nd\u0131r\u0131lm\u0131\u015ft\u0131r, bu nedenle dekorasyon i\u00e7in hemen kullan\u0131labilirler.<\/p>\n<p><strong>Not:<\/strong> \u0130\u011fneler kuruma derecesine ba\u011fl\u0131 olarak ye\u015fil, bej veya kahverengiden koyu kahverengiye kadar de\u011fi\u015fen bir renge sahip olabilir. \u0130\u011fneler zaman i\u00e7inde kurumaya ve renk kaybetmeye devam edecek ve en ge\u00e7 kahverengi bir tona ula\u015facakt\u0131r.<\/p>","protected":false},"excerpt":{"rendered":"<p>uzunluk: 2cm<\/p>","protected":false},"featured_media":4947,"comment_status":"open","ping_status":"closed","template":"","meta":{"_acf_changed":false,"content-type":"","_monsterinsights_skip_tracking":false,"_monsterinsights_sitenote_active":false,"_monsterinsights_sitenote_note":"","_monsterinsights_sitenote_category":0},"product_brand":[],"product_cat":[95,98,101],"product_tag":[],"class_list":{"0":"post-4714","1":"product","2":"type-product","3":"status-publish","4":"has-post-thumbnail","6":"product_cat-accessories-for-ants","7":"product_cat-decoration","8":"product_cat-forest","10":"first","11":"instock","12":"taxable","13":"shipping-taxable","14":"purchasable","15":"product-type-simple"},"acf":[],"aioseo_notices":[],"jetpack_sharing_enabled":true,"_links":{"self":[{"href":"https:\/\/antcube.shop\/tr\/wp-json\/wp\/v2\/product\/4714","targetHints":{"allow":["GET"]}}],"collection":[{"href":"https:\/\/antcube.shop\/tr\/wp-json\/wp\/v2\/product"}],"about":[{"href":"https:\/\/antcube.shop\/tr\/wp-json\/wp\/v2\/types\/product"}],"replies":[{"embeddable":true,"href":"https:\/\/antcube.shop\/tr\/wp-json\/wp\/v2\/comments?post=4714"}],"wp:featuredmedia":[{"embeddable":true,"href":"https:\/\/antcube.shop\/tr\/wp-json\/wp\/v2\/media\/4947"}],"wp:attachment":[{"href":"https:\/\/antcube.shop\/tr\/wp-json\/wp\/v2\/media?parent=4714"}],"wp:term":[{"taxonomy":"product_brand","embeddable":true,"href":"https:\/\/antcube.shop\/tr\/wp-json\/wp\/v2\/product_brand?post=4714"},{"taxonomy":"product_cat","embeddable":true,"href":"https:\/\/antcube.shop\/tr\/wp-json\/wp\/v2\/product_cat?post=4714"},{"taxonomy":"product_tag","embeddable":true,"href":"https:\/\/antcube.shop\/tr\/wp-json\/wp\/v2\/product_tag?post=4714"}],"curies":[{"name":"wp","href":"https:\/\/api.w.org\/{rel}","templated":true}]}}