{"id":4712,"date":"2022-11-14T14:58:33","date_gmt":"2022-11-14T13:58:33","guid":{"rendered":"https:\/\/antcube.shop\/produkt\/humus-ziegel-brick-650g-ergibt-8-9l\/"},"modified":"2026-04-07T02:16:16","modified_gmt":"2026-04-07T00:16:16","slug":"humus-brick-650g-resulting-in-8-9l","status":"publish","type":"product","link":"https:\/\/antcube.shop\/tr\/urun\/humus-brick-650g-resulting-in-8-9l\/","title":{"rendered":"Humus tu\u011flas\u0131 650g - sonu\u00e7ta 8-9l"},"content":{"rendered":"<p><strong>\u0130\u00e7erik \/ hacim:<\/strong> 650g 8-10 litre yapar.<\/p>\n<p><strong>A\u00e7\u0131klama:<\/strong> Formicarium Humus, bir tu\u011fla halinde s\u0131k\u0131\u015ft\u0131r\u0131lm\u0131\u015f do\u011fal hindistan cevizi lifi humustan olu\u015fur. Su ile birle\u015ftirildi\u011finde, humus tu\u011flas\u0131 hacminin yakla\u015f\u0131k 8-10 kat\u0131na kadar \u015fi\u015fer. Bu oyulabilir formikaryum humusu tropikal b\u00f6lgelerdeki kar\u0131ncalar i\u00e7in m\u00fckemmeldir ve hem kuru hem de nemli olarak kullan\u0131labilir. Formicarium Humus saf do\u011fal bir \u00fcr\u00fcnd\u00fcr, herhangi bir kimyasal, pestisit ve g\u00fcbre i\u00e7ermedi\u011fi garanti edilir ve 100% kompostlanabilir.<\/p>\n<p>- 100% bitki bazl\u0131 yenilenebilir hammaddelerden \u00fcretilmi\u015ftir<br \/>\n- y\u00fcksek emicilik<br \/>\n- y\u00fcksek su depolama kapasitesi<\/p>\n<p><strong>Talimatlar:<\/strong> Tu\u011flay\u0131 bir kap i\u00e7inde 4-5 litre \u0131l\u0131k suda yakla\u015f\u0131k 20-30 dakika bekletin. Tu\u011fla hen\u00fcz tamamen \u00e7\u00f6z\u00fclmemi\u015fse, kalan\u0131n\u0131 elinizle par\u00e7alay\u0131n. Gerekirse humustaki fazla suyu s\u0131k\u0131n.<\/p>","protected":false},"excerpt":{"rendered":"<p>\u0130\u00e7erik \/ hacim: 650g 8-10 litre yapar. A\u00e7\u0131klama: Formicarium Humus, bir tu\u011fla halinde s\u0131k\u0131\u015ft\u0131r\u0131lm\u0131\u015f do\u011fal hindistan cevizi lifi humusundan olu\u015fur. Su ile birle\u015ftirildi\u011finde, humus tu\u011flas\u0131 hacminin yakla\u015f\u0131k 8-10 kat\u0131na kadar \u015fi\u015fer. Bu oyulabilir formikaryum humusu tropikal b\u00f6lgelerdeki kar\u0131ncalar i\u00e7in m\u00fckemmeldir ve hem kuru hem de kuru olarak kullan\u0131labilir.","protected":false},"featured_media":4811,"comment_status":"open","ping_status":"closed","template":"","meta":{"_acf_changed":false,"content-type":"","_monsterinsights_skip_tracking":false,"_monsterinsights_sitenote_active":false,"_monsterinsights_sitenote_note":"","_monsterinsights_sitenote_category":0},"product_brand":[],"product_cat":[96],"product_tag":[],"class_list":{"0":"post-4712","1":"product","2":"type-product","3":"status-publish","4":"has-post-thumbnail","6":"product_cat-soil","8":"first","9":"instock","10":"taxable","11":"shipping-taxable","12":"purchasable","13":"product-type-simple"},"acf":[],"aioseo_notices":[],"jetpack_sharing_enabled":true,"_links":{"self":[{"href":"https:\/\/antcube.shop\/tr\/wp-json\/wp\/v2\/product\/4712","targetHints":{"allow":["GET"]}}],"collection":[{"href":"https:\/\/antcube.shop\/tr\/wp-json\/wp\/v2\/product"}],"about":[{"href":"https:\/\/antcube.shop\/tr\/wp-json\/wp\/v2\/types\/product"}],"replies":[{"embeddable":true,"href":"https:\/\/antcube.shop\/tr\/wp-json\/wp\/v2\/comments?post=4712"}],"wp:featuredmedia":[{"embeddable":true,"href":"https:\/\/antcube.shop\/tr\/wp-json\/wp\/v2\/media\/4811"}],"wp:attachment":[{"href":"https:\/\/antcube.shop\/tr\/wp-json\/wp\/v2\/media?parent=4712"}],"wp:term":[{"taxonomy":"product_brand","embeddable":true,"href":"https:\/\/antcube.shop\/tr\/wp-json\/wp\/v2\/product_brand?post=4712"},{"taxonomy":"product_cat","embeddable":true,"href":"https:\/\/antcube.shop\/tr\/wp-json\/wp\/v2\/product_cat?post=4712"},{"taxonomy":"product_tag","embeddable":true,"href":"https:\/\/antcube.shop\/tr\/wp-json\/wp\/v2\/product_tag?post=4712"}],"curies":[{"name":"wp","href":"https:\/\/api.w.org\/{rel}","templated":true}]}}