{"id":4710,"date":"2022-11-14T14:58:00","date_gmt":"2022-11-14T13:58:00","guid":{"rendered":"https:\/\/antcube.shop\/produkt\/bodengrund-sand-lehm-weis-1000g\/"},"modified":"2026-04-15T09:42:23","modified_gmt":"2026-04-15T07:42:23","slug":"bodengrund-sand-lehm-weis-1000g","status":"publish","type":"product","link":"https:\/\/antcube.shop\/tr\/urun\/bodengrund-sand-lehm-weis-1000g\/","title":{"rendered":"Substrat - Kum-K\u00f6p\u00fck beyaz\u0131 - 1000g"},"content":{"rendered":"<p><strong>\u0130\u00e7erik:<\/strong> 1000g<\/p>\n<p><strong>Malzeme:<\/strong> kum, kire\u00e7, kire\u00e7 ba\u011flay\u0131c\u0131<\/p>\n<p><strong>Renk:<\/strong> beyaz<\/p>\n<p><strong>Kar\u0131\u015f\u0131m oran\u0131:<\/strong> diggable<\/p>\n<p><strong>A\u00e7\u0131klama:<\/strong> Bu haz\u0131r kum-kil kar\u0131\u015f\u0131m\u0131 tamamen do\u011fal bir \u00fcr\u00fcnd\u00fcr. Renklendirici beyaz kire\u00e7 kumundan gelir. Dayan\u0131kl\u0131l\u0131k, hayvanlar i\u00e7in zarars\u0131z olan ba\u011flay\u0131c\u0131 kire\u00e7 kar\u0131\u015f\u0131m\u0131ndan gelir.<\/p>\n<p><strong>Uygulama:<\/strong> Kazma topra\u011f\u0131, yuva ve arena alan\u0131 i\u00e7in kullan\u0131labilir! Nemli ko\u015fullarda da zemin topra\u011f\u0131 bej ile kar\u015f\u0131la\u015ft\u0131r\u0131ld\u0131\u011f\u0131nda daha y\u00fcksek bir mukavemete sahiptir.<\/p>\n<p><strong>Not:<\/strong> bu tamamen do\u011fal bi\u0307r \u00fcr\u00fcn oldu\u011fundan, renk ve yapida etki\u0307leyemeyece\u011fi\u0307mi\u0307z k\u00fc\u00e7\u00fck farkliliklar olabi\u0307li\u0307r.<\/p>\n<p><strong>\u00d6nemli:<\/strong> L\u00fctfen kullanmadan \u00f6nce alt tabakay\u0131 nemlendirin, b\u00f6ylece kar\u0131\u015f\u0131m kar\u0131nca \u00e7iftli\u011finde birle\u015febilir ve sa\u011flam bir tutu\u015f geli\u015ftirebilir. Ayr\u0131ca, \u00e7ok kuru ve tozlu alt tabaka kar\u0131ncalar\u0131n solunum yollar\u0131n\u0131n t\u0131kanmas\u0131na ve en k\u00f6t\u00fc durumda hayvanlar\u0131n bo\u011fulmas\u0131na neden olabilir.<\/p>","protected":false},"excerpt":{"rendered":"<p>Do\u011fal alt tabaka - kaz\u0131labilir<\/p>","protected":false},"featured_media":5725,"comment_status":"open","ping_status":"closed","template":"","meta":{"_acf_changed":false,"content-type":"","_monsterinsights_skip_tracking":false,"_monsterinsights_sitenote_active":false,"_monsterinsights_sitenote_note":"","_monsterinsights_sitenote_category":0},"product_brand":[],"product_cat":[95,96],"product_tag":[],"class_list":{"0":"post-4710","1":"product","2":"type-product","3":"status-publish","4":"has-post-thumbnail","6":"product_cat-accessories-for-ants","7":"product_cat-soil","9":"first","10":"instock","11":"taxable","12":"shipping-taxable","13":"purchasable","14":"product-type-simple"},"acf":[],"aioseo_notices":[],"jetpack_sharing_enabled":true,"_links":{"self":[{"href":"https:\/\/antcube.shop\/tr\/wp-json\/wp\/v2\/product\/4710","targetHints":{"allow":["GET"]}}],"collection":[{"href":"https:\/\/antcube.shop\/tr\/wp-json\/wp\/v2\/product"}],"about":[{"href":"https:\/\/antcube.shop\/tr\/wp-json\/wp\/v2\/types\/product"}],"replies":[{"embeddable":true,"href":"https:\/\/antcube.shop\/tr\/wp-json\/wp\/v2\/comments?post=4710"}],"wp:featuredmedia":[{"embeddable":true,"href":"https:\/\/antcube.shop\/tr\/wp-json\/wp\/v2\/media\/5725"}],"wp:attachment":[{"href":"https:\/\/antcube.shop\/tr\/wp-json\/wp\/v2\/media?parent=4710"}],"wp:term":[{"taxonomy":"product_brand","embeddable":true,"href":"https:\/\/antcube.shop\/tr\/wp-json\/wp\/v2\/product_brand?post=4710"},{"taxonomy":"product_cat","embeddable":true,"href":"https:\/\/antcube.shop\/tr\/wp-json\/wp\/v2\/product_cat?post=4710"},{"taxonomy":"product_tag","embeddable":true,"href":"https:\/\/antcube.shop\/tr\/wp-json\/wp\/v2\/product_tag?post=4710"}],"curies":[{"name":"wp","href":"https:\/\/api.w.org\/{rel}","templated":true}]}}