{"id":4702,"date":"2022-11-14T14:55:34","date_gmt":"2022-11-14T13:55:34","guid":{"rendered":"https:\/\/antcube.shop\/produkt\/antcube-ameisenarenaeinsatz-s-20x20\/"},"modified":"2025-10-18T22:49:11","modified_gmt":"2025-10-18T20:49:11","slug":"antcube-ant-arena-insert-s-20x20","status":"publish","type":"product","link":"https:\/\/antcube.shop\/tr\/urun\/antcube-ant-arena-insert-s-20x20\/","title":{"rendered":"ANTCUBE kar\u0131nca arenas\u0131 eki - S - 20\u00d720"},"content":{"rendered":"<p><strong>Boyutlar:<\/strong><br \/>\nd\u0131\u015f: 190 x 14 x 176mm<br \/>\ni\u00e7 k\u0131s\u0131m: 184 x 6 x 169 mm<\/p>\n<p><strong>Malzeme:<\/strong> d\u00fcz cam<\/p>\n<p><strong>Renk:<\/strong> \u015feffaf<\/p>\n<p><strong>\u0130\u00e7indekiler:<\/strong><br \/>\n1x kar\u0131nca arenas\u0131 eki<br \/>\n1x kapak<br \/>\n1x sabitleme noktas\u0131 2 adet.<\/p>\n<p><strong>A\u00e7\u0131klama:<\/strong><br \/>\nBu yuva par\u00e7as\u0131 bir ANTCUBE kar\u0131nca arenas\u0131n\u0131n i\u00e7ine yerle\u015ftirilebilir ve kazmaya uygun bir malzeme ile doldurulabilir (\u00f6rne\u011fin kum-kil kar\u0131\u015f\u0131m\u0131 veya Digfix). Buradaki \u00f6zellik, \u00f6rne\u011fin kar\u0131ncalarla birlikte k\u0131\u015f\u0131 ge\u00e7irmek i\u00e7in arenadan rahat\u00e7a \u00e7\u0131kar\u0131labilmesidir. Giri\u015f ve \u00e7\u0131k\u0131\u015f olarak ve havaland\u0131rma i\u00e7in alt alanda iki adet 10 mm'lik delik vard\u0131r. K\u0131\u015flama i\u00e7in bunlar 10 mm'lik tapalarla kapat\u0131labilir <strong>(bunlar dahil de\u011fildir)<\/strong>.<\/p>\n<p><strong>Not:<\/strong> Cam DIN 1249'a g\u00f6re +\/- 1 mm toleransla kesilmi\u015ftir. Son derece k\u00fc\u00e7\u00fck kar\u0131nca t\u00fcrleri i\u00e7in ek kopma korumas\u0131 gereklidir.<\/p>\n<p>&nbsp;<\/p>","protected":false},"excerpt":{"rendered":"<p>Boyut: <strong><span style=\"color: #ff9900;\">S<\/span><\/strong><\/p>","protected":false},"featured_media":4998,"comment_status":"open","ping_status":"closed","template":"","meta":{"_acf_changed":false,"content-type":"","_monsterinsights_skip_tracking":false,"_monsterinsights_sitenote_active":false,"_monsterinsights_sitenote_note":"","_monsterinsights_sitenote_category":0},"product_brand":[],"product_cat":[91,94],"product_tag":[],"class_list":{"0":"post-4702","1":"product","2":"type-product","3":"status-publish","4":"has-post-thumbnail","6":"product_cat-formicarium-modules","7":"product_cat-arena-inset","9":"first","10":"outofstock","11":"taxable","12":"shipping-taxable","13":"purchasable","14":"product-type-simple"},"acf":[],"aioseo_notices":[],"jetpack_sharing_enabled":true,"_links":{"self":[{"href":"https:\/\/antcube.shop\/tr\/wp-json\/wp\/v2\/product\/4702","targetHints":{"allow":["GET"]}}],"collection":[{"href":"https:\/\/antcube.shop\/tr\/wp-json\/wp\/v2\/product"}],"about":[{"href":"https:\/\/antcube.shop\/tr\/wp-json\/wp\/v2\/types\/product"}],"replies":[{"embeddable":true,"href":"https:\/\/antcube.shop\/tr\/wp-json\/wp\/v2\/comments?post=4702"}],"wp:featuredmedia":[{"embeddable":true,"href":"https:\/\/antcube.shop\/tr\/wp-json\/wp\/v2\/media\/4998"}],"wp:attachment":[{"href":"https:\/\/antcube.shop\/tr\/wp-json\/wp\/v2\/media?parent=4702"}],"wp:term":[{"taxonomy":"product_brand","embeddable":true,"href":"https:\/\/antcube.shop\/tr\/wp-json\/wp\/v2\/product_brand?post=4702"},{"taxonomy":"product_cat","embeddable":true,"href":"https:\/\/antcube.shop\/tr\/wp-json\/wp\/v2\/product_cat?post=4702"},{"taxonomy":"product_tag","embeddable":true,"href":"https:\/\/antcube.shop\/tr\/wp-json\/wp\/v2\/product_tag?post=4702"}],"curies":[{"name":"wp","href":"https:\/\/api.w.org\/{rel}","templated":true}]}}