{"id":4694,"date":"2022-11-14T14:53:29","date_gmt":"2022-11-14T13:53:29","guid":{"rendered":"https:\/\/antcube.shop\/produkt\/antcube-einbauarena-30x30x20\/"},"modified":"2026-04-02T09:54:48","modified_gmt":"2026-04-02T07:54:48","slug":"antcube-fitted-arena-30x30x20","status":"publish","type":"product","link":"https:\/\/antcube.shop\/tr\/urun\/antcube-fitted-arena-30x30x20\/","title":{"rendered":"ANTCUBE donan\u0131ml\u0131 arena 30x30x20"},"content":{"rendered":"<p>ANTCUBE 2x 27mm delikli 30x30x20 cm arenaya yerle\u015ftirilmi\u015ftir.<\/p>\n<p><strong>Boyutlar:<\/strong> 300 x 300 x 200 mm; 4mm cam kal\u0131nl\u0131\u011f\u0131.<br \/>\n<strong>Malzeme:<\/strong> d\u00fcz cam<\/p>\n<p><strong>Ba\u011flant\u0131:<\/strong> 2x delik 27 mm<\/p>\n<p><strong>A\u00e7\u0131klama:<\/strong> ANTCUBE fitted arena, daha k\u00fc\u00e7\u00fck raf b\u00f6lmelerine de rahat\u00e7a yerle\u015ftirilebilmesi i\u00e7in geli\u015ftirilmi\u015ftir. \u00d6rne\u011fin, bir Kallax raf\u0131na m\u00fckemmel uyum sa\u011flar. Delikler (orta nokta) \u00f6n tarafta (sol ve sa\u011f) 3 cm y\u00fckseklikte ve d\u0131\u015f kenardan 3 cm mesafede yer almaktad\u0131r. \u00d6n taraftaki 27 mm'lik deliklerin konumlar\u0131 nedeniyle (her zamanki gibi yan pencereler yerine) yanlarda yer kaybetmeden veya ba\u011flant\u0131 noktalar\u0131na eri\u015fimi engellemeden kolayca daha fazla arena ve kar\u0131nca \u00e7iftli\u011fi ekleyebilirsiniz. Arena kapa\u011f\u0131, kopma koruma \u00e7er\u00e7evesi, t\u00fcp veya hortum konekt\u00f6rleri gibi ba\u011flant\u0131 elemanlar\u0131 ayr\u0131 olarak temin edilebilir.<\/p>\n<p><strong>Not:<\/strong> Cam DIN 1249'a g\u00f6re +\/- 1 mm toleransla kesilmi\u015ftir. Son derece k\u00fc\u00e7\u00fck kar\u0131nca t\u00fcrleri i\u00e7in ek kopma korumas\u0131 gereklidir.<\/p>","protected":false},"excerpt":{"rendered":"<p>Ba\u011flant\u0131: 2x delik 27 mm<\/p>","protected":false},"featured_media":5042,"comment_status":"open","ping_status":"closed","template":"","meta":{"_acf_changed":false,"content-type":"","_monsterinsights_skip_tracking":false,"_monsterinsights_sitenote_active":false,"_monsterinsights_sitenote_note":"","_monsterinsights_sitenote_category":0},"product_brand":[],"product_cat":[85,86],"product_tag":[],"class_list":{"0":"post-4694","1":"product","2":"type-product","3":"status-publish","4":"has-post-thumbnail","6":"product_cat-ant-arenas","7":"product_cat-formicariums","9":"first","10":"instock","11":"taxable","12":"shipping-taxable","13":"purchasable","14":"product-type-simple"},"acf":[],"aioseo_notices":[],"jetpack_sharing_enabled":true,"_links":{"self":[{"href":"https:\/\/antcube.shop\/tr\/wp-json\/wp\/v2\/product\/4694","targetHints":{"allow":["GET"]}}],"collection":[{"href":"https:\/\/antcube.shop\/tr\/wp-json\/wp\/v2\/product"}],"about":[{"href":"https:\/\/antcube.shop\/tr\/wp-json\/wp\/v2\/types\/product"}],"replies":[{"embeddable":true,"href":"https:\/\/antcube.shop\/tr\/wp-json\/wp\/v2\/comments?post=4694"}],"wp:featuredmedia":[{"embeddable":true,"href":"https:\/\/antcube.shop\/tr\/wp-json\/wp\/v2\/media\/5042"}],"wp:attachment":[{"href":"https:\/\/antcube.shop\/tr\/wp-json\/wp\/v2\/media?parent=4694"}],"wp:term":[{"taxonomy":"product_brand","embeddable":true,"href":"https:\/\/antcube.shop\/tr\/wp-json\/wp\/v2\/product_brand?post=4694"},{"taxonomy":"product_cat","embeddable":true,"href":"https:\/\/antcube.shop\/tr\/wp-json\/wp\/v2\/product_cat?post=4694"},{"taxonomy":"product_tag","embeddable":true,"href":"https:\/\/antcube.shop\/tr\/wp-json\/wp\/v2\/product_tag?post=4694"}],"curies":[{"name":"wp","href":"https:\/\/api.w.org\/{rel}","templated":true}]}}