{"id":4688,"date":"2022-11-14T14:51:54","date_gmt":"2022-11-14T13:51:54","guid":{"rendered":"https:\/\/antcube.shop\/produkt\/luftdurchlassige-stopfen-11-17-mm\/"},"modified":"2026-04-04T06:34:15","modified_gmt":"2026-04-04T04:34:15","slug":"air-permeable-plugs-11-17-mm","status":"publish","type":"product","link":"https:\/\/antcube.shop\/tr\/urun\/air-permeable-plugs-11-17-mm\/","title":{"rendered":"Hava ge\u00e7irgen tapalar 11 - 17 mm"},"content":{"rendered":"<p><strong>Miktar:<\/strong> 1 adet<\/p>\n<p><strong>A\u00e7\u0131klama<\/strong>: Profesyonel olmayan vatka t\u0131palara son verin. Bu hava ge\u00e7irgen t\u0131palar a\u00e7\u0131kl\u0131klar\u0131 g\u00fcvenli bir \u015fekilde kapat\u0131r ve a\u00e7\u0131kl\u0131\u011f\u0131n \u015fekline uyum sa\u011flayarak h\u0131zl\u0131 a\u00e7ma ve kapama sa\u011flar.<\/p>","protected":false},"excerpt":{"rendered":"<p>Miktar 1 adet A\u00e7\u0131klama: Profesyonel olmayan vatka t\u0131palara son verin. Bu hava ge\u00e7irgen t\u0131palar a\u00e7\u0131kl\u0131klar\u0131 g\u00fcvenli bir \u015fekilde kapat\u0131r ve a\u00e7\u0131kl\u0131\u011f\u0131n \u015fekline uyum sa\u011flayarak h\u0131zl\u0131 a\u00e7ma ve kapama sa\u011flar.<\/p>","protected":false},"featured_media":5002,"comment_status":"open","ping_status":"closed","template":"","meta":{"_acf_changed":false,"content-type":"","_monsterinsights_skip_tracking":false,"_monsterinsights_sitenote_active":false,"_monsterinsights_sitenote_note":"","_monsterinsights_sitenote_category":0},"product_brand":[],"product_cat":[237],"product_tag":[],"class_list":{"0":"post-4688","1":"product","2":"type-product","3":"status-publish","4":"has-post-thumbnail","6":"product_cat-tools","8":"first","9":"instock","10":"taxable","11":"shipping-taxable","12":"purchasable","13":"product-type-simple"},"acf":[],"aioseo_notices":[],"jetpack_sharing_enabled":true,"_links":{"self":[{"href":"https:\/\/antcube.shop\/tr\/wp-json\/wp\/v2\/product\/4688","targetHints":{"allow":["GET"]}}],"collection":[{"href":"https:\/\/antcube.shop\/tr\/wp-json\/wp\/v2\/product"}],"about":[{"href":"https:\/\/antcube.shop\/tr\/wp-json\/wp\/v2\/types\/product"}],"replies":[{"embeddable":true,"href":"https:\/\/antcube.shop\/tr\/wp-json\/wp\/v2\/comments?post=4688"}],"wp:featuredmedia":[{"embeddable":true,"href":"https:\/\/antcube.shop\/tr\/wp-json\/wp\/v2\/media\/5002"}],"wp:attachment":[{"href":"https:\/\/antcube.shop\/tr\/wp-json\/wp\/v2\/media?parent=4688"}],"wp:term":[{"taxonomy":"product_brand","embeddable":true,"href":"https:\/\/antcube.shop\/tr\/wp-json\/wp\/v2\/product_brand?post=4688"},{"taxonomy":"product_cat","embeddable":true,"href":"https:\/\/antcube.shop\/tr\/wp-json\/wp\/v2\/product_cat?post=4688"},{"taxonomy":"product_tag","embeddable":true,"href":"https:\/\/antcube.shop\/tr\/wp-json\/wp\/v2\/product_tag?post=4688"}],"curies":[{"name":"wp","href":"https:\/\/api.w.org\/{rel}","templated":true}]}}