{"id":4687,"date":"2022-11-14T14:51:39","date_gmt":"2022-11-14T13:51:39","guid":{"rendered":"https:\/\/antcube.shop\/produkt\/durchgangsregler-50mm\/"},"modified":"2026-01-12T12:36:29","modified_gmt":"2026-01-12T11:36:29","slug":"gecis-regulatoru-50mm","status":"publish","type":"product","link":"https:\/\/antcube.shop\/tr\/urun\/gecis-regulatoru-50mm\/","title":{"rendered":"Ge\u00e7i\u015f reg\u00fclat\u00f6r\u00fc - 50mm"},"content":{"rendered":"<p><strong>Boyutlar (LxWxH):<\/strong> 95x 76 x 20 mm<\/p>\n<p><strong>Malzeme:<\/strong> Akrilik<\/p>\n<p><strong>Renk:<\/strong> Renksiz \/ \u015feffaf \/ berrak<\/p>\n<p><strong>\u0130\u00e7erik:<\/strong> 1 adet (10 tek par\u00e7adan olu\u015fur)<\/p>\n<p><strong>A\u00e7\u0131klama:<\/strong><br \/>\nGe\u00e7i\u015f reg\u00fclat\u00f6r\u00fc bir boruya tak\u0131l\u0131r.<br \/>\nGe\u00e7it elle a\u00e7\u0131labilir veya kapat\u0131labilir.<\/p>\n<p><strong>Uygulama:<\/strong><br \/>\n50mm \u00e7ap\u0131ndaki akrilik borular\u0131 ba\u011flamak i\u00e7in<\/p>\n<p><strong>\u0130pucu:<\/strong><br \/>\nGe\u00e7i\u015f reg\u00fclat\u00f6r\u00fc uygun t\u00fcpe s\u0131k\u0131ca tak\u0131lmal\u0131d\u0131r. \u00c7ok gev\u015fekse, t\u00fcp \u015feffaf bantla geni\u015fletilerek s\u0131k\u0131 bir \u015fekilde oturmas\u0131 sa\u011flanabilir.<\/p>","protected":false},"excerpt":{"rendered":"<p>Boyutlar (UxGxY): 95x 76 x 20 mm Malzeme: Akrilik Renk: Renksiz \/ \u015feffaf \/ berrak \u0130\u00e7erik: 1 adet (10 tek par\u00e7adan olu\u015fur) A\u00e7\u0131klama: Ge\u00e7i\u015f reg\u00fclat\u00f6r\u00fc bir boruya tak\u0131l\u0131r. Ge\u00e7it elle a\u00e7\u0131labilir veya kapat\u0131labilir. Uygulama: Uygulama: Akrilik borular\u0131 ba\u011flamak i\u00e7in \u00e7ap 50mm \u0130pucu: Ge\u00e7i\u015f reg\u00fclat\u00f6r\u00fc s\u0131k\u0131ca olmal\u0131d\u0131r","protected":false},"featured_media":5074,"comment_status":"open","ping_status":"closed","template":"","meta":{"_acf_changed":false,"content-type":"","_monsterinsights_skip_tracking":false,"_monsterinsights_sitenote_active":false,"_monsterinsights_sitenote_note":"","_monsterinsights_sitenote_category":0},"product_brand":[],"product_cat":[345],"product_tag":[],"class_list":{"0":"post-4687","1":"product","2":"type-product","3":"status-publish","4":"has-post-thumbnail","6":"product_cat-pipe-connectors","8":"first","9":"instock","10":"taxable","11":"shipping-taxable","12":"purchasable","13":"product-type-simple"},"acf":[],"aioseo_notices":[],"jetpack_sharing_enabled":true,"_links":{"self":[{"href":"https:\/\/antcube.shop\/tr\/wp-json\/wp\/v2\/product\/4687","targetHints":{"allow":["GET"]}}],"collection":[{"href":"https:\/\/antcube.shop\/tr\/wp-json\/wp\/v2\/product"}],"about":[{"href":"https:\/\/antcube.shop\/tr\/wp-json\/wp\/v2\/types\/product"}],"replies":[{"embeddable":true,"href":"https:\/\/antcube.shop\/tr\/wp-json\/wp\/v2\/comments?post=4687"}],"wp:featuredmedia":[{"embeddable":true,"href":"https:\/\/antcube.shop\/tr\/wp-json\/wp\/v2\/media\/5074"}],"wp:attachment":[{"href":"https:\/\/antcube.shop\/tr\/wp-json\/wp\/v2\/media?parent=4687"}],"wp:term":[{"taxonomy":"product_brand","embeddable":true,"href":"https:\/\/antcube.shop\/tr\/wp-json\/wp\/v2\/product_brand?post=4687"},{"taxonomy":"product_cat","embeddable":true,"href":"https:\/\/antcube.shop\/tr\/wp-json\/wp\/v2\/product_cat?post=4687"},{"taxonomy":"product_tag","embeddable":true,"href":"https:\/\/antcube.shop\/tr\/wp-json\/wp\/v2\/product_tag?post=4687"}],"curies":[{"name":"wp","href":"https:\/\/api.w.org\/{rel}","templated":true}]}}