{"id":4682,"date":"2022-11-14T14:42:29","date_gmt":"2022-11-14T13:42:29","guid":{"rendered":"https:\/\/antcube.shop\/produkt\/antcube-rote-folie-30x30-filter\/"},"modified":"2026-04-03T17:08:16","modified_gmt":"2026-04-03T15:08:16","slug":"antcube-kirmizi-folyo-30x30-filtre","status":"publish","type":"product","link":"https:\/\/antcube.shop\/tr\/urun\/antcube-kirmizi-folyo-30x30-filtre\/","title":{"rendered":"ANTCUBE - K\u0131rm\u0131z\u0131 folyo 30\u00d730 - Filtre"},"content":{"rendered":"<p><strong>Boyutlar:<\/strong> 29x24cm<\/p>\n<p><strong>Malzeme:<\/strong> PVC<\/p>\n<p><strong>A\u00e7\u0131klama:<\/strong> Kendinden yap\u0131\u015fkanl\u0131 k\u0131rm\u0131z\u0131 \u015feffaf film, kar\u0131ncalara yeralt\u0131 hissi vermek i\u00e7in kullan\u0131l\u0131r. Bu nedenle bu \u00fcr\u00fcn\u00fc en az\u0131ndan k\u0131smen yuva alan\u0131nda kullanman\u0131z\u0131 \u00f6neririz. Bununla birlikte, kar\u0131ncalar\u0131 yuva i\u00e7inde iyi bir \u015fekilde g\u00f6zlemleyebilirsiniz. ANTCUBE \"Kar\u0131nca \u00e7iftli\u011fi 30x30cm S\/M\/L - ayakl\u0131 \"ya uyacak \u015fekilde tam olarak kesilmi\u015ftir.<\/p>\n<p>Bu filtre folyosu, normal kapak folyosundan daha iyi bir \u0131\u015f\u0131k filtresi etkisine sahiptir. 180\u00b0C'ye kadar s\u0131cakl\u0131\u011fa dayan\u0131kl\u0131d\u0131r<\/p>\n<p>Filtre folyosu, \u00e7iftlikte veya yuva alan\u0131nda kendi ba\u015f\u0131na da hafif\u00e7e bast\u0131r\u0131ld\u0131\u011f\u0131nda bile tutar. Alternatif olarak, \u015feffaf yap\u0131\u015fkan bant sabitleme i\u00e7in uygundur. \u00dcst k\u00f6\u015felerde iki k\u00fc\u00e7\u00fck \u015feritle sabitleyin, b\u00f6ylece folyo daha sonra yuva alan\u0131na daha iyi bir g\u00f6r\u00fc\u015f i\u00e7in kald\u0131r\u0131labilir.<\/p>","protected":false},"excerpt":{"rendered":"<p>Boyutlar: 39x19cm Malzeme: PVC A\u00e7\u0131klama: K\u0131rm\u0131z\u0131 \u015feffaf film kar\u0131ncalara yeralt\u0131 hissi vermek i\u00e7in kullan\u0131l\u0131r. Bu nedenle bu \u00fcr\u00fcn\u00fc en az\u0131ndan k\u0131smen yuva alan\u0131nda kullanman\u0131z\u0131 \u00f6neririz. Bununla birlikte, kar\u0131ncalar\u0131 yuva i\u00e7inde iyi g\u00f6zlemleyebilirsiniz. ANTCUBE \"Kar\u0131nca \u00e7iftli\u011fi 40x20cm S\/M\/L - ayakta\" i\u00e7in tam olarak kesilmi\u015ftir. Bu filtre folyosu","protected":false},"featured_media":5105,"comment_status":"open","ping_status":"closed","template":"","meta":{"_acf_changed":false,"content-type":"","_monsterinsights_skip_tracking":false,"_monsterinsights_sitenote_active":false,"_monsterinsights_sitenote_note":"","_monsterinsights_sitenote_category":0},"product_brand":[],"product_cat":[239],"product_tag":[],"class_list":{"0":"post-4682","1":"product","2":"type-product","3":"status-publish","4":"has-post-thumbnail","6":"product_cat-useful-additions","8":"first","9":"outofstock","10":"taxable","11":"shipping-taxable","12":"purchasable","13":"product-type-simple"},"acf":[],"aioseo_notices":[],"jetpack_sharing_enabled":true,"_links":{"self":[{"href":"https:\/\/antcube.shop\/tr\/wp-json\/wp\/v2\/product\/4682","targetHints":{"allow":["GET"]}}],"collection":[{"href":"https:\/\/antcube.shop\/tr\/wp-json\/wp\/v2\/product"}],"about":[{"href":"https:\/\/antcube.shop\/tr\/wp-json\/wp\/v2\/types\/product"}],"replies":[{"embeddable":true,"href":"https:\/\/antcube.shop\/tr\/wp-json\/wp\/v2\/comments?post=4682"}],"wp:featuredmedia":[{"embeddable":true,"href":"https:\/\/antcube.shop\/tr\/wp-json\/wp\/v2\/media\/5105"}],"wp:attachment":[{"href":"https:\/\/antcube.shop\/tr\/wp-json\/wp\/v2\/media?parent=4682"}],"wp:term":[{"taxonomy":"product_brand","embeddable":true,"href":"https:\/\/antcube.shop\/tr\/wp-json\/wp\/v2\/product_brand?post=4682"},{"taxonomy":"product_cat","embeddable":true,"href":"https:\/\/antcube.shop\/tr\/wp-json\/wp\/v2\/product_cat?post=4682"},{"taxonomy":"product_tag","embeddable":true,"href":"https:\/\/antcube.shop\/tr\/wp-json\/wp\/v2\/product_tag?post=4682"}],"curies":[{"name":"wp","href":"https:\/\/api.w.org\/{rel}","templated":true}]}}