{"id":4681,"date":"2022-11-14T14:42:13","date_gmt":"2022-11-14T13:42:13","guid":{"rendered":"https:\/\/antcube.shop\/produkt\/antcube-rote-folie-40x20-selbstklebend\/"},"modified":"2025-10-19T04:49:11","modified_gmt":"2025-10-19T02:49:11","slug":"antcube-kirmizi-folyo-40x20-kendinden-yapiskanli","status":"publish","type":"product","link":"https:\/\/antcube.shop\/tr\/urun\/antcube-kirmizi-folyo-40x20-kendinden-yapiskanli\/","title":{"rendered":"ANTCUBE - K\u0131rm\u0131z\u0131 folyo 40\u00d720 - kendinden yap\u0131\u015fkanl\u0131"},"content":{"rendered":"<p><strong>Boyutlar:<\/strong> 39x19cm<\/p>\n<p><strong>Malzeme:<\/strong> PVC<\/p>\n<p><strong>A\u00e7\u0131klama:<\/strong> K\u0131rm\u0131z\u0131 \u015feffaf film kar\u0131ncalara yeralt\u0131 hissi vermek i\u00e7in kullan\u0131l\u0131r. Bu nedenle bu \u00fcr\u00fcn\u00fc en az\u0131ndan k\u0131smen yuva alan\u0131nda kullanman\u0131z\u0131 tavsiye ederiz. Yine de kar\u0131ncalar\u0131 yuva i\u00e7inde iyi g\u00f6zlemleyebilirsiniz. ANTCUBE \"Kar\u0131nca \u00e7iftli\u011fi 20x20cm S\/M\/L - ayakta\" i\u00e7in tam olarak kesilmi\u015ftir.<\/p>","protected":false},"excerpt":{"rendered":"<p>Boyutlar: 39x19cm Malzeme: PVC A\u00e7\u0131klama: K\u0131rm\u0131z\u0131 \u015feffaf film kar\u0131ncalara yeralt\u0131 hissi vermek i\u00e7in kullan\u0131l\u0131r. Bu nedenle bu \u00fcr\u00fcn\u00fc en az\u0131ndan k\u0131smen yuva alan\u0131nda kullanman\u0131z\u0131 \u00f6neririz. Bununla birlikte, kar\u0131ncalar\u0131 yuva i\u00e7inde iyi g\u00f6zlemleyebilirsiniz. ANTCUBE \"Kar\u0131nca \u00e7iftli\u011fi 40x20cm S\/M\/L - ayakta\" i\u00e7in tam olarak kesilmi\u015ftir. Bu filtre folyosu<\/p>","protected":false},"featured_media":5108,"comment_status":"open","ping_status":"closed","template":"","meta":{"_acf_changed":false,"content-type":"","_monsterinsights_skip_tracking":false,"_monsterinsights_sitenote_active":false,"_monsterinsights_sitenote_note":"","_monsterinsights_sitenote_category":0},"product_brand":[],"product_cat":[239],"product_tag":[],"class_list":{"0":"post-4681","1":"product","2":"type-product","3":"status-publish","4":"has-post-thumbnail","6":"product_cat-useful-additions","8":"first","9":"outofstock","10":"taxable","11":"shipping-taxable","12":"purchasable","13":"product-type-simple"},"acf":[],"aioseo_notices":[],"jetpack_sharing_enabled":true,"_links":{"self":[{"href":"https:\/\/antcube.shop\/tr\/wp-json\/wp\/v2\/product\/4681","targetHints":{"allow":["GET"]}}],"collection":[{"href":"https:\/\/antcube.shop\/tr\/wp-json\/wp\/v2\/product"}],"about":[{"href":"https:\/\/antcube.shop\/tr\/wp-json\/wp\/v2\/types\/product"}],"replies":[{"embeddable":true,"href":"https:\/\/antcube.shop\/tr\/wp-json\/wp\/v2\/comments?post=4681"}],"wp:featuredmedia":[{"embeddable":true,"href":"https:\/\/antcube.shop\/tr\/wp-json\/wp\/v2\/media\/5108"}],"wp:attachment":[{"href":"https:\/\/antcube.shop\/tr\/wp-json\/wp\/v2\/media?parent=4681"}],"wp:term":[{"taxonomy":"product_brand","embeddable":true,"href":"https:\/\/antcube.shop\/tr\/wp-json\/wp\/v2\/product_brand?post=4681"},{"taxonomy":"product_cat","embeddable":true,"href":"https:\/\/antcube.shop\/tr\/wp-json\/wp\/v2\/product_cat?post=4681"},{"taxonomy":"product_tag","embeddable":true,"href":"https:\/\/antcube.shop\/tr\/wp-json\/wp\/v2\/product_tag?post=4681"}],"curies":[{"name":"wp","href":"https:\/\/api.w.org\/{rel}","templated":true}]}}