{"id":4679,"date":"2022-11-14T14:41:41","date_gmt":"2022-11-14T13:41:41","guid":{"rendered":"https:\/\/antcube.shop\/produkt\/lehmfarbe-beige-100ml\/"},"modified":"2026-04-11T13:18:12","modified_gmt":"2026-04-11T11:18:12","slug":"kil-boya-bej-100ml","status":"publish","type":"product","link":"https:\/\/antcube.shop\/tr\/urun\/kil-boya-bej-100ml\/","title":{"rendered":"Kil boyas\u0131 - bej - 100ml"},"content":{"rendered":"<p><strong>Miktar:<\/strong> 100ml<\/p>\n<p><strong>A\u00e7\u0131klama:<\/strong> Bu kar\u0131\u015f\u0131m toksik de\u011fildir ve s\u0131va ve beton \u00fczerinde nispeten su ge\u00e7irmezdir, ancak bunun d\u0131\u015f\u0131nda suda \u00e7\u00f6z\u00fcn\u00fcr.<\/p>\n<p><strong>Kullan\u0131m talimatlar\u0131:\u00a0<\/strong><br \/>\nBu kar\u0131\u015f\u0131m kullan\u0131ma haz\u0131rd\u0131r ve bir f\u0131r\u00e7a ile s\u0131va veya gazbeton \u00fczerine hemen uygulanabilir.<br \/>\nYakla\u015f\u0131k 1\/4m\u00b2 gaz beton veya 1\/2m\u00b2 s\u0131va i\u00e7in 100ml yeterlidir.<br \/>\nIslakken, daha da do\u011fal bir g\u00f6r\u00fcn\u00fcm elde etmek i\u00e7in y\u00fczeye \u00f6rne\u011fin kum serpilebilir.<\/p>\n<p>&nbsp;<\/p>\n<p>&nbsp;<\/p>","protected":false},"excerpt":{"rendered":"<p>Miktar 100ml A\u00e7\u0131klama: Bu kar\u0131\u015f\u0131m toksik de\u011fildir ve s\u0131va ve beton \u00fczerinde nispeten su ge\u00e7irmezdir, ancak bunun d\u0131\u015f\u0131nda suda \u00e7\u00f6z\u00fcn\u00fcr. Kullan\u0131m talimatlar\u0131: Bu kar\u0131\u015f\u0131m kullan\u0131ma haz\u0131rd\u0131r ve bir f\u0131r\u00e7a ile s\u0131va veya gaz betona hemen uygulanabilir. Yakla\u015f\u0131k 1\/4m\u00b2 gaz beton veya 1\/2m\u00b2 s\u0131va i\u00e7in 100ml yeterlidir. Ne zaman","protected":false},"featured_media":5004,"comment_status":"open","ping_status":"closed","template":"","meta":{"_acf_changed":false,"content-type":"","_monsterinsights_skip_tracking":false,"_monsterinsights_sitenote_active":false,"_monsterinsights_sitenote_note":"","_monsterinsights_sitenote_category":0},"product_brand":[],"product_cat":[237],"product_tag":[],"class_list":{"0":"post-4679","1":"product","2":"type-product","3":"status-publish","4":"has-post-thumbnail","6":"product_cat-tools","8":"first","9":"instock","10":"taxable","11":"shipping-taxable","12":"purchasable","13":"product-type-simple"},"acf":[],"aioseo_notices":[],"jetpack_sharing_enabled":true,"_links":{"self":[{"href":"https:\/\/antcube.shop\/tr\/wp-json\/wp\/v2\/product\/4679","targetHints":{"allow":["GET"]}}],"collection":[{"href":"https:\/\/antcube.shop\/tr\/wp-json\/wp\/v2\/product"}],"about":[{"href":"https:\/\/antcube.shop\/tr\/wp-json\/wp\/v2\/types\/product"}],"replies":[{"embeddable":true,"href":"https:\/\/antcube.shop\/tr\/wp-json\/wp\/v2\/comments?post=4679"}],"wp:featuredmedia":[{"embeddable":true,"href":"https:\/\/antcube.shop\/tr\/wp-json\/wp\/v2\/media\/5004"}],"wp:attachment":[{"href":"https:\/\/antcube.shop\/tr\/wp-json\/wp\/v2\/media?parent=4679"}],"wp:term":[{"taxonomy":"product_brand","embeddable":true,"href":"https:\/\/antcube.shop\/tr\/wp-json\/wp\/v2\/product_brand?post=4679"},{"taxonomy":"product_cat","embeddable":true,"href":"https:\/\/antcube.shop\/tr\/wp-json\/wp\/v2\/product_cat?post=4679"},{"taxonomy":"product_tag","embeddable":true,"href":"https:\/\/antcube.shop\/tr\/wp-json\/wp\/v2\/product_tag?post=4679"}],"curies":[{"name":"wp","href":"https:\/\/api.w.org\/{rel}","templated":true}]}}