{"id":4678,"date":"2022-11-14T14:41:24","date_gmt":"2022-11-14T13:41:24","guid":{"rendered":"https:\/\/antcube.shop\/produkt\/klebefilm-glasklar\/"},"modified":"2026-04-13T09:29:49","modified_gmt":"2026-04-13T07:29:49","slug":"yapiskan-film-kristal-berrakliginda","status":"publish","type":"product","link":"https:\/\/antcube.shop\/tr\/urun\/yapiskan-film-kristal-berrakliginda\/","title":{"rendered":"Yap\u0131\u015fkan film kristal berrakl\u0131\u011f\u0131nda"},"content":{"rendered":"<p><strong>Boyutlar (LxWxH):<\/strong> 10m x19 mm<\/p>\n<p><strong>Malzeme:<\/strong> poli\u0307propi\u0307len<\/p>\n<p><strong>Renk:<\/strong> kristal berrakl\u0131\u011f\u0131nda \/ \u015feffaf<\/p>\n<p><strong>\u0130\u00e7erik:<\/strong><br \/>\n1x rulo yap\u0131\u015fkan film<\/p>\n<p><strong>A\u00e7\u0131klama:<\/strong><br \/>\nFormikaryuma k\u0131rm\u0131z\u0131 \u00f6rt\u00fc filmi veya foto\u011frafl\u0131 arka duvar takmak i\u00e7in idealdir.<br \/>\nY\u00fcksek ya\u015flanma direncine sahiptir, y\u0131rt\u0131lmaya kar\u015f\u0131 \u00e7ok dayan\u0131kl\u0131d\u0131r ve g\u00fc\u00e7l\u00fc bir yap\u0131\u015fma kuvvetine sahiptir.<br \/>\nCam panelleri birbirine yap\u0131\u015ft\u0131rmak i\u00e7in de uygundur.<\/p>\n<p><strong>Uygulama:<\/strong><br \/>\nYap\u0131\u015fkan bant makas veya kesici bir b\u0131\u00e7ak ile kesilebilir.<br \/>\nKapak filmini veya foto\u011fraf\u0131 tekrar formikaryum b\u00f6lmesine sabitleyin ve ard\u0131ndan yap\u0131\u015fkan bantla sabitleyin.<\/p>","protected":false},"excerpt":{"rendered":"<p>Boyutlar (LxWxH): 10m x19 mm Malzeme: polipropilen Renk: kristal berrakl\u0131\u011f\u0131nda \/ \u015feffaf \u0130\u00e7erik: 1x rulo yap\u0131\u015fkan film A\u00e7\u0131klama: K\u0131rm\u0131z\u0131 kapak filmini veya foto\u011frafl\u0131 arka duvar\u0131 formikaryuma yap\u0131\u015ft\u0131rmak i\u00e7in idealdir. Y\u00fcksek ya\u015flanma direncine sahiptir, y\u0131rt\u0131lmaya kar\u015f\u0131 \u00e7ok dayan\u0131kl\u0131d\u0131r ve g\u00fc\u00e7l\u00fc bir yap\u0131\u015fma kuvvetine sahiptir. Cam b\u00f6lmeleri birbirine yap\u0131\u015ft\u0131rmak i\u00e7in de uygundur. Uygulama:","protected":false},"featured_media":5007,"comment_status":"open","ping_status":"closed","template":"","meta":{"_acf_changed":false,"content-type":"","_monsterinsights_skip_tracking":false,"_monsterinsights_sitenote_active":false,"_monsterinsights_sitenote_note":"","_monsterinsights_sitenote_category":0},"product_brand":[],"product_cat":[237],"product_tag":[],"class_list":{"0":"post-4678","1":"product","2":"type-product","3":"status-publish","4":"has-post-thumbnail","6":"product_cat-tools","8":"first","9":"instock","10":"taxable","11":"shipping-taxable","12":"purchasable","13":"product-type-simple"},"acf":[],"aioseo_notices":[],"jetpack_sharing_enabled":true,"_links":{"self":[{"href":"https:\/\/antcube.shop\/tr\/wp-json\/wp\/v2\/product\/4678","targetHints":{"allow":["GET"]}}],"collection":[{"href":"https:\/\/antcube.shop\/tr\/wp-json\/wp\/v2\/product"}],"about":[{"href":"https:\/\/antcube.shop\/tr\/wp-json\/wp\/v2\/types\/product"}],"replies":[{"embeddable":true,"href":"https:\/\/antcube.shop\/tr\/wp-json\/wp\/v2\/comments?post=4678"}],"wp:featuredmedia":[{"embeddable":true,"href":"https:\/\/antcube.shop\/tr\/wp-json\/wp\/v2\/media\/5007"}],"wp:attachment":[{"href":"https:\/\/antcube.shop\/tr\/wp-json\/wp\/v2\/media?parent=4678"}],"wp:term":[{"taxonomy":"product_brand","embeddable":true,"href":"https:\/\/antcube.shop\/tr\/wp-json\/wp\/v2\/product_brand?post=4678"},{"taxonomy":"product_cat","embeddable":true,"href":"https:\/\/antcube.shop\/tr\/wp-json\/wp\/v2\/product_cat?post=4678"},{"taxonomy":"product_tag","embeddable":true,"href":"https:\/\/antcube.shop\/tr\/wp-json\/wp\/v2\/product_tag?post=4678"}],"curies":[{"name":"wp","href":"https:\/\/api.w.org\/{rel}","templated":true}]}}