{"id":4676,"date":"2022-11-14T14:40:53","date_gmt":"2022-11-14T13:40:53","guid":{"rendered":"https:\/\/antcube.shop\/produkt\/pinienrinde-100g\/"},"modified":"2026-03-30T10:28:27","modified_gmt":"2026-03-30T08:28:27","slug":"cam-kabugu-100g","status":"publish","type":"product","link":"https:\/\/antcube.shop\/tr\/urun\/cam-kabugu-100g\/","title":{"rendered":"\u00c7am kabu\u011fu 100g"},"content":{"rendered":"<p><strong>\u0130\u00e7erik\/hacim:<\/strong> 100g<\/p>\n<p>&nbsp;<\/p>\n<p><strong>Gran\u00fclasyon:<\/strong> 5 - 15 mm<\/p>\n<p><strong>A\u00e7\u0131klama:<\/strong> Nemi muhafaza eder ve dekoratif ama\u00e7l\u0131 kullan\u0131labilir.<\/p>","protected":false},"excerpt":{"rendered":"<p><strong>Gran\u00fclasyon:<\/strong> 5 - 15 mm<\/p>","protected":false},"featured_media":5744,"comment_status":"open","ping_status":"closed","template":"","meta":{"_acf_changed":false,"content-type":"","_monsterinsights_skip_tracking":false,"_monsterinsights_sitenote_active":false,"_monsterinsights_sitenote_note":"","_monsterinsights_sitenote_category":0},"product_brand":[],"product_cat":[98,101],"product_tag":[],"class_list":{"0":"post-4676","1":"product","2":"type-product","3":"status-publish","4":"has-post-thumbnail","6":"product_cat-decoration","7":"product_cat-forest","9":"first","10":"instock","11":"taxable","12":"shipping-taxable","13":"purchasable","14":"product-type-simple"},"acf":[],"aioseo_notices":[],"jetpack_sharing_enabled":true,"_links":{"self":[{"href":"https:\/\/antcube.shop\/tr\/wp-json\/wp\/v2\/product\/4676","targetHints":{"allow":["GET"]}}],"collection":[{"href":"https:\/\/antcube.shop\/tr\/wp-json\/wp\/v2\/product"}],"about":[{"href":"https:\/\/antcube.shop\/tr\/wp-json\/wp\/v2\/types\/product"}],"replies":[{"embeddable":true,"href":"https:\/\/antcube.shop\/tr\/wp-json\/wp\/v2\/comments?post=4676"}],"wp:featuredmedia":[{"embeddable":true,"href":"https:\/\/antcube.shop\/tr\/wp-json\/wp\/v2\/media\/5744"}],"wp:attachment":[{"href":"https:\/\/antcube.shop\/tr\/wp-json\/wp\/v2\/media?parent=4676"}],"wp:term":[{"taxonomy":"product_brand","embeddable":true,"href":"https:\/\/antcube.shop\/tr\/wp-json\/wp\/v2\/product_brand?post=4676"},{"taxonomy":"product_cat","embeddable":true,"href":"https:\/\/antcube.shop\/tr\/wp-json\/wp\/v2\/product_cat?post=4676"},{"taxonomy":"product_tag","embeddable":true,"href":"https:\/\/antcube.shop\/tr\/wp-json\/wp\/v2\/product_tag?post=4676"}],"curies":[{"name":"wp","href":"https:\/\/api.w.org\/{rel}","templated":true}]}}