{"id":4675,"date":"2022-11-14T14:40:37","date_gmt":"2022-11-14T13:40:37","guid":{"rendered":"https:\/\/antcube.shop\/produkt\/zapfen-klein-20-stuck\/"},"modified":"2026-04-20T16:40:45","modified_gmt":"2026-04-20T14:40:45","slug":"koniler-kucuk-20-adet","status":"publish","type":"product","link":"https:\/\/antcube.shop\/tr\/urun\/koniler-kucuk-20-adet\/","title":{"rendered":"k\u00fclahlar - k\u00fc\u00e7\u00fck - 20 adet"},"content":{"rendered":"<p><strong>Boyutlar (LxWxH):<\/strong> yakla\u015f\u0131k 20 x 10 x 10 mm<\/p>\n<p><strong>Malzeme:<\/strong> K\u0131z\u0131la\u011fa\u00e7 kozala\u011f\u0131 - do\u011fal \u00fcr\u00fcn<\/p>\n<p><strong>Renk:<\/strong> Koyu kahverengiden siyaha<\/p>\n<p><strong>A\u00e7\u0131klama:<\/strong> Dekoratif ama\u00e7l\u0131 kurutulmu\u015f kozalaklar<\/p>\n<p><strong>Not:<\/strong> Do\u011fal bir \u00fcr\u00fcn oldu\u011fu i\u00e7in boyut, \u015fekil ve renk resimdekinden biraz farkl\u0131 olabilir<\/p>","protected":false},"excerpt":{"rendered":"<p><strong>Boyut:<\/strong>\u00a020 x 10 x 10 mm<\/p>","protected":false},"featured_media":5016,"comment_status":"open","ping_status":"closed","template":"","meta":{"_acf_changed":false,"content-type":"","_monsterinsights_skip_tracking":false,"_monsterinsights_sitenote_active":false,"_monsterinsights_sitenote_note":"","_monsterinsights_sitenote_category":0},"product_brand":[],"product_cat":[98,101],"product_tag":[],"class_list":{"0":"post-4675","1":"product","2":"type-product","3":"status-publish","4":"has-post-thumbnail","6":"product_cat-decoration","7":"product_cat-forest","9":"first","10":"instock","11":"taxable","12":"shipping-taxable","13":"purchasable","14":"product-type-simple"},"acf":[],"aioseo_notices":[],"jetpack_sharing_enabled":true,"_links":{"self":[{"href":"https:\/\/antcube.shop\/tr\/wp-json\/wp\/v2\/product\/4675","targetHints":{"allow":["GET"]}}],"collection":[{"href":"https:\/\/antcube.shop\/tr\/wp-json\/wp\/v2\/product"}],"about":[{"href":"https:\/\/antcube.shop\/tr\/wp-json\/wp\/v2\/types\/product"}],"replies":[{"embeddable":true,"href":"https:\/\/antcube.shop\/tr\/wp-json\/wp\/v2\/comments?post=4675"}],"wp:featuredmedia":[{"embeddable":true,"href":"https:\/\/antcube.shop\/tr\/wp-json\/wp\/v2\/media\/5016"}],"wp:attachment":[{"href":"https:\/\/antcube.shop\/tr\/wp-json\/wp\/v2\/media?parent=4675"}],"wp:term":[{"taxonomy":"product_brand","embeddable":true,"href":"https:\/\/antcube.shop\/tr\/wp-json\/wp\/v2\/product_brand?post=4675"},{"taxonomy":"product_cat","embeddable":true,"href":"https:\/\/antcube.shop\/tr\/wp-json\/wp\/v2\/product_cat?post=4675"},{"taxonomy":"product_tag","embeddable":true,"href":"https:\/\/antcube.shop\/tr\/wp-json\/wp\/v2\/product_tag?post=4675"}],"curies":[{"name":"wp","href":"https:\/\/api.w.org\/{rel}","templated":true}]}}