{"id":4661,"date":"2022-11-14T14:36:42","date_gmt":"2022-11-14T13:36:42","guid":{"rendered":"https:\/\/antcube.shop\/produkt\/spruhflasche-sprayer-05-liter-messingduse\/"},"modified":"2026-03-19T13:38:58","modified_gmt":"2026-03-19T12:38:58","slug":"sprey-sise-puskurtucu-pirinc-nozul","status":"publish","type":"product","link":"https:\/\/antcube.shop\/tr\/urun\/sprey-sise-puskurtucu-pirinc-nozul\/","title":{"rendered":"Sprey \u015fi\u015fesi p\u00fcsk\u00fcrt\u00fcc\u00fc 0,5 litre - pirin\u00e7 nozul"},"content":{"rendered":"<p><strong>Boyutlar:<\/strong> y\u00fckseklik: 22 cm, hacim: 0,50 litre<\/p>\n<p><strong>Renk:<\/strong> Beyaz<\/p>\n<p><strong>A\u00e7\u0131klama:<\/strong> Pirin\u00e7 nozullu PVC sprey \u015fi\u015fesi - formikaryumun elle nemlendirilmesi i\u00e7in idealdir.<\/p>","protected":false},"excerpt":{"rendered":"<p>Boyutlar: y\u00fckseklik: 22 cm, hacim: 0,50 litre Renk: Beyaz A\u00e7\u0131klama: Pirin\u00e7 nozullu PVC sprey \u015fi\u015fesi - formikaryumun elle nemlendirilmesi i\u00e7in idealdir.<\/p>","protected":false},"featured_media":4827,"comment_status":"open","ping_status":"closed","template":"","meta":{"_acf_changed":false,"content-type":"","_monsterinsights_skip_tracking":false,"_monsterinsights_sitenote_active":false,"_monsterinsights_sitenote_note":"","_monsterinsights_sitenote_category":0},"product_brand":[],"product_cat":[237],"product_tag":[],"class_list":{"0":"post-4661","1":"product","2":"type-product","3":"status-publish","4":"has-post-thumbnail","6":"product_cat-tools","8":"first","9":"instock","10":"taxable","11":"shipping-taxable","12":"purchasable","13":"product-type-simple"},"acf":[],"aioseo_notices":[],"jetpack_sharing_enabled":true,"_links":{"self":[{"href":"https:\/\/antcube.shop\/tr\/wp-json\/wp\/v2\/product\/4661","targetHints":{"allow":["GET"]}}],"collection":[{"href":"https:\/\/antcube.shop\/tr\/wp-json\/wp\/v2\/product"}],"about":[{"href":"https:\/\/antcube.shop\/tr\/wp-json\/wp\/v2\/types\/product"}],"replies":[{"embeddable":true,"href":"https:\/\/antcube.shop\/tr\/wp-json\/wp\/v2\/comments?post=4661"}],"wp:featuredmedia":[{"embeddable":true,"href":"https:\/\/antcube.shop\/tr\/wp-json\/wp\/v2\/media\/4827"}],"wp:attachment":[{"href":"https:\/\/antcube.shop\/tr\/wp-json\/wp\/v2\/media?parent=4661"}],"wp:term":[{"taxonomy":"product_brand","embeddable":true,"href":"https:\/\/antcube.shop\/tr\/wp-json\/wp\/v2\/product_brand?post=4661"},{"taxonomy":"product_cat","embeddable":true,"href":"https:\/\/antcube.shop\/tr\/wp-json\/wp\/v2\/product_cat?post=4661"},{"taxonomy":"product_tag","embeddable":true,"href":"https:\/\/antcube.shop\/tr\/wp-json\/wp\/v2\/product_tag?post=4661"}],"curies":[{"name":"wp","href":"https:\/\/api.w.org\/{rel}","templated":true}]}}