{"id":4660,"date":"2022-11-14T14:36:25","date_gmt":"2022-11-14T13:36:25","guid":{"rendered":"https:\/\/antcube.shop\/produkt\/wassergel-500ml-gebrauchsfertig\/"},"modified":"2026-04-02T16:33:45","modified_gmt":"2026-04-02T14:33:45","slug":"su-jeli-500ml","status":"publish","type":"product","link":"https:\/\/antcube.shop\/tr\/urun\/su-jeli-500ml\/","title":{"rendered":"Su jeli 500ml - kullan\u0131ma haz\u0131r"},"content":{"rendered":"<p><strong>\u0130\u00e7erik:<\/strong> 500 ml<\/p>\n<p><strong>A\u00e7\u0131klama:<\/strong> \u0130\u00e7erik 500 ml\r\n\r\nA\u00e7\u0131klama: Su jeli jel formunda sudur ve bu nedenle kullan\u0131m\u0131 \u00e7ok kolay ve esnektir. Hayvanlar\u0131n kirletebilece\u011fi ve i\u00e7inde bo\u011fulabilece\u011fi bir su kab\u0131na ihtiyac\u0131n\u0131z yoktur, ancak yine de bu jel ile onlara yeterli nem sa\u011flayabilirsiniz. Su jeli ayr\u0131ca hayvanlar\u0131 beslemek i\u00e7in de kullan\u0131labilir, bu da onlar\u0131 daha uzun s\u00fcre hayatta tutacakt\u0131r.<\/p>","protected":false},"excerpt":{"rendered":"<p>\u0130\u00e7erik 500 ml A\u00e7\u0131klama: Su jeli jel formunda sudur ve bu nedenle kullan\u0131m\u0131 \u00e7ok kolay ve esnektir. Hayvanlar\u0131n kirletebilece\u011fi ve i\u00e7inde bo\u011fulabilece\u011fi bir su kab\u0131na ihtiyac\u0131n\u0131z yoktur, ancak yine de bu jel ile onlara yeterli nem sa\u011flayabilirsiniz. Su jeli hayvanlar\u0131 beslemek i\u00e7in de kullan\u0131labilir,","protected":false},"featured_media":5038,"comment_status":"open","ping_status":"closed","template":"","meta":{"_acf_changed":false,"content-type":"","_monsterinsights_skip_tracking":false,"_monsterinsights_sitenote_active":false,"_monsterinsights_sitenote_note":"","_monsterinsights_sitenote_category":0},"product_brand":[],"product_cat":[115,116],"product_tag":[],"class_list":{"0":"post-4660","1":"product","2":"type-product","3":"status-publish","4":"has-post-thumbnail","6":"product_cat-food-and-feeding","7":"product_cat-food","9":"first","10":"instock","11":"taxable","12":"shipping-taxable","13":"purchasable","14":"product-type-simple"},"acf":[],"aioseo_notices":[],"jetpack_sharing_enabled":true,"_links":{"self":[{"href":"https:\/\/antcube.shop\/tr\/wp-json\/wp\/v2\/product\/4660","targetHints":{"allow":["GET"]}}],"collection":[{"href":"https:\/\/antcube.shop\/tr\/wp-json\/wp\/v2\/product"}],"about":[{"href":"https:\/\/antcube.shop\/tr\/wp-json\/wp\/v2\/types\/product"}],"replies":[{"embeddable":true,"href":"https:\/\/antcube.shop\/tr\/wp-json\/wp\/v2\/comments?post=4660"}],"wp:featuredmedia":[{"embeddable":true,"href":"https:\/\/antcube.shop\/tr\/wp-json\/wp\/v2\/media\/5038"}],"wp:attachment":[{"href":"https:\/\/antcube.shop\/tr\/wp-json\/wp\/v2\/media?parent=4660"}],"wp:term":[{"taxonomy":"product_brand","embeddable":true,"href":"https:\/\/antcube.shop\/tr\/wp-json\/wp\/v2\/product_brand?post=4660"},{"taxonomy":"product_cat","embeddable":true,"href":"https:\/\/antcube.shop\/tr\/wp-json\/wp\/v2\/product_cat?post=4660"},{"taxonomy":"product_tag","embeddable":true,"href":"https:\/\/antcube.shop\/tr\/wp-json\/wp\/v2\/product_tag?post=4660"}],"curies":[{"name":"wp","href":"https:\/\/api.w.org\/{rel}","templated":true}]}}