{"id":4659,"date":"2022-11-14T14:36:09","date_gmt":"2022-11-14T13:36:09","guid":{"rendered":"https:\/\/antcube.shop\/produkt\/wiesenhonig-wi-nachfullpack-10ml\/"},"modified":"2026-04-05T19:45:34","modified_gmt":"2026-04-05T17:45:34","slug":"meadow-honey-refill-pack-10ml","status":"publish","type":"product","link":"https:\/\/antcube.shop\/tr\/urun\/meadow-honey-refill-pack-10ml\/","title":{"rendered":"\u00c7ay\u0131r bal\u0131 (Wi) - dolum paketi 10ml"},"content":{"rendered":"<p><strong>\u0130\u00e7erik:<\/strong> 10 ml<\/p>\n<p><strong>A\u00e7\u0131klama:<\/strong> Bu tamamen do\u011fal bir \u00fcr\u00fcnd\u00fcr. Bal, Orta Avrupa \u00e7ay\u0131r ve tarlalar\u0131ndaki \u00e7i\u00e7eklerden elde edilir ve bu nedenle buralarda ya\u015fayan kar\u0131nca t\u00fcrleri i\u00e7in idealdir.<\/p>\n<p><strong>Uygulama:<\/strong> Besleme t\u00fcp\u00fc bir b\u00fct\u00fcn olarak formikaryuma yerle\u015ftirilebilir, alternatif olarak gerekti\u011finde \/ koloni b\u00fcy\u00fckl\u00fc\u011f\u00fcne g\u00f6re bir besleme kab\u0131na daha k\u00fc\u00e7\u00fck miktarlarda eklenebilir. Yem miktar\u0131 yakla\u015f\u0131k 3 g\u00fcn i\u00e7inde kullan\u0131lmal\u0131d\u0131r, aksi takdirde k\u00fcflenme riski vard\u0131r ve ayn\u0131 nedenle yeniden doldurmadan \u00f6nce yem kab\u0131n\u0131 temizleyin.<\/p>\n<p><strong>Kullan\u0131m:<\/strong><br \/>\n\u00c7\u00f6l bal\u0131 = bal yiyen kar\u0131nca t\u00fcrleri (Meliphagidae) i\u00e7in.<br \/>\nEk yemdir (tek yem)<br \/>\nHayvanlara teslim edilmi\u015f halde sunulabilir. Nem \u015feker konsantrasyonunu azaltt\u0131\u011f\u0131ndan ve bir fermantasyon s\u00fcreci ba\u015flad\u0131\u011f\u0131ndan, mama her 3 g\u00fcnde bir de\u011fi\u015ftirilmelidir. Tekrar kullanmadan \u00f6nce mama kab\u0131n\u0131\/t\u00fcp\u00fcn\u00fc iyice temizleyin.<br \/>\nA\u00e7\u0131lm\u0131\u015f bir paket, belirtilen tarihe kadar (son kullanma tarihi) s\u0131k\u0131ca kapal\u0131 olarak kullan\u0131lmal\u0131d\u0131r.<\/p>\n<p><strong>\u0130\u00e7indekiler:<\/strong> Bal\u0131n i\u00e7eri\u011fi genel olarak, oranlar bal\u0131n t\u00fcr\u00fcne ba\u011fl\u0131 olarak de\u011fi\u015fir.<br \/>\n- yakla\u015f\u0131k 38 % meyve \u015fekeri (fruktoz)<br \/>\n- yakla\u015f\u0131k 32 % dekstroz (glukoz)<br \/>\n- yakla\u015f\u0131k 20 % su<br \/>\n- yakla\u015f\u0131k 5 % \u00e7oklu \u015feker<br \/>\n- yakla\u015f\u0131k 5 % vitamin (B1, B2, B6, C, H)<br \/>\nMineraller (potasyum, kalsiyum, bak\u0131r, demir, sodyum, magnezyum, fosfor, \u00e7inko ve di\u011fer eser elementler) Amino asitler (prolin, l\u00f6sin, fenilalanin, alanin, histidin, izol\u00f6sin, glutamik asit, arginin, aspartik asit vb.) Organik asitler Enzimler (fermentler) Aromalar \u0130nhibinler (antibakteriyel maddeler) \u00c7i\u00e7ekler Polen<\/p>\n<p><strong>Depolama:<\/strong> Yemin kalitesinden emin olmak i\u00e7in karanl\u0131k ve kuru bir yerde saklanmal\u0131d\u0131r.<\/p>\n<p><strong>Dikkat edin:<\/strong><br \/>\nBesleme t\u00fcplerinin nas\u0131l kullan\u0131laca\u011f\u0131na ili\u015fkin bilgileri burada bulabilirsiniz: Ba\u011flant\u0131<br \/>\nBal yiyen kar\u0131ncalar i\u00e7in ek yem.<br \/>\nBile\u015fim, analitik bile\u015fenler, son kullanma tarihi ve lot numaras\u0131 i\u00e7in l\u00fctfen prospekt\u00fcse bak\u0131n\u0131z.<\/p>\n<p>Bilgi Hatt\u0131 +49 30 439703870<\/p>\n<p>Sorumlu veterinerlik ve g\u0131da denetim makam\u0131:<br \/>\nSteglitz Veterinerlik Ofisi<br \/>\nK\u00f6nigin-Luise-Str. 92<br \/>\n14195 Berlin<\/p>","protected":false},"excerpt":{"rendered":"<p>Ek g\u0131da<\/p>","protected":false},"featured_media":5041,"comment_status":"open","ping_status":"closed","template":"","meta":{"_acf_changed":false,"content-type":"","_monsterinsights_skip_tracking":false,"_monsterinsights_sitenote_active":false,"_monsterinsights_sitenote_note":"","_monsterinsights_sitenote_category":0},"product_brand":[],"product_cat":[115,116],"product_tag":[],"class_list":{"0":"post-4659","1":"product","2":"type-product","3":"status-publish","4":"has-post-thumbnail","6":"product_cat-food-and-feeding","7":"product_cat-food","9":"first","10":"instock","11":"taxable","12":"shipping-taxable","13":"purchasable","14":"product-type-simple"},"acf":[],"aioseo_notices":[],"jetpack_sharing_enabled":true,"_links":{"self":[{"href":"https:\/\/antcube.shop\/tr\/wp-json\/wp\/v2\/product\/4659","targetHints":{"allow":["GET"]}}],"collection":[{"href":"https:\/\/antcube.shop\/tr\/wp-json\/wp\/v2\/product"}],"about":[{"href":"https:\/\/antcube.shop\/tr\/wp-json\/wp\/v2\/types\/product"}],"replies":[{"embeddable":true,"href":"https:\/\/antcube.shop\/tr\/wp-json\/wp\/v2\/comments?post=4659"}],"wp:featuredmedia":[{"embeddable":true,"href":"https:\/\/antcube.shop\/tr\/wp-json\/wp\/v2\/media\/5041"}],"wp:attachment":[{"href":"https:\/\/antcube.shop\/tr\/wp-json\/wp\/v2\/media?parent=4659"}],"wp:term":[{"taxonomy":"product_brand","embeddable":true,"href":"https:\/\/antcube.shop\/tr\/wp-json\/wp\/v2\/product_brand?post=4659"},{"taxonomy":"product_cat","embeddable":true,"href":"https:\/\/antcube.shop\/tr\/wp-json\/wp\/v2\/product_cat?post=4659"},{"taxonomy":"product_tag","embeddable":true,"href":"https:\/\/antcube.shop\/tr\/wp-json\/wp\/v2\/product_tag?post=4659"}],"curies":[{"name":"wp","href":"https:\/\/api.w.org\/{rel}","templated":true}]}}