{"id":4655,"date":"2022-11-14T14:35:04","date_gmt":"2022-11-14T13:35:04","guid":{"rendered":"https:\/\/antcube.shop\/produkt\/zucker-honiglosung-zh-nachfullpack-10ml\/"},"modified":"2026-04-03T11:58:54","modified_gmt":"2026-04-03T09:58:54","slug":"sugar-honey-solution-refill-pack-10ml","status":"publish","type":"product","link":"https:\/\/antcube.shop\/tr\/urun\/sugar-honey-solution-refill-pack-10ml\/","title":{"rendered":"\u015eeker bal\u0131 \u00e7\u00f6zeltisi (ZH) - dolum paketi 10ml"},"content":{"rendered":"<p><strong>\u0130\u00e7erik:<\/strong> 10 ml<\/p>\n<p><strong>A\u00e7\u0131klama:<\/strong> Bu, \u00e7e\u015fitli karbonhidratlardan (bal ve \u015feker gibi) olu\u015fan bir \u00fcr\u00fcnd\u00fcr.<\/p>\n<p><strong>Uygulama:<\/strong> Besleme t\u00fcp\u00fc bir b\u00fct\u00fcn olarak formikaryuma yerle\u015ftirilebilir, alternatif olarak gerekti\u011finde \/ koloni b\u00fcy\u00fckl\u00fc\u011f\u00fcne g\u00f6re bir besleme kab\u0131na daha k\u00fc\u00e7\u00fck miktarlarda eklenebilir. Yem miktar\u0131 yakla\u015f\u0131k 3 g\u00fcn i\u00e7inde kullan\u0131lmal\u0131d\u0131r, aksi takdirde k\u00fcflenme riski vard\u0131r ve ayn\u0131 nedenle yeniden doldurmadan \u00f6nce yem kab\u0131n\u0131 temizleyin.<\/p>\n<p><strong>Kullan\u0131m:<\/strong><br \/>\nKarbonhidratl\u0131 g\u0131da = \u015feker\/bal yiyen kar\u0131nca t\u00fcrleri i\u00e7in<br \/>\nEk yemdir (karma yem)<br \/>\nBir damla su ile kar\u0131\u015ft\u0131r\u0131labilir ve \u0131sland\u0131\u011f\u0131nda 3 g\u00fcn boyunca saklanabilir. Tekrar kullanmadan \u00f6nce besleme kab\u0131n\u0131\/t\u00fcp\u00fcn\u00fc iyice temizleyin.<br \/>\nA\u00e7\u0131lm\u0131\u015f bir paket, belirtilen tarihe (son kullanma tarihi) kadar s\u0131k\u0131ca kapal\u0131 olarak (kuru olarak saklan\u0131yorsa) kullan\u0131lmal\u0131d\u0131r.<\/p>\n<p><strong>\u0130\u00e7indekiler:<\/strong><br \/>\nFruktoz 27 ila 44%,<br \/>\nGlikoz 22 ila 41%,<br \/>\n5%'ye kadar s\u00fckroz,<br \/>\nmaltoz 4 ila 14%,<br \/>\ndi\u011fer \u00e7oklu \u015fekerler 1 ila 14%.<br \/>\n<strong>\u015ei\u015fman:<\/strong> 0g<br \/>\n<strong>Karbonhidratlar:<\/strong> 92g<br \/>\n<strong>Protein:<\/strong> 0g<br \/>\n<strong>Tuz:<\/strong> 0g<\/p>\n<p>Depolama: Yemin kalitesini sa\u011flamak i\u00e7in karanl\u0131k ve kuru bir yerde saklanmal\u0131d\u0131r.<\/p>\n<p><strong>Dikkat edin:<\/strong><br \/>\nBesleme t\u00fcplerinin nas\u0131l kullan\u0131laca\u011f\u0131na ili\u015fkin bilgileri burada bulabilirsiniz: Ba\u011flant\u0131<br \/>\nBile\u015fim, analitik bile\u015fenler, son kullanma tarihi ve lot numaras\u0131 i\u00e7in l\u00fctfen prospekt\u00fcse bak\u0131n\u0131z.<\/p>\n<p>Bilgi Hatt\u0131 +49 30 439703870<\/p>\n<p>Sorumlu veterinerlik ve g\u0131da denetim makam\u0131:<br \/>\nSteglitz Veterinerlik Ofisi<br \/>\nK\u00f6nigin-Luise-Str. 92<br \/>\n14195 Berlin<\/p>","protected":false},"excerpt":{"rendered":"<p>Ek g\u0131da<\/p>","protected":false},"featured_media":5058,"comment_status":"open","ping_status":"closed","template":"","meta":{"_acf_changed":false,"content-type":"","_monsterinsights_skip_tracking":false,"_monsterinsights_sitenote_active":false,"_monsterinsights_sitenote_note":"","_monsterinsights_sitenote_category":0},"product_brand":[],"product_cat":[115,116],"product_tag":[],"class_list":{"0":"post-4655","1":"product","2":"type-product","3":"status-publish","4":"has-post-thumbnail","6":"product_cat-food-and-feeding","7":"product_cat-food","9":"first","10":"instock","11":"taxable","12":"shipping-taxable","13":"purchasable","14":"product-type-simple"},"acf":[],"aioseo_notices":[],"jetpack_sharing_enabled":true,"_links":{"self":[{"href":"https:\/\/antcube.shop\/tr\/wp-json\/wp\/v2\/product\/4655","targetHints":{"allow":["GET"]}}],"collection":[{"href":"https:\/\/antcube.shop\/tr\/wp-json\/wp\/v2\/product"}],"about":[{"href":"https:\/\/antcube.shop\/tr\/wp-json\/wp\/v2\/types\/product"}],"replies":[{"embeddable":true,"href":"https:\/\/antcube.shop\/tr\/wp-json\/wp\/v2\/comments?post=4655"}],"wp:featuredmedia":[{"embeddable":true,"href":"https:\/\/antcube.shop\/tr\/wp-json\/wp\/v2\/media\/5058"}],"wp:attachment":[{"href":"https:\/\/antcube.shop\/tr\/wp-json\/wp\/v2\/media?parent=4655"}],"wp:term":[{"taxonomy":"product_brand","embeddable":true,"href":"https:\/\/antcube.shop\/tr\/wp-json\/wp\/v2\/product_brand?post=4655"},{"taxonomy":"product_cat","embeddable":true,"href":"https:\/\/antcube.shop\/tr\/wp-json\/wp\/v2\/product_cat?post=4655"},{"taxonomy":"product_tag","embeddable":true,"href":"https:\/\/antcube.shop\/tr\/wp-json\/wp\/v2\/product_tag?post=4655"}],"curies":[{"name":"wp","href":"https:\/\/api.w.org\/{rel}","templated":true}]}}