{"id":4650,"date":"2022-11-14T14:33:45","date_gmt":"2022-11-14T13:33:45","guid":{"rendered":"https:\/\/antcube.shop\/produkt\/kornerfutter-major-ma-nachfullpack-20ml\/"},"modified":"2026-04-18T01:21:11","modified_gmt":"2026-04-17T23:21:11","slug":"grain-food-major-refill-pack-20ml","status":"publish","type":"product","link":"https:\/\/antcube.shop\/tr\/urun\/grain-food-major-refill-pack-20ml\/","title":{"rendered":"Tah\u0131l mamas\u0131 Major (Ma) - dolum paketi 20ml"},"content":{"rendered":"<p><strong>\u0130\u00e7erik:<\/strong> 20 ml (yakla\u015f\u0131k 14 g'a e\u015fde\u011fer).<\/p>\n<p><strong>A\u00e7\u0131klama:<\/strong> Messor cinsi gibi tah\u0131l toplayan kar\u0131nca t\u00fcrlerinin daha b\u00fcy\u00fck kolonileri i\u00e7in daha b\u00fcy\u00fck tah\u0131llar\/tohumlar, zaten b\u00fcy\u00fck i\u015f\u00e7i kar\u0131ncalar i\u00e7eriyor.<\/p>\n<p><strong>Dikkat edin:<\/strong><br \/>\nBesleme t\u00fcplerinin nas\u0131l kullan\u0131laca\u011f\u0131na ili\u015fkin bilgileri burada bulabilirsiniz: Ba\u011flant\u0131<br \/>\nGranivor kar\u0131ncalar i\u00e7in tamamlay\u0131c\u0131 yem.<br \/>\nBile\u015fim, analitik bile\u015fenler, son kullanma tarihi ve lot numaras\u0131 i\u00e7in l\u00fctfen prospekt\u00fcse bak\u0131n\u0131z.<\/p>\n<p>Bilgi Hatt\u0131 +49 30 439703870<\/p>\n<p>Sorumlu veterinerlik ve g\u0131da denetim makam\u0131:<br \/>\nSteglitz Veterinerlik Ofisi<br \/>\nK\u00f6nigin-Luise-Str. 92<br \/>\n14195 Berlin<\/p>","protected":false},"excerpt":{"rendered":"<p>Ek g\u0131da<\/p>","protected":false},"featured_media":5736,"comment_status":"open","ping_status":"closed","template":"","meta":{"_acf_changed":false,"content-type":"","_monsterinsights_skip_tracking":false,"_monsterinsights_sitenote_active":false,"_monsterinsights_sitenote_note":"","_monsterinsights_sitenote_category":0},"product_brand":[],"product_cat":[115,116],"product_tag":[],"class_list":{"0":"post-4650","1":"product","2":"type-product","3":"status-publish","4":"has-post-thumbnail","6":"product_cat-food-and-feeding","7":"product_cat-food","9":"first","10":"instock","11":"taxable","12":"shipping-taxable","13":"purchasable","14":"product-type-simple"},"acf":[],"aioseo_notices":[],"jetpack_sharing_enabled":true,"_links":{"self":[{"href":"https:\/\/antcube.shop\/tr\/wp-json\/wp\/v2\/product\/4650","targetHints":{"allow":["GET"]}}],"collection":[{"href":"https:\/\/antcube.shop\/tr\/wp-json\/wp\/v2\/product"}],"about":[{"href":"https:\/\/antcube.shop\/tr\/wp-json\/wp\/v2\/types\/product"}],"replies":[{"embeddable":true,"href":"https:\/\/antcube.shop\/tr\/wp-json\/wp\/v2\/comments?post=4650"}],"wp:featuredmedia":[{"embeddable":true,"href":"https:\/\/antcube.shop\/tr\/wp-json\/wp\/v2\/media\/5736"}],"wp:attachment":[{"href":"https:\/\/antcube.shop\/tr\/wp-json\/wp\/v2\/media?parent=4650"}],"wp:term":[{"taxonomy":"product_brand","embeddable":true,"href":"https:\/\/antcube.shop\/tr\/wp-json\/wp\/v2\/product_brand?post=4650"},{"taxonomy":"product_cat","embeddable":true,"href":"https:\/\/antcube.shop\/tr\/wp-json\/wp\/v2\/product_cat?post=4650"},{"taxonomy":"product_tag","embeddable":true,"href":"https:\/\/antcube.shop\/tr\/wp-json\/wp\/v2\/product_tag?post=4650"}],"curies":[{"name":"wp","href":"https:\/\/api.w.org\/{rel}","templated":true}]}}