{"id":4648,"date":"2022-11-14T14:33:14","date_gmt":"2022-11-14T13:33:14","guid":{"rendered":"https:\/\/antcube.shop\/produkt\/himbeerblatter-100g-getrocknet\/"},"modified":"2026-04-08T08:47:44","modified_gmt":"2026-04-08T06:47:44","slug":"ahududu-yapragi-100g-kurutulmus","status":"publish","type":"product","link":"https:\/\/antcube.shop\/tr\/urun\/ahududu-yapragi-100g-kurutulmus\/","title":{"rendered":"Ahududu yapra\u011f\u0131 100g - kurutulmu\u015f"},"content":{"rendered":"<p><strong>\u0130\u00e7indekiler:<\/strong><br \/>\n100g kurutulmu\u015f ahududu yapra\u011f\u0131<\/p>\n<p><strong>A\u00e7\u0131klama:<\/strong><br \/>\nAhududu yapraklar\u0131 mantar yeti\u015ftiren kar\u0131nca t\u00fcrleri i\u00e7in bir \u00fcreme alan\u0131d\u0131r. Tamamen do\u011fal bir \u00fcr\u00fcnd\u00fcr.<\/p>\n<p><strong>Kullan\u0131m:<\/strong><br \/>\nAhududu yapraklar\u0131 = mantar \u00fcreyen kar\u0131nca t\u00fcrleri i\u00e7in.<br \/>\nKuru yapraklar sadece yaprak kesen kar\u0131ncalar\u0131n mantarlar\u0131 i\u00e7in bir \u00fcreme alan\u0131 g\u00f6revi g\u00f6r\u00fcr (eksik bitki sular\u0131n\u0131 yerine koymak i\u00e7in ayn\u0131 zamanda \u015fekerli s\u0131v\u0131lar sunman\u0131z tavsiye edilir). Beslenecek yapraklar\u0131 bir kuru g\u0131da haznesine yerle\u015ftirmeniz yeterlidir. Ancak taze yapraklar hayvanlar taraf\u0131ndan tercih edilir. Bu nedenle kurutulmu\u015f yapraklar, hi\u00e7birinin sunulamad\u0131\u011f\u0131 d\u00f6nemler i\u00e7in en uygun olan\u0131d\u0131r.<\/p>\n<p><strong>Depolama:<\/strong><br \/>\nKuru ortamda<\/p>\n<p><strong>\u0130\u00e7indekiler:<\/strong><br \/>\n100% kurutulmu\u015f ahududu yapraklar\u0131<\/p>","protected":false},"excerpt":{"rendered":"<p>Ek g\u0131da<\/p>","protected":false},"featured_media":5115,"comment_status":"open","ping_status":"closed","template":"","meta":{"_acf_changed":false,"content-type":"","_monsterinsights_skip_tracking":false,"_monsterinsights_sitenote_active":false,"_monsterinsights_sitenote_note":"","_monsterinsights_sitenote_category":0},"product_brand":[],"product_cat":[115,116],"product_tag":[],"class_list":{"0":"post-4648","1":"product","2":"type-product","3":"status-publish","4":"has-post-thumbnail","6":"product_cat-food-and-feeding","7":"product_cat-food","9":"first","10":"instock","11":"taxable","12":"shipping-taxable","13":"purchasable","14":"product-type-simple"},"acf":[],"aioseo_notices":[],"jetpack_sharing_enabled":true,"_links":{"self":[{"href":"https:\/\/antcube.shop\/tr\/wp-json\/wp\/v2\/product\/4648","targetHints":{"allow":["GET"]}}],"collection":[{"href":"https:\/\/antcube.shop\/tr\/wp-json\/wp\/v2\/product"}],"about":[{"href":"https:\/\/antcube.shop\/tr\/wp-json\/wp\/v2\/types\/product"}],"replies":[{"embeddable":true,"href":"https:\/\/antcube.shop\/tr\/wp-json\/wp\/v2\/comments?post=4648"}],"wp:featuredmedia":[{"embeddable":true,"href":"https:\/\/antcube.shop\/tr\/wp-json\/wp\/v2\/media\/5115"}],"wp:attachment":[{"href":"https:\/\/antcube.shop\/tr\/wp-json\/wp\/v2\/media?parent=4648"}],"wp:term":[{"taxonomy":"product_brand","embeddable":true,"href":"https:\/\/antcube.shop\/tr\/wp-json\/wp\/v2\/product_brand?post=4648"},{"taxonomy":"product_cat","embeddable":true,"href":"https:\/\/antcube.shop\/tr\/wp-json\/wp\/v2\/product_cat?post=4648"},{"taxonomy":"product_tag","embeddable":true,"href":"https:\/\/antcube.shop\/tr\/wp-json\/wp\/v2\/product_tag?post=4648"}],"curies":[{"name":"wp","href":"https:\/\/api.w.org\/{rel}","templated":true}]}}