{"id":4647,"date":"2022-11-14T14:32:59","date_gmt":"2022-11-14T13:32:59","guid":{"rendered":"https:\/\/antcube.shop\/produkt\/jelly-food-weises-protein-16g\/"},"modified":"2025-10-19T14:34:34","modified_gmt":"2025-10-19T12:34:34","slug":"jole-gida-beyaz-protein-16g","status":"publish","type":"product","link":"https:\/\/antcube.shop\/tr\/urun\/jole-gida-beyaz-protein-16g\/","title":{"rendered":"Jelly Food beyaz protein 16g"},"content":{"rendered":"<p><strong>Miktar:<\/strong> 16g<\/p>\n<p><strong>\u0130\u00e7indekiler:<\/strong><br \/>\nBile\u015fim: su, fruktoz \u015furubu, \u015feker<br \/>\nAnalitik bile\u015fenler: Nem 65%<\/p>\n<p><strong>Kullan\u0131m:<\/strong><br \/>\nMeyve yiyen kar\u0131nca t\u00fcrleri i\u00e7in.<br \/>\nEk yem olarak karma yem<br \/>\nMeyve yiyen kar\u0131nca t\u00fcrlerine haftada 2-3 kez verilmelidir.<br \/>\nTeslim edilmi\u015f halde hayvanlara sunulabilir. Oda s\u0131cakl\u0131\u011f\u0131nda j\u00f6le \u00e7abuk k\u00fcflenebilir. Bu nedenle mama en az 3 g\u00fcnde bir de\u011fi\u015ftirilmelidir. Tekrar kullanmadan \u00f6nce mama kab\u0131n\u0131 iyice temizleyin.<\/p>\n<p><strong>Raf \u00f6mr\u00fc:<\/strong><br \/>\nJ\u00f6le kapal\u0131 haldeyken en az 1 y\u0131l raf \u00f6mr\u00fcne sahiptir (paket \u00fczerindeki son kullanma tarihine bak\u0131n\u0131z); a\u00e7\u0131ld\u0131\u011f\u0131nda buzdolab\u0131nda saklanmal\u0131 ve 5-7 g\u00fcn i\u00e7inde kullan\u0131lmal\u0131d\u0131r. Ayr\u0131ca dondurucuda dondurabilir ve gerekti\u011finde k\u00fc\u00e7\u00fck miktarlarda \u00e7\u00f6zd\u00fcrebilirsiniz.<\/p>\n<p><strong>Dikkat edin:<\/strong><br \/>\nBile\u015fim, analitik bile\u015fenler, lot tan\u0131mlama numaras\u0131 ve son kullanma tarihi (BBD) i\u00e7in l\u00fctfen prospekt\u00fcse bak\u0131n\u0131z.<\/p>\n<p>Bilgi hatt\u0131 (faks): +49 2065-67290<\/p>\n<p>Sorumlu veterinerlik ve g\u0131da m\u00fcfetti\u015fli\u011fi:<br \/>\nResmi veteriner hekim \/ veteriner uzman.<br \/>\nSchnabelhuck 6'da<br \/>\n47049 Duisburg<\/p>","protected":false},"excerpt":{"rendered":"<p>Ek g\u0131da<\/p>","protected":false},"featured_media":5081,"comment_status":"open","ping_status":"closed","template":"","meta":{"_acf_changed":false,"content-type":"","_monsterinsights_skip_tracking":false,"_monsterinsights_sitenote_active":false,"_monsterinsights_sitenote_note":"","_monsterinsights_sitenote_category":0},"product_brand":[],"product_cat":[115,116],"product_tag":[],"class_list":{"0":"post-4647","1":"product","2":"type-product","3":"status-publish","4":"has-post-thumbnail","6":"product_cat-food-and-feeding","7":"product_cat-food","9":"first","10":"outofstock","11":"taxable","12":"shipping-taxable","13":"purchasable","14":"product-type-simple"},"acf":[],"aioseo_notices":[],"jetpack_sharing_enabled":true,"_links":{"self":[{"href":"https:\/\/antcube.shop\/tr\/wp-json\/wp\/v2\/product\/4647","targetHints":{"allow":["GET"]}}],"collection":[{"href":"https:\/\/antcube.shop\/tr\/wp-json\/wp\/v2\/product"}],"about":[{"href":"https:\/\/antcube.shop\/tr\/wp-json\/wp\/v2\/types\/product"}],"replies":[{"embeddable":true,"href":"https:\/\/antcube.shop\/tr\/wp-json\/wp\/v2\/comments?post=4647"}],"wp:featuredmedia":[{"embeddable":true,"href":"https:\/\/antcube.shop\/tr\/wp-json\/wp\/v2\/media\/5081"}],"wp:attachment":[{"href":"https:\/\/antcube.shop\/tr\/wp-json\/wp\/v2\/media?parent=4647"}],"wp:term":[{"taxonomy":"product_brand","embeddable":true,"href":"https:\/\/antcube.shop\/tr\/wp-json\/wp\/v2\/product_brand?post=4647"},{"taxonomy":"product_cat","embeddable":true,"href":"https:\/\/antcube.shop\/tr\/wp-json\/wp\/v2\/product_cat?post=4647"},{"taxonomy":"product_tag","embeddable":true,"href":"https:\/\/antcube.shop\/tr\/wp-json\/wp\/v2\/product_tag?post=4647"}],"curies":[{"name":"wp","href":"https:\/\/api.w.org\/{rel}","templated":true}]}}