{"id":4640,"date":"2022-11-14T14:31:10","date_gmt":"2022-11-14T13:31:10","guid":{"rendered":"https:\/\/antcube.shop\/produkt\/pinzette-federstahl-spitz-weich\/"},"modified":"2026-03-31T10:49:34","modified_gmt":"2026-03-31T08:49:34","slug":"pinzette-federstahl-spitz-weich","status":"publish","type":"product","link":"https:\/\/antcube.shop\/tr\/urun\/pinzette-federstahl-spitz-weich\/","title":{"rendered":"C\u0131mb\u0131z yay \u00e7eli\u011fi - sivri u\u00e7lu - yumu\u015fak"},"content":{"rendered":"<p><strong>Uzunluk:<\/strong> 120 mm<\/p>\n<p><strong>Malzeme:<\/strong> yay \u00e7eli\u011fi 0.2mm, paslanmaz \u00e7elik.<\/p>\n<p><strong>A\u00e7\u0131klama:<\/strong> Sivri u\u00e7lu yay \u00e7eli\u011fi c\u0131mb\u0131z, paslanmaz. Bu tip c\u0131mb\u0131zlarda bast\u0131rma bas\u0131nc\u0131 s\u0131n\u0131rl\u0131 oldu\u011fundan ve kar\u0131ncalar bu nedenle 'ezilemeyece\u011finden' kar\u0131ncalar\u0131 'toplamak' i\u00e7in idealdir.<\/p>\n<p>&nbsp;<\/p>\n<div style=\"width: 1020px;\" class=\"wp-video\"><video class=\"wp-video-shortcode\" id=\"video-4640-1\" width=\"1020\" height=\"574\" preload=\"metadata\" controls=\"controls\"><source type=\"video\/mp4\" src=\"https:\/\/antcube.shop\/wp-content\/uploads\/2024\/05\/Antcube_Tweezers-spring-steel-\u2013-pointed-\u2013-soft_preview01.mp4?_=1\" \/><a href=\"https:\/\/antcube.shop\/wp-content\/uploads\/2024\/05\/Antcube_Tweezers-spring-steel---pointed---soft_preview01.mp4\">https:\/\/antcube.shop\/wp-content\/uploads\/2024\/05\/Antcube_Tweezers-spring-steel---pointed---soft_preview01.mp4<\/a><\/video><\/div>\n<p>&nbsp;<\/p>","protected":false},"excerpt":{"rendered":"<p>Uzunluk: 120 mm, Malzeme: yay \u00e7eli\u011fi, paslanmaz<\/p>","protected":false},"featured_media":5099,"comment_status":"open","ping_status":"closed","template":"","meta":{"_acf_changed":false,"content-type":"","_monsterinsights_skip_tracking":false,"_monsterinsights_sitenote_active":false,"_monsterinsights_sitenote_note":"","_monsterinsights_sitenote_category":0},"product_brand":[],"product_cat":[237],"product_tag":[],"class_list":{"0":"post-4640","1":"product","2":"type-product","3":"status-publish","4":"has-post-thumbnail","6":"product_cat-tools","8":"first","9":"instock","10":"taxable","11":"shipping-taxable","12":"purchasable","13":"product-type-simple"},"acf":[],"aioseo_notices":[],"jetpack_sharing_enabled":true,"_links":{"self":[{"href":"https:\/\/antcube.shop\/tr\/wp-json\/wp\/v2\/product\/4640","targetHints":{"allow":["GET"]}}],"collection":[{"href":"https:\/\/antcube.shop\/tr\/wp-json\/wp\/v2\/product"}],"about":[{"href":"https:\/\/antcube.shop\/tr\/wp-json\/wp\/v2\/types\/product"}],"replies":[{"embeddable":true,"href":"https:\/\/antcube.shop\/tr\/wp-json\/wp\/v2\/comments?post=4640"}],"wp:featuredmedia":[{"embeddable":true,"href":"https:\/\/antcube.shop\/tr\/wp-json\/wp\/v2\/media\/5099"}],"wp:attachment":[{"href":"https:\/\/antcube.shop\/tr\/wp-json\/wp\/v2\/media?parent=4640"}],"wp:term":[{"taxonomy":"product_brand","embeddable":true,"href":"https:\/\/antcube.shop\/tr\/wp-json\/wp\/v2\/product_brand?post=4640"},{"taxonomy":"product_cat","embeddable":true,"href":"https:\/\/antcube.shop\/tr\/wp-json\/wp\/v2\/product_cat?post=4640"},{"taxonomy":"product_tag","embeddable":true,"href":"https:\/\/antcube.shop\/tr\/wp-json\/wp\/v2\/product_tag?post=4640"}],"curies":[{"name":"wp","href":"https:\/\/api.w.org\/{rel}","templated":true}]}}