{"id":4637,"date":"2022-11-14T14:30:23","date_gmt":"2022-11-14T13:30:23","guid":{"rendered":"https:\/\/antcube.shop\/produkt\/durchgangsschieber-l\/"},"modified":"2026-04-16T09:55:13","modified_gmt":"2026-04-16T07:55:13","slug":"gecis-kapisi-valf-l","status":"publish","type":"product","link":"https:\/\/antcube.shop\/tr\/urun\/gecis-kapisi-valf-l\/","title":{"rendered":"S\u00fcrg\u00fcl\u00fc vana - L"},"content":{"rendered":"<p><strong>Boyutlar:<\/strong> 78 x 27 x 53 mm 14\/16\/18\/20 mm boru veya kar\u0131nca \u00e7iftli\u011fi boyutu L i\u00e7in<\/p>\n<p>14\/10 hortum 14 mm sokete s\u0131k\u0131ca tak\u0131l\u0131r<br \/>\n20\/16 t\u00fcp ilk 16 mm'lik basama\u011fa sabitlenmi\u015ftir<br \/>\n22\/18 t\u00fcp ikinci 20 mm'lik basama\u011fa sabitlenmi\u015ftir<br \/>\n24\/20 hortum ikinci 20 mm'lik basama\u011fa gev\u015fek bir \u015fekilde tak\u0131l\u0131r<\/p>\n<p><strong>Malzeme:<\/strong> PMMA<\/p>\n<p><strong>Renkler:<\/strong> kristal berrakl\u0131\u011f\u0131nda, gri<\/p>\n<p><strong>\u0130\u00e7erik:<\/strong> 1x delikli kayd\u0131r\u0131c\u0131<\/p>\n<p><strong>A\u00e7\u0131klama:<\/strong> Ge\u00e7i\u015f s\u00fcrg\u00fcs\u00fc, bir t\u00fcpteki veya iki formikaryum aras\u0131ndaki kar\u0131ncalar\u0131n ge\u00e7i\u015fini engeller veya a\u00e7ar.<br \/>\n\u015eeffaft\u0131r, b\u00f6ylece \"kapat\u0131rken\" arada kar\u0131nca olup olmad\u0131\u011f\u0131n\u0131 kontrol edebilirsiniz. S\u00fcrg\u00fcl\u00fc vana, hortumlardaki kar\u0131nca ak\u0131\u015f\u0131n\u0131 kontrol etmek ve d\u00fczenlemek i\u00e7in de kullan\u0131l\u0131r.<\/p>\n<p>Uygulama hakk\u0131nda not<br \/>\nTelkari yap\u0131 nedeniyle, hortumlar\u0131 takarken veya \u00e7\u0131kar\u0131rken a\u015fa\u011f\u0131dakilere uyulmal\u0131d\u0131r:<br \/>\nHortumun konekt\u00f6r burcuna tak\u0131lmas\u0131 \u00e7ok zorsa, bur\u00e7 bir damla kopma koruma ya\u011f\u0131 veya tozuyla hafif\u00e7e ovulmal\u0131d\u0131r. Daha sonra hortum, yukar\u0131 ve a\u015fa\u011f\u0131 hareketlerle burcu zorlamadan, b\u00fckme veya vidalama hareketleriyle burcun \u00fczerine itilmelidir. Ayn\u0131 durum hortumlar\u0131 \u00e7iftli\u011fin ba\u011flant\u0131 burcundan \u00e7\u0131kar\u0131rken de ge\u00e7erlidir. L\u00fctfen basit\u00e7e \u00e7ekip \u00e7\u0131karmay\u0131n!<\/p>\n<p><strong>G\u00fcncelleme:<\/strong><br \/>\n15.12.2020 \u00dcr\u00fcn iyile\u015ftirmesi: \u00c7ubuklar 3 mm g\u00fc\u00e7lendirilmi\u015ftir.<\/p>","protected":false},"excerpt":{"rendered":"<p>Boyutlar: 14\/16\/18\/20 mm hortumlar i\u00e7in 78 x 27 x 53 mm veya kar\u0131nca \u00e7iftli\u011fi boyutu L 14\/10 hortum 14mm sokete s\u0131k\u0131ca tak\u0131l\u0131r 20\/16 hortum ilk 16mm basama\u011fa sabitlenir 22\/18 hortum ikinci 20mm basama\u011fa sabitlenir 24\/20 hortum ikinci 20mm basama\u011fa gev\u015fek\u00e7e tak\u0131l\u0131r Malzeme: PMMA Renkler: kristal","protected":false},"featured_media":5606,"comment_status":"open","ping_status":"closed","template":"","meta":{"_acf_changed":false,"content-type":"","_monsterinsights_skip_tracking":false,"_monsterinsights_sitenote_active":false,"_monsterinsights_sitenote_note":"","_monsterinsights_sitenote_category":0},"product_brand":[],"product_cat":[121],"product_tag":[],"class_list":{"0":"post-4637","1":"product","2":"type-product","3":"status-publish","4":"has-post-thumbnail","6":"product_cat-connectors","8":"first","9":"instock","10":"taxable","11":"shipping-taxable","12":"purchasable","13":"product-type-simple"},"acf":[],"aioseo_notices":[],"jetpack_sharing_enabled":true,"_links":{"self":[{"href":"https:\/\/antcube.shop\/tr\/wp-json\/wp\/v2\/product\/4637","targetHints":{"allow":["GET"]}}],"collection":[{"href":"https:\/\/antcube.shop\/tr\/wp-json\/wp\/v2\/product"}],"about":[{"href":"https:\/\/antcube.shop\/tr\/wp-json\/wp\/v2\/types\/product"}],"replies":[{"embeddable":true,"href":"https:\/\/antcube.shop\/tr\/wp-json\/wp\/v2\/comments?post=4637"}],"wp:featuredmedia":[{"embeddable":true,"href":"https:\/\/antcube.shop\/tr\/wp-json\/wp\/v2\/media\/5606"}],"wp:attachment":[{"href":"https:\/\/antcube.shop\/tr\/wp-json\/wp\/v2\/media?parent=4637"}],"wp:term":[{"taxonomy":"product_brand","embeddable":true,"href":"https:\/\/antcube.shop\/tr\/wp-json\/wp\/v2\/product_brand?post=4637"},{"taxonomy":"product_cat","embeddable":true,"href":"https:\/\/antcube.shop\/tr\/wp-json\/wp\/v2\/product_cat?post=4637"},{"taxonomy":"product_tag","embeddable":true,"href":"https:\/\/antcube.shop\/tr\/wp-json\/wp\/v2\/product_tag?post=4637"}],"curies":[{"name":"wp","href":"https:\/\/api.w.org\/{rel}","templated":true}]}}