{"id":4630,"date":"2022-11-14T14:28:33","date_gmt":"2022-11-14T13:28:33","guid":{"rendered":"https:\/\/antcube.shop\/produkt\/ameisenarena-rahmen-40x20\/"},"modified":"2026-04-15T09:42:29","modified_gmt":"2026-04-15T07:42:29","slug":"ant-arena-frame-40x20","status":"publish","type":"product","link":"https:\/\/antcube.shop\/tr\/urun\/ant-arena-frame-40x20\/","title":{"rendered":"Kar\u0131nca arenas\u0131 \u00e7er\u00e7evesi 40\u00d720"},"content":{"rendered":"<p><strong>Boyutlar (LxWxH):<\/strong> 40x20x0,4 cm<\/p>\n<p><strong>Malzeme:<\/strong> d\u00fcz cam<\/p>\n<p><strong>Renk:<\/strong> kristal berrakl\u0131\u011f\u0131nda \/ \u015feffaf<\/p>\n<p><strong>\u0130\u00e7indekiler:<\/strong><br \/>\n1x kar\u0131nca arenas\u0131 \u00e7er\u00e7evesi<\/p>\n<p><strong>A\u00e7\u0131klama:<\/strong><br \/>\nK\u0131r\u0131lma korumas\u0131 olarak kar\u0131nca arenas\u0131 i\u00e7in camdan yap\u0131lm\u0131\u015f \u00e7er\u00e7eve.<\/p>\n<p><strong>Uygulama:<\/strong><br \/>\nKar\u0131nca arenas\u0131 \u00e7er\u00e7evesi, bir kar\u0131nca arenas\u0131 \u00fczerine yerle\u015ftirilen ve alt taraftan k\u0131r\u0131lma \u00f6nleyici bir koruma (ya\u011f, toz veya vernik) ile sa\u011flanan ve b\u00f6ylece kar\u0131ncalar\u0131n k\u0131r\u0131lmas\u0131n\u0131 \u00f6nleyen camdan yap\u0131lm\u0131\u015f bir \u00e7er\u00e7evedir.<\/p>\n<p><strong>Dikkat edin:<\/strong><br \/>\n\u00dcr\u00fcn camdan yap\u0131ld\u0131\u011f\u0131 ve bu nedenle hassas oldu\u011fu i\u00e7in \u00e7ok dikkatli kullan\u0131lmal\u0131d\u0131r. Cam, DIN 1249'a g\u00f6re +\/- 1 mm toleransla kesilmi\u015ftir. Son derece k\u00fc\u00e7\u00fck kar\u0131nca t\u00fcrleri i\u00e7in ek kopma korumas\u0131 gereklidir.<\/p>\n<p>&nbsp;<\/p>\n<p>&nbsp;<\/p>","protected":false},"excerpt":{"rendered":"<p>Boyutlar (UxGxY): 30x30x0,4 cm Malzeme: float cam Renk: kristal berrakl\u0131\u011f\u0131nda \/ \u015feffaf \u0130\u00e7indekiler: 1x kar\u0131nca arenas\u0131 \u00e7er\u00e7evesi A\u00e7\u0131klama: Kar\u0131nca arenas\u0131 i\u00e7in kopma korumas\u0131 olarak camdan yap\u0131lm\u0131\u015f \u00e7er\u00e7eve. Uygulama: Kar\u0131nca arenas\u0131 \u00e7er\u00e7evesi, bir kar\u0131nca arenas\u0131na yerle\u015ftirilen ve k\u0131r\u0131lmaya kar\u015f\u0131 koruma sa\u011flayan camdan yap\u0131lm\u0131\u015f bir \u00e7er\u00e7evedir.","protected":false},"featured_media":5119,"comment_status":"open","ping_status":"closed","template":"","meta":{"_acf_changed":false,"content-type":"","_monsterinsights_skip_tracking":false,"_monsterinsights_sitenote_active":false,"_monsterinsights_sitenote_note":"","_monsterinsights_sitenote_category":0},"product_brand":[],"product_cat":[119,239,91,93],"product_tag":[],"class_list":{"0":"post-4630","1":"product","2":"type-product","3":"status-publish","4":"has-post-thumbnail","6":"product_cat-formicarium-components","7":"product_cat-useful-additions","8":"product_cat-formicarium-modules","9":"product_cat-arena-frame","11":"first","12":"instock","13":"taxable","14":"shipping-taxable","15":"purchasable","16":"product-type-simple"},"acf":[],"aioseo_notices":[],"jetpack_sharing_enabled":true,"_links":{"self":[{"href":"https:\/\/antcube.shop\/tr\/wp-json\/wp\/v2\/product\/4630","targetHints":{"allow":["GET"]}}],"collection":[{"href":"https:\/\/antcube.shop\/tr\/wp-json\/wp\/v2\/product"}],"about":[{"href":"https:\/\/antcube.shop\/tr\/wp-json\/wp\/v2\/types\/product"}],"replies":[{"embeddable":true,"href":"https:\/\/antcube.shop\/tr\/wp-json\/wp\/v2\/comments?post=4630"}],"wp:featuredmedia":[{"embeddable":true,"href":"https:\/\/antcube.shop\/tr\/wp-json\/wp\/v2\/media\/5119"}],"wp:attachment":[{"href":"https:\/\/antcube.shop\/tr\/wp-json\/wp\/v2\/media?parent=4630"}],"wp:term":[{"taxonomy":"product_brand","embeddable":true,"href":"https:\/\/antcube.shop\/tr\/wp-json\/wp\/v2\/product_brand?post=4630"},{"taxonomy":"product_cat","embeddable":true,"href":"https:\/\/antcube.shop\/tr\/wp-json\/wp\/v2\/product_cat?post=4630"},{"taxonomy":"product_tag","embeddable":true,"href":"https:\/\/antcube.shop\/tr\/wp-json\/wp\/v2\/product_tag?post=4630"}],"curies":[{"name":"wp","href":"https:\/\/api.w.org\/{rel}","templated":true}]}}