{"id":4628,"date":"2022-11-14T14:28:01","date_gmt":"2022-11-14T13:28:01","guid":{"rendered":"https:\/\/antcube.shop\/produkt\/antcube-ameisenfarm-m-30x30-wand\/"},"modified":"2026-03-26T09:28:48","modified_gmt":"2026-03-26T08:28:48","slug":"antcube-ant-farm-m-30x30-wall","status":"publish","type":"product","link":"https:\/\/antcube.shop\/tr\/urun\/antcube-ant-farm-m-30x30-wall\/","title":{"rendered":"ANTCUBE - Kar\u0131nca \u00e7iftli\u011fi - M - 30\u00d730 - duvar"},"content":{"rendered":"<p><strong>Boyutlar (LxH):\u00a0<\/strong><br \/>\n<strong>D\u0131\u015far\u0131da:<\/strong> 32,5 x 32,5 cm \/ \u0130\u00e7: 29,2 x 29,2 cm<\/p>\n<p><strong>Malzeme:<\/strong><br \/>\nD\u00fcz cam, ah\u015fap, PMMA<\/p>\n<p><strong>Renk:<\/strong><br \/>\nkristal berrakl\u0131\u011f\u0131nda, beyaz<\/p>\n<p><strong>\u0130\u00e7erik:<\/strong><br \/>\n1x Kar\u0131nca \u00e7iftli\u011fi 20mm plaka aral\u0131\u011f\u0131 ile duvara montaj.<br \/>\n1x kapak<br \/>\n1x m\u0131knat\u0131s kilitli beyaz boyal\u0131 ah\u015fap \u00e7er\u00e7eve<br \/>\nYuva ekleri i\u00e7in 2x ara \u00e7ubuk<br \/>\n6x vida ve d\u00fcbel (ah\u015fap \/ ta\u015f duvar i\u00e7in)<\/p>\n<p><strong>Ba\u011flant\u0131:<\/strong><br \/>\n2x 8\/10 x 10mm soket<\/p>\n<p><strong>A\u00e7\u0131klama:<\/strong><br \/>\nBu kar\u0131nca \u00e7iftlikleri duvara montaj i\u00e7in tasarlanm\u0131\u015ft\u0131r ve ah\u015fap ve ta\u015f duvarlara kolayca monte edilebilir.<br \/>\n\u00c7er\u00e7eve, modern ve zamans\u0131z bir tasar\u0131ma sahip beyaz boya kaplamal\u0131 ger\u00e7ek do\u011fal ah\u015faptan yap\u0131lm\u0131\u015ft\u0131r.<br \/>\nBu \u00e7er\u00e7eve, \u00e7iftli\u011fi a\u00e7mak i\u00e7in \u00e7\u0131kar\u0131labilir ve manyetik bir tutucu arac\u0131l\u0131\u011f\u0131yla \u00e7iftli\u011fe yeniden tak\u0131labilir.<\/p>\n<p><strong>Montaj talimatlar\u0131:<\/strong><br \/>\nDuvara 6 adet \"S6\" d\u00fcbel takmak i\u00e7in 6 mm matkap ucuna sahip bir matkaba ihtiyac\u0131n\u0131z vard\u0131r (malzemeye ba\u011fl\u0131 olarak ah\u015fap veya ta\u015f).<br \/>\nD\u00fcbelleri 4x30mm vidalarla hav\u015fa a\u00e7mak i\u00e7in duvarda 40mm derinli\u011finde delikler a\u00e7\u0131lmal\u0131d\u0131r.<\/p>\n<p><strong>\u00dcretim hakk\u0131nda notlar<\/strong><br \/>\nCam DIN 1249'a g\u00f6re +\/- 1 mm toleransla kesilmi\u015ftir. \u00c7ok k\u00fc\u00e7\u00fck kar\u0131nca t\u00fcrleri i\u00e7in ek bir kopma korumas\u0131 gereklidir.<\/p>\n<p><strong>\u00c7iftlik hakk\u0131nda not<\/strong><br \/>\nHortumlar\u0131 takarken veya \u00e7\u0131kar\u0131rken l\u00fctfen a\u015fa\u011f\u0131dakilere dikkat edin:<br \/>\nHortumun konekt\u00f6r burcuna tak\u0131lmas\u0131 \u00e7ok zorsa, bur\u00e7 bir damla kopma koruma ya\u011f\u0131 veya tozuyla hafif\u00e7e ovulmal\u0131d\u0131r. Daha sonra hortum, yukar\u0131 ve a\u015fa\u011f\u0131 hareketlerle burcu zorlamadan, b\u00fckme veya vidalama hareketleriyle burcun \u00fczerine itilmelidir. Ayn\u0131 durum hortumlar\u0131 \u00e7iftli\u011fin ba\u011flant\u0131 burcundan \u00e7\u0131kar\u0131rken de ge\u00e7erlidir. L\u00fctfen basit\u00e7e \u00e7ekip \u00e7\u0131karmay\u0131n!<\/p>","protected":false},"excerpt":{"rendered":"<p><strong>Ba\u011flant\u0131:<\/strong> soket 2x 8\/10 mm; <strong>plaka aral\u0131\u011f\u0131:<\/strong> 10 mm i\u00e7inde<br \/>\n<strong>Boyut:<\/strong> <strong><span style=\"color: #339966;\">M<\/span><\/strong><\/p>","protected":false},"featured_media":5188,"comment_status":"open","ping_status":"closed","template":"","meta":{"_acf_changed":false,"content-type":"","_monsterinsights_skip_tracking":false,"_monsterinsights_sitenote_active":false,"_monsterinsights_sitenote_note":"","_monsterinsights_sitenote_category":0},"product_brand":[],"product_cat":[80,82],"product_tag":[],"class_list":{"0":"post-4628","1":"product","2":"type-product","3":"status-publish","4":"has-post-thumbnail","6":"product_cat-antfarms","7":"product_cat-antfarms-m","9":"first","10":"instock","11":"taxable","12":"shipping-taxable","13":"purchasable","14":"product-type-simple"},"acf":[],"aioseo_notices":[],"jetpack_sharing_enabled":true,"_links":{"self":[{"href":"https:\/\/antcube.shop\/tr\/wp-json\/wp\/v2\/product\/4628","targetHints":{"allow":["GET"]}}],"collection":[{"href":"https:\/\/antcube.shop\/tr\/wp-json\/wp\/v2\/product"}],"about":[{"href":"https:\/\/antcube.shop\/tr\/wp-json\/wp\/v2\/types\/product"}],"replies":[{"embeddable":true,"href":"https:\/\/antcube.shop\/tr\/wp-json\/wp\/v2\/comments?post=4628"}],"wp:featuredmedia":[{"embeddable":true,"href":"https:\/\/antcube.shop\/tr\/wp-json\/wp\/v2\/media\/5188"}],"wp:attachment":[{"href":"https:\/\/antcube.shop\/tr\/wp-json\/wp\/v2\/media?parent=4628"}],"wp:term":[{"taxonomy":"product_brand","embeddable":true,"href":"https:\/\/antcube.shop\/tr\/wp-json\/wp\/v2\/product_brand?post=4628"},{"taxonomy":"product_cat","embeddable":true,"href":"https:\/\/antcube.shop\/tr\/wp-json\/wp\/v2\/product_cat?post=4628"},{"taxonomy":"product_tag","embeddable":true,"href":"https:\/\/antcube.shop\/tr\/wp-json\/wp\/v2\/product_tag?post=4628"}],"curies":[{"name":"wp","href":"https:\/\/api.w.org\/{rel}","templated":true}]}}