{"id":4625,"date":"2022-11-14T14:21:09","date_gmt":"2022-11-14T13:21:09","guid":{"rendered":"https:\/\/antcube.shop\/produkt\/acrylglas-xt-rohr-50-46mm-1m\/"},"modified":"2026-03-26T18:04:53","modified_gmt":"2026-03-26T17:04:53","slug":"acrylic-xt-tube-50-46mm-1m","status":"publish","type":"product","link":"https:\/\/antcube.shop\/tr\/urun\/acrylic-xt-tube-50-46mm-1m\/","title":{"rendered":"Kar\u0131nca borusu - kristal berrakl\u0131\u011f\u0131nda - 50mm - 1m"},"content":{"rendered":"<p><strong>Boyutlar:<\/strong> d\u0131\u015f \u00e7ap 50 mm, uzunluk: 1m<\/p>\n<p><strong>Malzeme:<\/strong> akri\u0307li\u0307k cam<\/p>\n<p><strong>Renk:<\/strong> \u015feffaf, a\u00e7\u0131k<\/p>\n<p><strong>A\u00e7\u0131klama:<\/strong> Adapt\u00f6rler arac\u0131l\u0131\u011f\u0131yla formikaryuma ba\u011flanabilir veya birka\u00e7 formikaryumu birbirine ba\u011flayabilir.<\/p>\n<p><strong>Not:<\/strong> Paketleme nedeniyle 1 metrelik borular ikiye b\u00f6l\u00fcnebilir ve iste\u011fe ba\u011fl\u0131 olarak e\u015fle\u015fen bir boru par\u00e7as\u0131yla birlikte sipari\u015f edilebilir. T\u00fcplerin her durumda 1 metrelik t\u00fcpler olarak teslim edilmesi isteniyorsa, bu ekstra olarak se\u00e7ilmelidir.<\/p>","protected":false},"excerpt":{"rendered":"<p>Boyutlar: d\u0131\u015f \u00e7ap 50 mm, uzunluk: 1m Malzeme: akrilik cam Renk: \u015feffaf, berrak A\u00e7\u0131klama: Adapt\u00f6rler arac\u0131l\u0131\u011f\u0131yla formikaryuma ba\u011flanabilir veya birka\u00e7 formikaryumu birbirine ba\u011flayabilir. Not: Paketleme nedeniyle, 1 metrelik t\u00fcpler ikiye kesilebilir ve iste\u011fe ba\u011fl\u0131 olarak e\u015fle\u015fen bir boru par\u00e7as\u0131 ile sipari\u015f edilebilir. E\u011fer bir t\u00fcpe sahip olmak istiyorsan\u0131z","protected":false},"featured_media":5122,"comment_status":"open","ping_status":"closed","template":"","meta":{"_acf_changed":false,"content-type":"","_monsterinsights_skip_tracking":false,"_monsterinsights_sitenote_active":false,"_monsterinsights_sitenote_note":"","_monsterinsights_sitenote_category":0},"product_brand":[],"product_cat":[119,120],"product_tag":[],"class_list":{"0":"post-4625","1":"product","2":"type-product","3":"status-publish","4":"has-post-thumbnail","6":"product_cat-formicarium-components","7":"product_cat-hoses","9":"first","10":"instock","11":"taxable","12":"shipping-taxable","13":"purchasable","14":"product-type-simple"},"acf":[],"aioseo_notices":[],"jetpack_sharing_enabled":true,"_links":{"self":[{"href":"https:\/\/antcube.shop\/tr\/wp-json\/wp\/v2\/product\/4625","targetHints":{"allow":["GET"]}}],"collection":[{"href":"https:\/\/antcube.shop\/tr\/wp-json\/wp\/v2\/product"}],"about":[{"href":"https:\/\/antcube.shop\/tr\/wp-json\/wp\/v2\/types\/product"}],"replies":[{"embeddable":true,"href":"https:\/\/antcube.shop\/tr\/wp-json\/wp\/v2\/comments?post=4625"}],"wp:featuredmedia":[{"embeddable":true,"href":"https:\/\/antcube.shop\/tr\/wp-json\/wp\/v2\/media\/5122"}],"wp:attachment":[{"href":"https:\/\/antcube.shop\/tr\/wp-json\/wp\/v2\/media?parent=4625"}],"wp:term":[{"taxonomy":"product_brand","embeddable":true,"href":"https:\/\/antcube.shop\/tr\/wp-json\/wp\/v2\/product_brand?post=4625"},{"taxonomy":"product_cat","embeddable":true,"href":"https:\/\/antcube.shop\/tr\/wp-json\/wp\/v2\/product_cat?post=4625"},{"taxonomy":"product_tag","embeddable":true,"href":"https:\/\/antcube.shop\/tr\/wp-json\/wp\/v2\/product_tag?post=4625"}],"curies":[{"name":"wp","href":"https:\/\/api.w.org\/{rel}","templated":true}]}}