{"id":4613,"date":"2022-11-01T18:09:28","date_gmt":"2022-11-01T17:09:28","guid":{"rendered":"https:\/\/antcube.shop\/produkt\/antcube-starter-set-vivarium-30x30x30-cube\/"},"modified":"2026-04-14T09:35:34","modified_gmt":"2026-04-14T07:35:34","slug":"plantcube-vivaryum-20x20x20-biom","status":"publish","type":"product","link":"https:\/\/antcube.shop\/tr\/urun\/plantcube-vivaryum-20x20x20-biom\/","title":{"rendered":"PLANTCUBE - Vivarium 20x20x20 Biom"},"content":{"rendered":"<p><b>\u0130\u00e7indekiler:<\/b><b><br \/>\n<\/b><span style=\"font-weight: 400;\">1x PLANTCUBE Vivarium 20x20x20 Biom<\/span><span style=\"font-weight: 400;\"><br \/>\n<\/span><span style=\"font-weight: 400;\">10 mm delik i\u00e7in 2x tapa<\/span><\/p>\n<p><span style=\"font-weight: 400;\">20x20x20cm cam k\u00fcp, 2x taraf\u0131 27mm delikli ve 2x taraf\u0131 10mm delikli<\/span><span style=\"font-weight: 400;\"><br \/>\n<\/span><span style=\"font-weight: 400;\">27 mm'lik delik (orta nokta) 8,5 cm y\u00fcksekliktedir.\u00a0<\/span><\/p>\n<p><b>Boyutlar:<\/b><span style=\"font-weight: 400;\"> 200 x 200 x 200mm; 4mm cam kal\u0131nl\u0131\u011f\u0131<\/span><\/p>\n<p><b>Malzeme:<\/b><span style=\"font-weight: 400;\"> d\u00fcz cam<\/span><\/p>\n<p><b>Yan a\u00e7\u0131kl\u0131klar:<\/b><b><br \/>\n<\/b><span style=\"font-weight: 400;\">2x delik 27mm<\/span><span style=\"font-weight: 400;\"><br \/>\n<\/span><span style=\"font-weight: 400;\">2x delik 10mm<\/span><\/p>\n<p><span style=\"font-weight: 400;\">PLANTCUBE Vivariumlar\u0131m\u0131z ile oturma odan\u0131z i\u00e7in kendi canl\u0131 sanat eserinizi tasarlayabilirsiniz. PLANTCUBE'da k\u00fc\u00e7\u00fck hayvanlar da besleyebilirsiniz, b\u00f6ylece yarat\u0131c\u0131l\u0131\u011f\u0131n\u0131z\u0131n s\u0131n\u0131r\u0131 yoktur.<\/span><\/p>\n<p><span style=\"font-weight: 400;\">PLANTCUBE hakk\u0131nda daha fazla bilgi edinmek veya vivaryumunuzu kurmak i\u00e7in ad\u0131m ad\u0131m k\u0131lavuzumuzu okumak isterseniz, a\u015fa\u011f\u0131daki ba\u011flant\u0131y\u0131 ziyaret edin: <a href=\"http:\/\/antcube.shop\/PLANTCUBE\">antcube.shop\/PLANTCUBE<\/a><\/span><\/p>\n<p><b>PLANTCUBE'\u0131n\u0131z\u0131 kendinizin veya bitki ve hayvanlar\u0131n\u0131z\u0131n ihtiya\u00e7lar\u0131na g\u00f6re \u00f6zelle\u015ftirin:<\/b><\/p>\n<p><span style=\"font-weight: 400;\">Yan tarafta, alttan 2 cm y\u00fckseklikte (ortada) bulunan iki adet 10 mm'lik delik, fazla suyu bo\u015faltmak i\u00e7indir. \u00d6rne\u011fin, suyu bo\u015faltmak i\u00e7in \u015feffaf 10\/06mm hortumumuzu kullanabilirsiniz. \u0130ki adet 27 mm'lik delik ya tapalarla kapat\u0131labilir ya da \u0131zgara ekleriyle donat\u0131ld\u0131\u011f\u0131nda ek havaland\u0131rma g\u00f6revi g\u00f6rebilir. Hatta akrilik bir t\u00fcp arac\u0131l\u0131\u011f\u0131yla iki kurulumu buraya ba\u011flayabilirsiniz. Bu \u015fekilde, hayvanlar\u0131 Vivarium'unuzun i\u00e7inde tutarsan\u0131z, bir kurulumdan di\u011ferine serbest\u00e7e dola\u015fabilirler.<\/span><\/p>\n<p><b>PLANTCUBE'\u0131n\u0131z\u0131 biyoaktif bir ekosisteme nas\u0131l d\u00f6n\u00fc\u015ft\u00fcrebilirsiniz?<\/b><\/p>\n<p><b>Bir drenaj katman\u0131 olu\u015fturun:<\/b><\/p>\n<p><span style=\"font-weight: 400;\">Bitkilerinizi desteklemek i\u00e7in \u00f6nce Vivarium'unuzun i\u00e7inde bir drenaj tabakas\u0131 olu\u015fturmal\u0131s\u0131n\u0131z. Hafif olduklar\u0131 i\u00e7in 2-3 cm kil gran\u00fclleri (4-8 mm) kullanman\u0131z\u0131 \u00f6neririz. Tozdan ar\u0131nd\u0131rmak i\u00e7in koymadan \u00f6nce akan su alt\u0131nda y\u0131kad\u0131\u011f\u0131n\u0131zdan emin olun.\u00a0<\/span><\/p>\n<p><span style=\"font-weight: 400;\">Drenaj\u0131 alt tabakadan ay\u0131rmak i\u00e7in kil gran\u00fcllerinin \u00fczerine bir drenaj ke\u00e7esi yerle\u015ftirebilirsiniz.<\/span><\/p>\n<p><b>Hangi bitkiler ve toprak kullan\u0131lmal\u0131?<\/b><\/p>\n<p><span style=\"font-weight: 400;\">Bunlar\u0131n hepsi olu\u015fturmak istedi\u011finiz \"Ekosistem\" t\u00fcr\u00fcne ba\u011fl\u0131d\u0131r. E\u011fer bir \u00e7\u00f6l veya olduk\u00e7a kuru bir Vivarium in\u015fa etmek istiyorsan\u0131z, o iklimde geli\u015fen bitkilere ihtiyac\u0131n\u0131z olacak ve b\u00fcy\u00fcmeyi sevdikleri uygun topra\u011f\u0131 kullanacaks\u0131n\u0131z. Tropikal akvaryumlar i\u00e7in de durum elbette ayn\u0131d\u0131r. Benzer b\u00f6lgelerden ve\/veya iklimlerden bitkiler kullanmaya \u00e7al\u0131\u015f\u0131n, b\u00f6ylece hepsi ayn\u0131 t\u00fcr toprak ve iklimde iyi sonu\u00e7 verecektir. \u0130yi bir bitki ma\u011fazas\u0131 her zaman satt\u0131\u011f\u0131 bitkiler i\u00e7in uygun iklim ve toprak hakk\u0131nda bilgi sahibi olmal\u0131d\u0131r.<\/span><\/p>\n<p><b>\u00d6nemli:<\/b><span style=\"font-weight: 400;\"> Bitkileri ve hayvanlar\u0131 bir arada tutmak istiyorsan\u0131z, g\u00fcbre veya b\u00f6cek ilac\u0131 ile temas edip etmedi\u011fini bilmedi\u011finiz bitkileri asla kullanmamal\u0131s\u0131n\u0131z. Sadece teraryum ma\u011fazalar\u0131ndan veya benzeri yerlerden temin edilen ve tamamen b\u00f6cek ilac\u0131 ve g\u00fcbre i\u00e7ermedi\u011fi garanti edilen bitkileri kullan\u0131n. Aksi takdirde bunlar hayvanlar\u0131n\u0131z\u0131n \u00f6l\u00fcm\u00fcne yol a\u00e7abilir.<\/span><\/p>\n<p><b>Vivaryumunuzu Biyoaktif hale getirmek i\u00e7in bir \"Temizlik Ekibi\" kurun<\/b><\/p>\n<p><b>Biyoaktif nedir? <\/b><span style=\"font-weight: 400;\">Biyoaktif nedir? Bu, kendi kendini idame ettiren bir kuruluma en yak\u0131n olan \u015feydir. Bu tamamen mikrofloran\u0131n olu\u015fmas\u0131 i\u00e7in uygun toprak kar\u0131\u015f\u0131m\u0131 ve organik materyalin yan\u0131 s\u0131ra Vivariumunuzda bir besin d\u00f6ng\u00fcs\u00fc olu\u015fturmak i\u00e7in gerekli mikrofaunan\u0131n eklenmesiyle ilgilidir.<\/span><\/p>\n<p><span style=\"font-weight: 400;\">Tavsiyemiz: Her zaman yay kuyruklar ve izopodlar gibi k\u00fc\u00e7\u00fck canl\u0131lar ekleyin. E\u011fer akvaryumunuzda ba\u015fka hayvanlar da beslemek istiyorsan\u0131z, bu canl\u0131lar sadece kendileri i\u00e7in \"hi\u00e7 bitmeyen\" iyi bir besin kayna\u011f\u0131 de\u011fildir. \u00d6zellikle y\u00fcksek nem nedeniyle olu\u015fabilecek k\u00fcflerle beslenirler ve topra\u011f\u0131 besinlerle zenginle\u015ftirerek bitkilerin sa\u011fl\u0131kl\u0131 bir \u015fekilde b\u00fcy\u00fcmesini sa\u011flarlar.<\/span><\/p>\n<p><span style=\"font-weight: 400;\">Topra\u011f\u0131n\u0131za mikroplar\u0131n kolonile\u015fmesine yard\u0131mc\u0131 olacak bir miktar odun k\u00f6m\u00fcr\u00fc ekleyin. Yaprak \u00e7\u00f6p\u00fcne ek olarak yosun ve mantar kabu\u011fu veya beyaz \u00e7\u00fcr\u00fcm\u00fc\u015f odun sadece kurulumunuzda do\u011fal g\u00f6r\u00fcnmekle kalmaz, ayn\u0131 zamanda \"temizlik ekibinizi\" besler, onlar i\u00e7in saklanma ve \u00fcreme noktalar\u0131 sa\u011flar ve bitkileriniz i\u00e7in besin maddelerine ayr\u0131lmas\u0131 kolayd\u0131r.<\/span><\/p>\n<p><b>Do\u011fada her \u015fey dengeyle ilgilidir<\/b><\/p>\n<p><span style=\"font-weight: 400;\">Bununla birlikte, belirli izopod t\u00fcrlerini onlar\u0131 avlayan herhangi bir \u015fey eklemeden kullanman\u0131z tavsiye edilmez, \u00e7\u00fcnk\u00fc \u00f6rne\u011fin kar\u0131ncalar gibi avc\u0131lar\u0131 olmayan bir izopod pop\u00fclasyonu kontrolden \u00e7\u0131kmay\u0131 sever ve Vivarium'unuzdaki bitkiler h\u0131zla istenmeyen bir besin kayna\u011f\u0131 haline gelir. Do\u011fada her \u015fey dengeyle ilgilidir.<\/span><\/p>\n<p><b>Daha fazla bilgi i\u00e7in:<\/b><\/p>\n<p><span style=\"font-weight: 400;\">Cam DIN 1249'a g\u00f6re +\/- 1 mm toleransla kesilmi\u015ftir. \u00c7ok k\u00fc\u00e7\u00fck kar\u0131nca t\u00fcrleri i\u00e7in ek kopma korumas\u0131 gereklidir.<\/span><\/p>","protected":false},"excerpt":{"rendered":"<p>Ba\u011flant\u0131: 2x delik 27 mm<br \/>\n2x delik 10 mm<\/p>","protected":false},"featured_media":12297,"comment_status":"open","ping_status":"closed","template":"","meta":{"_acf_changed":false,"content-type":"","_monsterinsights_skip_tracking":false,"_monsterinsights_sitenote_active":false,"_monsterinsights_sitenote_note":"","_monsterinsights_sitenote_category":0},"product_brand":[483],"product_cat":[341],"product_tag":[],"class_list":{"0":"post-4613","1":"product","2":"type-product","3":"status-publish","4":"has-post-thumbnail","6":"product_brand-plantcube","7":"product_cat-vivariums","9":"first","10":"instock","11":"taxable","12":"shipping-taxable","13":"purchasable","14":"product-type-simple"},"acf":[],"aioseo_notices":[],"jetpack_sharing_enabled":true,"_links":{"self":[{"href":"https:\/\/antcube.shop\/tr\/wp-json\/wp\/v2\/product\/4613","targetHints":{"allow":["GET"]}}],"collection":[{"href":"https:\/\/antcube.shop\/tr\/wp-json\/wp\/v2\/product"}],"about":[{"href":"https:\/\/antcube.shop\/tr\/wp-json\/wp\/v2\/types\/product"}],"replies":[{"embeddable":true,"href":"https:\/\/antcube.shop\/tr\/wp-json\/wp\/v2\/comments?post=4613"}],"wp:featuredmedia":[{"embeddable":true,"href":"https:\/\/antcube.shop\/tr\/wp-json\/wp\/v2\/media\/12297"}],"wp:attachment":[{"href":"https:\/\/antcube.shop\/tr\/wp-json\/wp\/v2\/media?parent=4613"}],"wp:term":[{"taxonomy":"product_brand","embeddable":true,"href":"https:\/\/antcube.shop\/tr\/wp-json\/wp\/v2\/product_brand?post=4613"},{"taxonomy":"product_cat","embeddable":true,"href":"https:\/\/antcube.shop\/tr\/wp-json\/wp\/v2\/product_cat?post=4613"},{"taxonomy":"product_tag","embeddable":true,"href":"https:\/\/antcube.shop\/tr\/wp-json\/wp\/v2\/product_tag?post=4613"}],"curies":[{"name":"wp","href":"https:\/\/api.w.org\/{rel}","templated":true}]}}