{"id":4611,"date":"2022-11-01T18:08:57","date_gmt":"2022-11-01T17:08:57","guid":{"rendered":"https:\/\/antcube.shop\/produkt\/antcube-arena-30x30x30-wurfel\/"},"modified":"2026-04-14T12:07:19","modified_gmt":"2026-04-14T10:07:19","slug":"antcube-arena-30x30x30-kup","status":"publish","type":"product","link":"https:\/\/antcube.shop\/tr\/urun\/antcube-arena-30x30x30-kup\/","title":{"rendered":"ANTCUBE - Arena 30x30x30 - K\u00fcp"},"content":{"rendered":"<p><strong>Boyutlar:<\/strong> 300 x 300 x 300 mm; 4mm cam kal\u0131nl\u0131\u011f\u0131<\/p>\n<p><strong>Malzeme:<\/strong> d\u00fcz cam<\/p>\n<p><strong>Ba\u011flant\u0131:<\/strong> 2x delik 50 mm<\/p>\n<p><strong>A\u00e7\u0131klama:<\/strong><br \/>\n2x 50mm delikli 30x30x30 cm cam lavabo.<br \/>\nDelme i\u015flemi (merkez nokta) 3 cm y\u00fcksekliktedir.<\/p>\n<p><strong>Not:<\/strong> Cam DIN 1249'a g\u00f6re +\/- 1 mm toleransla kesilmi\u015ftir. Son derece k\u00fc\u00e7\u00fck kar\u0131nca t\u00fcrleri i\u00e7in ek kopma korumas\u0131 gereklidir.<\/p>","protected":false},"excerpt":{"rendered":"<p><strong>Ba\u011flant\u0131:<\/strong> 2x delik 50 mm<br \/>\n<strong>Boyut:<\/strong> S, M, L, XL<\/p>","protected":false},"featured_media":5130,"comment_status":"open","ping_status":"closed","template":"","meta":{"_acf_changed":false,"content-type":"","_monsterinsights_skip_tracking":false,"_monsterinsights_sitenote_active":false,"_monsterinsights_sitenote_note":"","_monsterinsights_sitenote_category":0},"product_brand":[],"product_cat":[85,86],"product_tag":[],"class_list":{"0":"post-4611","1":"product","2":"type-product","3":"status-publish","4":"has-post-thumbnail","6":"product_cat-ant-arenas","7":"product_cat-formicariums","9":"first","10":"instock","11":"taxable","12":"shipping-taxable","13":"purchasable","14":"product-type-simple"},"acf":[],"aioseo_notices":[],"jetpack_sharing_enabled":true,"_links":{"self":[{"href":"https:\/\/antcube.shop\/tr\/wp-json\/wp\/v2\/product\/4611","targetHints":{"allow":["GET"]}}],"collection":[{"href":"https:\/\/antcube.shop\/tr\/wp-json\/wp\/v2\/product"}],"about":[{"href":"https:\/\/antcube.shop\/tr\/wp-json\/wp\/v2\/types\/product"}],"replies":[{"embeddable":true,"href":"https:\/\/antcube.shop\/tr\/wp-json\/wp\/v2\/comments?post=4611"}],"wp:featuredmedia":[{"embeddable":true,"href":"https:\/\/antcube.shop\/tr\/wp-json\/wp\/v2\/media\/5130"}],"wp:attachment":[{"href":"https:\/\/antcube.shop\/tr\/wp-json\/wp\/v2\/media?parent=4611"}],"wp:term":[{"taxonomy":"product_brand","embeddable":true,"href":"https:\/\/antcube.shop\/tr\/wp-json\/wp\/v2\/product_brand?post=4611"},{"taxonomy":"product_cat","embeddable":true,"href":"https:\/\/antcube.shop\/tr\/wp-json\/wp\/v2\/product_cat?post=4611"},{"taxonomy":"product_tag","embeddable":true,"href":"https:\/\/antcube.shop\/tr\/wp-json\/wp\/v2\/product_tag?post=4611"}],"curies":[{"name":"wp","href":"https:\/\/api.w.org\/{rel}","templated":true}]}}