{"id":4610,"date":"2022-11-01T18:08:42","date_gmt":"2022-11-01T17:08:42","guid":{"rendered":"https:\/\/antcube.shop\/produkt\/formicarienunterlage-30x30cm\/"},"modified":"2026-03-30T10:29:22","modified_gmt":"2026-03-30T08:29:22","slug":"formicarienunterlage-30x30cm","status":"publish","type":"product","link":"https:\/\/antcube.shop\/tr\/urun\/formicarienunterlage-30x30cm\/","title":{"rendered":"Formikaryum pedi - 30x30cm"},"content":{"rendered":"<p><strong>Boyutlar:<\/strong> 300 x 300 x 4mm<\/p>\n<p><strong>Malzeme:<\/strong> PE k\u00f6p\u00fck<\/p>\n<p><strong>Renk:<\/strong> gri<\/p>\n<p><strong>\u0130\u00e7erik:<\/strong> 1 adet.<\/p>\n<p><strong>A\u00e7\u0131klama:<\/strong><br \/>\nFormikaryum pedi yumu\u015fak bir k\u00f6p\u00fck malzemeden yap\u0131lm\u0131\u015ft\u0131r.<br \/>\nFormikaryumun yan\u0131 s\u0131ra formikaryumun \u00fczerinde durdu\u011fu mobilya par\u00e7as\u0131n\u0131 da \u00e7izilmelere kar\u015f\u0131 korur.<br \/>\nAyr\u0131ca ped, en k\u00fc\u00e7\u00fck d\u00fczensizlikleri telafi etmek i\u00e7in bir \u0131s\u0131 yal\u0131t\u0131m\u0131 g\u00f6revi g\u00f6r\u00fcr ve titre\u015fimlere kar\u015f\u0131 da koruma sa\u011flar.<\/p>","protected":false},"excerpt":{"rendered":"<p>Boyutlar: 400 x 200 x 4mm Malzeme: PE k\u00f6p\u00fck Renk: gri \u0130\u00e7erik: 1 adet A\u00e7\u0131klama: Formikaryum pedi yumu\u015fak bir k\u00f6p\u00fck malzemeden yap\u0131lm\u0131\u015ft\u0131r. Formikaryumun yan\u0131 s\u0131ra formikaryumun \u00fczerinde durdu\u011fu mobilya par\u00e7as\u0131n\u0131 da \u00e7izilmelere kar\u015f\u0131 korur. Buna ek olarak, ped \u0131s\u0131 yal\u0131t\u0131m\u0131 g\u00f6revi g\u00f6rerek","protected":false},"featured_media":4803,"comment_status":"open","ping_status":"closed","template":"","meta":{"_acf_changed":false,"content-type":"","_monsterinsights_skip_tracking":false,"_monsterinsights_sitenote_active":false,"_monsterinsights_sitenote_note":"","_monsterinsights_sitenote_category":0},"product_brand":[],"product_cat":[239],"product_tag":[],"class_list":{"0":"post-4610","1":"product","2":"type-product","3":"status-publish","4":"has-post-thumbnail","6":"product_cat-useful-additions","8":"first","9":"instock","10":"taxable","11":"shipping-taxable","12":"purchasable","13":"product-type-simple"},"acf":[],"aioseo_notices":[],"jetpack_sharing_enabled":true,"_links":{"self":[{"href":"https:\/\/antcube.shop\/tr\/wp-json\/wp\/v2\/product\/4610","targetHints":{"allow":["GET"]}}],"collection":[{"href":"https:\/\/antcube.shop\/tr\/wp-json\/wp\/v2\/product"}],"about":[{"href":"https:\/\/antcube.shop\/tr\/wp-json\/wp\/v2\/types\/product"}],"replies":[{"embeddable":true,"href":"https:\/\/antcube.shop\/tr\/wp-json\/wp\/v2\/comments?post=4610"}],"wp:featuredmedia":[{"embeddable":true,"href":"https:\/\/antcube.shop\/tr\/wp-json\/wp\/v2\/media\/4803"}],"wp:attachment":[{"href":"https:\/\/antcube.shop\/tr\/wp-json\/wp\/v2\/media?parent=4610"}],"wp:term":[{"taxonomy":"product_brand","embeddable":true,"href":"https:\/\/antcube.shop\/tr\/wp-json\/wp\/v2\/product_brand?post=4610"},{"taxonomy":"product_cat","embeddable":true,"href":"https:\/\/antcube.shop\/tr\/wp-json\/wp\/v2\/product_cat?post=4610"},{"taxonomy":"product_tag","embeddable":true,"href":"https:\/\/antcube.shop\/tr\/wp-json\/wp\/v2\/product_tag?post=4610"}],"curies":[{"name":"wp","href":"https:\/\/api.w.org\/{rel}","templated":true}]}}