{"id":4609,"date":"2022-11-01T18:08:27","date_gmt":"2022-11-01T17:08:27","guid":{"rendered":"https:\/\/antcube.shop\/produkt\/ameisenarena-abdeckung-30x30\/"},"modified":"2026-04-09T14:37:45","modified_gmt":"2026-04-09T12:37:45","slug":"ant-arena-cover-30x30","status":"publish","type":"product","link":"https:\/\/antcube.shop\/tr\/urun\/ant-arena-cover-30x30\/","title":{"rendered":"Kar\u0131nca arenas\u0131 \u00f6rt\u00fcs\u00fc 30\u00d730"},"content":{"rendered":"<p><strong>Boyutlar (LxWxH):<\/strong> 30x30x0,4 cm<\/p>\n<p><strong>Malzeme:<\/strong> d\u00fcz cam<\/p>\n<p><strong>Renk:<\/strong> kristal berrakl\u0131\u011f\u0131nda \/ \u015feffaf<\/p>\n<p><strong>\u0130\u00e7indekiler:<\/strong><br \/>\n1x kar\u0131nca arenas\u0131 kapa\u011f\u0131<br \/>\n1x sabitleme noktas\u0131 \u00e0 4 adet.<\/p>\n<p><strong>A\u00e7\u0131klama:<\/strong><br \/>\nKa\u00e7\u0131\u015f korumas\u0131 olarak kar\u0131nca arenas\u0131 i\u00e7in camdan yap\u0131lm\u0131\u015f kapak.<\/p>\n<p><strong>Uygulama:<\/strong><br \/>\nCamdan yap\u0131lm\u0131\u015f kar\u0131nca arenas\u0131 kapa\u011f\u0131 bir kar\u0131nca arenas\u0131 \u00fczerine yerle\u015ftirilir ve ayn\u0131 zamanda iklim d\u00fczenlemesi i\u00e7in hemen hizmet eder.<br \/>\nHavaland\u0131rma \u0131zgaralar\u0131, ayd\u0131nlatma veya nemlendirme gibi iklim kontrol\u00fc i\u00e7in \u00e7e\u015fitli mod\u00fcller 50 mm'lik a\u00e7\u0131kl\u0131klara yerle\u015ftirilebilir.<br \/>\nKar\u0131ncalar\u0131n a\u00e7\u0131kl\u0131klardan ka\u00e7mas\u0131n\u0131 \u00f6nlemek i\u00e7in, deliklerin etraf\u0131ndaki alt tarafa bir ka\u00e7\u0131\u015f korumas\u0131 (ya\u011f, toz veya vernik) uygulanmal\u0131d\u0131r.<\/p>\n<p><strong>Dikkat edin:<\/strong><br \/>\nE\u015fya camdan yap\u0131ld\u0131\u011f\u0131 ve bu nedenle k\u0131r\u0131lmaya kar\u015f\u0131 hassas oldu\u011fu i\u00e7in \u00e7ok dikkatli kullan\u0131lmal\u0131d\u0131r.<\/p>","protected":false},"excerpt":{"rendered":"<p>Boyutlar (UxGxY): 40x20x0,4 cm Malzeme: float cam Renk: kristal berrakl\u0131\u011f\u0131nda \/ \u015feffaf \u0130\u00e7indekiler: 1x kar\u0131nca arenas\u0131 kapa\u011f\u0131 1x sabitleme noktalar\u0131 \u00e0 4 adet. A\u00e7\u0131klama: Ka\u00e7\u0131\u015f korumas\u0131 olarak kar\u0131nca arenas\u0131 i\u00e7in camdan yap\u0131lm\u0131\u015f kapak. Uygulama: Camdan yap\u0131lm\u0131\u015f kar\u0131nca arenas\u0131 kapa\u011f\u0131 bir kar\u0131nca arenas\u0131na yerle\u015ftirilir ve ayn\u0131 zamanda hemen","protected":false},"featured_media":4800,"comment_status":"open","ping_status":"closed","template":"","meta":{"_acf_changed":false,"content-type":"","_monsterinsights_skip_tracking":false,"_monsterinsights_sitenote_active":false,"_monsterinsights_sitenote_note":"","_monsterinsights_sitenote_category":0},"product_brand":[],"product_cat":[91,92],"product_tag":[],"class_list":{"0":"post-4609","1":"product","2":"type-product","3":"status-publish","4":"has-post-thumbnail","6":"product_cat-formicarium-modules","7":"product_cat-arena-cover","9":"first","10":"instock","11":"taxable","12":"shipping-taxable","13":"purchasable","14":"product-type-simple"},"acf":[],"aioseo_notices":[],"jetpack_sharing_enabled":true,"_links":{"self":[{"href":"https:\/\/antcube.shop\/tr\/wp-json\/wp\/v2\/product\/4609","targetHints":{"allow":["GET"]}}],"collection":[{"href":"https:\/\/antcube.shop\/tr\/wp-json\/wp\/v2\/product"}],"about":[{"href":"https:\/\/antcube.shop\/tr\/wp-json\/wp\/v2\/types\/product"}],"replies":[{"embeddable":true,"href":"https:\/\/antcube.shop\/tr\/wp-json\/wp\/v2\/comments?post=4609"}],"wp:featuredmedia":[{"embeddable":true,"href":"https:\/\/antcube.shop\/tr\/wp-json\/wp\/v2\/media\/4800"}],"wp:attachment":[{"href":"https:\/\/antcube.shop\/tr\/wp-json\/wp\/v2\/media?parent=4609"}],"wp:term":[{"taxonomy":"product_brand","embeddable":true,"href":"https:\/\/antcube.shop\/tr\/wp-json\/wp\/v2\/product_brand?post=4609"},{"taxonomy":"product_cat","embeddable":true,"href":"https:\/\/antcube.shop\/tr\/wp-json\/wp\/v2\/product_cat?post=4609"},{"taxonomy":"product_tag","embeddable":true,"href":"https:\/\/antcube.shop\/tr\/wp-json\/wp\/v2\/product_tag?post=4609"}],"curies":[{"name":"wp","href":"https:\/\/api.w.org\/{rel}","templated":true}]}}