{"id":4607,"date":"2022-11-01T18:07:37","date_gmt":"2022-11-01T17:07:37","guid":{"rendered":"https:\/\/antcube.shop\/produkt\/formicariengranulat-1000ml-weis\/"},"modified":"2026-04-28T09:53:36","modified_gmt":"2026-04-28T07:53:36","slug":"formicarium-granules-1000ml-white","status":"publish","type":"product","link":"https:\/\/antcube.shop\/tr\/urun\/formicarium-granules-1000ml-white\/","title":{"rendered":"Formikaryum gran\u00fclleri 1000ml - beyaz"},"content":{"rendered":"<p><strong>\u0130\u00e7erik:<\/strong> 1000ml (~80g'a e\u015fde\u011fer)<\/p>\n<p><strong>Tane b\u00fcy\u00fckl\u00fc\u011f\u00fc:<\/strong> 1 - 6 mm<\/p>\n<p><strong>Renk:<\/strong> beyaz<\/p>\n<p><strong>Taban malzemesi:<\/strong> \u00f6zel volkanik obsidyen\/perlit kar\u0131\u015f\u0131m\u0131<\/p>\n<p><strong>A\u00e7\u0131klama:<\/strong> Malzeme nemi tutar ve formikaryumda iyi bir toprak havaland\u0131rmas\u0131 sa\u011flayarak su basmas\u0131na ve \u00e7\u00fcr\u00fcmeye kar\u015f\u0131 koruma sa\u011flar. Gran\u00fcl katman, bir \u00e7iftlikteki en alt toprak katman\u0131 olarak yakla\u015f\u0131k 1-2 cm kullan\u0131lmal\u0131d\u0131r.<\/p>\n<p><strong>\u00d6zellikler:<\/strong><br \/>\n- inorganik, mineral \u00fcr\u00fcn<br \/>\n- biyolojik ve kimyasal olarak n\u00f6tr<br \/>\n- yap\u0131sal olarak sa\u011flam<br \/>\n- nem depolar<\/p>","protected":false},"excerpt":{"rendered":"<p>N\u00f6tr veya hafif kum\/kil alt tabaka i\u00e7in<\/p>","protected":false},"featured_media":5734,"comment_status":"open","ping_status":"closed","template":"","meta":{"_acf_changed":false,"content-type":"","_monsterinsights_skip_tracking":false,"_monsterinsights_sitenote_active":false,"_monsterinsights_sitenote_note":"","_monsterinsights_sitenote_category":0},"product_brand":[],"product_cat":[241],"product_tag":[],"class_list":{"0":"post-4607","1":"product","2":"type-product","3":"status-publish","4":"has-post-thumbnail","6":"product_cat-granules","8":"first","9":"instock","10":"taxable","11":"shipping-taxable","12":"purchasable","13":"product-type-simple"},"acf":[],"aioseo_notices":[],"jetpack_sharing_enabled":true,"_links":{"self":[{"href":"https:\/\/antcube.shop\/tr\/wp-json\/wp\/v2\/product\/4607","targetHints":{"allow":["GET"]}}],"collection":[{"href":"https:\/\/antcube.shop\/tr\/wp-json\/wp\/v2\/product"}],"about":[{"href":"https:\/\/antcube.shop\/tr\/wp-json\/wp\/v2\/types\/product"}],"replies":[{"embeddable":true,"href":"https:\/\/antcube.shop\/tr\/wp-json\/wp\/v2\/comments?post=4607"}],"wp:featuredmedia":[{"embeddable":true,"href":"https:\/\/antcube.shop\/tr\/wp-json\/wp\/v2\/media\/5734"}],"wp:attachment":[{"href":"https:\/\/antcube.shop\/tr\/wp-json\/wp\/v2\/media?parent=4607"}],"wp:term":[{"taxonomy":"product_brand","embeddable":true,"href":"https:\/\/antcube.shop\/tr\/wp-json\/wp\/v2\/product_brand?post=4607"},{"taxonomy":"product_cat","embeddable":true,"href":"https:\/\/antcube.shop\/tr\/wp-json\/wp\/v2\/product_cat?post=4607"},{"taxonomy":"product_tag","embeddable":true,"href":"https:\/\/antcube.shop\/tr\/wp-json\/wp\/v2\/product_tag?post=4607"}],"curies":[{"name":"wp","href":"https:\/\/api.w.org\/{rel}","templated":true}]}}