{"id":4605,"date":"2022-11-01T18:07:07","date_gmt":"2022-11-01T17:07:07","guid":{"rendered":"https:\/\/antcube.shop\/produkt\/formicariengranulat-1000ml-schwarz\/"},"modified":"2026-04-02T18:12:06","modified_gmt":"2026-04-02T16:12:06","slug":"formicarium-granul-1000ml-siyah","status":"publish","type":"product","link":"https:\/\/antcube.shop\/tr\/urun\/formicarium-granul-1000ml-siyah\/","title":{"rendered":"Formikaryum gran\u00fclleri 1000ml - siyah"},"content":{"rendered":"<p><strong>\u0130\u00e7erik:<\/strong> 1000ml (~600g'a e\u015fde\u011fer)<\/p>\n<p><strong>Tane b\u00fcy\u00fckl\u00fc\u011f\u00fc:<\/strong> 1 - 8 mm<\/p>\n<p><strong>Renk:<\/strong> siyah<\/p>\n<p><strong>Taban malzemesi:<\/strong> y\u00fcksek kaliteli volkanik ta\u015flar\u0131n \u00f6zel kar\u0131\u015f\u0131m\u0131<\/p>\n<p><strong>A\u00e7\u0131klama:<\/strong> Malzeme nemi tutar ve formikaryumda iyi bir toprak havaland\u0131rmas\u0131 sa\u011flayarak su basmas\u0131na ve \u00e7\u00fcr\u00fcmeye kar\u015f\u0131 koruma sa\u011flar. Gran\u00fcl katman, bir \u00e7iftlikteki en alt toprak katman\u0131 olarak yakla\u015f\u0131k 1-2 cm kullan\u0131lmal\u0131d\u0131r.<\/p>\n<p><strong>\u00d6zellikler:<\/strong><br \/>\n- inorganik, mineral \u00fcr\u00fcn<br \/>\n- biyolojik ve kimyasal olarak n\u00f6tr<br \/>\n- yap\u0131sal olarak sa\u011flam<br \/>\n- nem depolar<\/p>","protected":false},"excerpt":{"rendered":"<p>Orman veya ya\u011fmur orman\u0131 alt tabakas\u0131 i\u00e7in<\/p>","protected":false},"featured_media":5733,"comment_status":"open","ping_status":"closed","template":"","meta":{"_acf_changed":false,"content-type":"","_monsterinsights_skip_tracking":false,"_monsterinsights_sitenote_active":false,"_monsterinsights_sitenote_note":"","_monsterinsights_sitenote_category":0},"product_brand":[],"product_cat":[101,100,241],"product_tag":[],"class_list":{"0":"post-4605","1":"product","2":"type-product","3":"status-publish","4":"has-post-thumbnail","6":"product_cat-forest","7":"product_cat-rainforest","8":"product_cat-granules","10":"first","11":"instock","12":"taxable","13":"shipping-taxable","14":"purchasable","15":"product-type-simple"},"acf":[],"aioseo_notices":[],"jetpack_sharing_enabled":true,"_links":{"self":[{"href":"https:\/\/antcube.shop\/tr\/wp-json\/wp\/v2\/product\/4605","targetHints":{"allow":["GET"]}}],"collection":[{"href":"https:\/\/antcube.shop\/tr\/wp-json\/wp\/v2\/product"}],"about":[{"href":"https:\/\/antcube.shop\/tr\/wp-json\/wp\/v2\/types\/product"}],"replies":[{"embeddable":true,"href":"https:\/\/antcube.shop\/tr\/wp-json\/wp\/v2\/comments?post=4605"}],"wp:featuredmedia":[{"embeddable":true,"href":"https:\/\/antcube.shop\/tr\/wp-json\/wp\/v2\/media\/5733"}],"wp:attachment":[{"href":"https:\/\/antcube.shop\/tr\/wp-json\/wp\/v2\/media?parent=4605"}],"wp:term":[{"taxonomy":"product_brand","embeddable":true,"href":"https:\/\/antcube.shop\/tr\/wp-json\/wp\/v2\/product_brand?post=4605"},{"taxonomy":"product_cat","embeddable":true,"href":"https:\/\/antcube.shop\/tr\/wp-json\/wp\/v2\/product_cat?post=4605"},{"taxonomy":"product_tag","embeddable":true,"href":"https:\/\/antcube.shop\/tr\/wp-json\/wp\/v2\/product_tag?post=4605"}],"curies":[{"name":"wp","href":"https:\/\/api.w.org\/{rel}","templated":true}]}}