{"id":4373,"date":"2022-06-20T09:12:57","date_gmt":"2022-06-20T07:12:57","guid":{"rendered":"https:\/\/antcube.shop\/produkt\/cricket-jam\/"},"modified":"2026-04-10T19:13:13","modified_gmt":"2026-04-10T17:13:13","slug":"kriket-jam","status":"publish","type":"product","link":"https:\/\/antcube.shop\/tr\/urun\/kriket-jam\/","title":{"rendered":"Kriket Re\u00e7eli"},"content":{"rendered":"<p><strong>Net a\u011f\u0131rl\u0131k:<\/strong> Kavanoz ba\u015f\u0131na 25 g<br \/>\nezilmi\u015f ve buharda pi\u015firilmi\u015f c\u0131rc\u0131r b\u00f6ce\u011fi<\/p>\n<p>tek besleme<\/p>\n<p><strong>A\u00e7\u0131klama:<\/strong><br \/>\nC\u0131rc\u0131r B\u00f6ce\u011fi Re\u00e7elimiz, canl\u0131 b\u00f6cek beslemek zorunda kalmadan kar\u0131ncalar\u0131n\u0131za taze korunmu\u015f proteinli g\u0131da sa\u011flaman\u0131n kolay bir yoludur. \u0130\u00e7erdi\u011fi c\u0131rc\u0131r b\u00f6cekleri (Acheta domesticus) besin de\u011feri, lezzet ve aroman\u0131n korunmas\u0131n\u0131 sa\u011flamak i\u00e7in hafif\u00e7e buharda pi\u015firilmi\u015ftir. Ayr\u0131ca, b\u00f6ceklerin kitinli kabu\u011fu bu \u015fekilde yumu\u015fat\u0131l\u0131r, b\u00f6ylece daha kolay sindirilebilir. Kolajen proteinlerin bile\u015fikleri, kar\u0131ncalar\u0131n bunlar\u0131 daha iyi kullanabilmesi i\u00e7in par\u00e7alan\u0131r. P\u00fcre haline getirilmi\u015f Acheta domesticus, canl\u0131 c\u0131rc\u0131r b\u00f6cekleriyle ayn\u0131 besin de\u011ferine sahiptir, ancak sindirimi daha kolayd\u0131r. Yakla\u015f\u0131k 60% proteinin kayboldu\u011fu dondurulmu\u015f veya kurutulmu\u015f c\u0131rc\u0131r b\u00f6ceklerinin aksine, i\u00e7erdi\u011fi protein neredeyse 100%'ye kadar i\u015flenebilir.<\/p>\n<p>Kriket Re\u00e7eli, canl\u0131 yiyecek gerektiren kar\u0131nca t\u00fcrlerini (\u00f6rne\u011fin Harpegnathos veya Odontomachus gibi Ponerines (ilkel kar\u0131ncalar)) avlamak i\u00e7in uygun de\u011fildir.<\/p>\n<p><strong>Di\u011fer avantajlar:<\/strong><\/p>\n<p>Akar i\u00e7ermeme garantisi<\/p>\n<p>Porsiyonlanabilir ve su ile seyreltilebilir.<\/p>\n<p>Sterilize ve vakumlanm\u0131\u015f<br \/>\nKatk\u0131 maddesi olmadan<br \/>\nOrganik at\u0131klarla beslenen, s\u00fcrd\u00fcr\u00fclebilir, tamamen biyolojik yeti\u015ftiricilikten elde edilen c\u0131rc\u0131r b\u00f6cekleri<\/p>\n<p><strong>Besin bilgileri:<\/strong><br \/>\nHam protein: 20%<br \/>\nHam ya\u011f: 7%<br \/>\nHam lif: 22%<br \/>\nK\u00fcl: 4%<br \/>\nNem: 46%<\/p>\n<p><strong>Dikkat edin:<\/strong><br \/>\nA\u00e7\u0131ld\u0131ktan sonra buzdolab\u0131nda yakla\u015f\u0131k d\u00f6rt g\u00fcn saklanabilir. Dondurulursa daha uzun raf \u00f6mr\u00fc.<br \/>\n<strong>Dikkat:<\/strong> \u00d6nce porsiyonlay\u0131n, sonra dondurun.<\/p>","protected":false},"excerpt":{"rendered":"<p>Tek besleme<\/p>","protected":false},"featured_media":4378,"comment_status":"open","ping_status":"closed","template":"","meta":{"_acf_changed":false,"content-type":"","_monsterinsights_skip_tracking":false,"_monsterinsights_sitenote_active":false,"_monsterinsights_sitenote_note":"","_monsterinsights_sitenote_category":0},"product_brand":[],"product_cat":[257,115,116],"product_tag":[],"class_list":{"0":"post-4373","1":"product","2":"type-product","3":"status-publish","4":"has-post-thumbnail","6":"product_cat-new-innovatve-products","7":"product_cat-food-and-feeding","8":"product_cat-food","10":"first","11":"instock","12":"taxable","13":"shipping-taxable","14":"purchasable","15":"product-type-simple"},"acf":[],"aioseo_notices":[],"jetpack_sharing_enabled":true,"_links":{"self":[{"href":"https:\/\/antcube.shop\/tr\/wp-json\/wp\/v2\/product\/4373","targetHints":{"allow":["GET"]}}],"collection":[{"href":"https:\/\/antcube.shop\/tr\/wp-json\/wp\/v2\/product"}],"about":[{"href":"https:\/\/antcube.shop\/tr\/wp-json\/wp\/v2\/types\/product"}],"replies":[{"embeddable":true,"href":"https:\/\/antcube.shop\/tr\/wp-json\/wp\/v2\/comments?post=4373"}],"wp:featuredmedia":[{"embeddable":true,"href":"https:\/\/antcube.shop\/tr\/wp-json\/wp\/v2\/media\/4378"}],"wp:attachment":[{"href":"https:\/\/antcube.shop\/tr\/wp-json\/wp\/v2\/media?parent=4373"}],"wp:term":[{"taxonomy":"product_brand","embeddable":true,"href":"https:\/\/antcube.shop\/tr\/wp-json\/wp\/v2\/product_brand?post=4373"},{"taxonomy":"product_cat","embeddable":true,"href":"https:\/\/antcube.shop\/tr\/wp-json\/wp\/v2\/product_cat?post=4373"},{"taxonomy":"product_tag","embeddable":true,"href":"https:\/\/antcube.shop\/tr\/wp-json\/wp\/v2\/product_tag?post=4373"}],"curies":[{"name":"wp","href":"https:\/\/api.w.org\/{rel}","templated":true}]}}