{"id":4343,"date":"2022-06-08T14:36:54","date_gmt":"2022-06-08T12:36:54","guid":{"rendered":"https:\/\/antcube.shop\/produkt\/naturbusch-auf-schieferplatte-gros\/"},"modified":"2025-10-19T15:15:12","modified_gmt":"2025-10-19T13:15:12","slug":"naturbusch-auf-schieferplatte-gros","status":"publish","type":"product","link":"https:\/\/antcube.shop\/tr\/urun\/naturbusch-auf-schieferplatte-gros\/","title":{"rendered":"S\u00fcs \u00e7al\u0131lar\u0131"},"content":{"rendered":"<p>Boyut \/ y\u00fckseklik 17 cm ila 19 cm, \u00e7ap ~ 10 cm -12 cm, 30x30x30 cm ve \u00fczeri arenalar i\u00e7in idealdir.<br \/>\nA\u011f\u0131rl\u0131k 50 ila 80 gram aras\u0131nda de\u011fi\u015fir<\/p>\n<p>Do\u011fal olarak kurutulmu\u015f ah\u015fap bir \u00e7al\u0131 ve sentetik re\u00e7ine tabandan (taban plakas\u0131) olu\u015fan dekoratif e\u015fya.<br \/>\nBu dekoratif \u00e7al\u0131 Almanya'da el yap\u0131m\u0131 olarak \u00fcretilmi\u015ftir ve bu nedenle s\u00fcrd\u00fcr\u00fclebilirlik \u00f6zelli\u011fine sahiptir.<\/p>\n<p><strong>D\u0130KKAT:<\/strong> L\u00fctfen \u00e7ok nemli (60% nem oran\u0131n\u0131n \u00fczerinde) formikaryumlara yerle\u015ftirmeyin. \u00c7al\u0131 k\u00fcflenmeye ba\u015flayabilir. \u00c7ok iyi havaland\u0131rma ile \u00e7al\u0131 daha nemli formikaryumlara da yerle\u015ftirilebilir.<\/p>\n<p>Baz\u0131 s\u00fcs \u00e7al\u0131lar\u0131, boylar\u0131 nedeniyle formikaryumda tek ba\u015flar\u0131na ayakta duramazlar. Bu durumda, taban\u0131 alt tabaka ile biraz \u00f6rtmek veya \u00fcr\u00fcn\u00fc d\u0131\u015f pencerelere yak\u0131n yerle\u015ftirmek yard\u0131mc\u0131 olur.<\/p>\n<p><span data-text-color=\"alert\"><strong>MAKALE HAKKINDA \u00d6NEMLI\u0307 NOT:<\/strong><\/span><br \/>\nBu do\u011fal bir \u00fcr\u00fcn \/ benzersiz oldu\u011fundan, buradaki resimler alaca\u011f\u0131n\u0131z \u00fcr\u00fcnle tamamen ayn\u0131 de\u011fildir. Mini a\u011fac\u0131n boyutu, \u015fekli ve renginin yan\u0131 s\u0131ra ta\u015f oca\u011f\u0131 kayrak taban plakas\u0131nda da farkl\u0131l\u0131klar olacakt\u0131r. Sadece \u00fcr\u00fcn\u00fcn maksimum y\u00fcksekli\u011fini garanti ediyoruz.<\/p>\n<p>Bu \u00fcr\u00fcn\u00fc sipari\u015f ederek, sat\u0131n alma s\u0131ras\u0131nda \u00fcr\u00fcn\u00fcn boyut, \u015fekil ve renk a\u00e7\u0131s\u0131ndan yukar\u0131daki olas\u0131 varyasyonlar\u0131n\u0131 kabul etmi\u015f ve onaylam\u0131\u015f olursunuz.<\/p>","protected":false},"excerpt":{"rendered":"<p>Boyut: 17-19 cm boyunda<\/p>","protected":false},"featured_media":6380,"comment_status":"open","ping_status":"closed","template":"","meta":{"_acf_changed":false,"content-type":"","_monsterinsights_skip_tracking":false,"_monsterinsights_sitenote_active":false,"_monsterinsights_sitenote_note":"","_monsterinsights_sitenote_category":0},"product_brand":[],"product_cat":[99,101,102],"product_tag":[],"class_list":{"0":"post-4343","1":"product","2":"type-product","3":"status-publish","4":"has-post-thumbnail","6":"product_cat-desert","7":"product_cat-forest","8":"product_cat-meadow","10":"first","11":"outofstock","12":"taxable","13":"shipping-taxable","14":"purchasable","15":"product-type-simple"},"acf":[],"aioseo_notices":[],"jetpack_sharing_enabled":true,"_links":{"self":[{"href":"https:\/\/antcube.shop\/tr\/wp-json\/wp\/v2\/product\/4343","targetHints":{"allow":["GET"]}}],"collection":[{"href":"https:\/\/antcube.shop\/tr\/wp-json\/wp\/v2\/product"}],"about":[{"href":"https:\/\/antcube.shop\/tr\/wp-json\/wp\/v2\/types\/product"}],"replies":[{"embeddable":true,"href":"https:\/\/antcube.shop\/tr\/wp-json\/wp\/v2\/comments?post=4343"}],"wp:featuredmedia":[{"embeddable":true,"href":"https:\/\/antcube.shop\/tr\/wp-json\/wp\/v2\/media\/6380"}],"wp:attachment":[{"href":"https:\/\/antcube.shop\/tr\/wp-json\/wp\/v2\/media?parent=4343"}],"wp:term":[{"taxonomy":"product_brand","embeddable":true,"href":"https:\/\/antcube.shop\/tr\/wp-json\/wp\/v2\/product_brand?post=4343"},{"taxonomy":"product_cat","embeddable":true,"href":"https:\/\/antcube.shop\/tr\/wp-json\/wp\/v2\/product_cat?post=4343"},{"taxonomy":"product_tag","embeddable":true,"href":"https:\/\/antcube.shop\/tr\/wp-json\/wp\/v2\/product_tag?post=4343"}],"curies":[{"name":"wp","href":"https:\/\/api.w.org\/{rel}","templated":true}]}}