{"id":4342,"date":"2022-06-08T14:36:40","date_gmt":"2022-06-08T12:36:40","guid":{"rendered":"https:\/\/antcube.shop\/produkt\/naturbusch-auf-schieferplatte-klein\/"},"modified":"2026-04-06T16:26:17","modified_gmt":"2026-04-06T14:26:17","slug":"dogal-bush-on-slate-kucuk","status":"publish","type":"product","link":"https:\/\/antcube.shop\/tr\/urun\/dogal-bush-on-slate-kucuk\/","title":{"rendered":"Arduvaz \u00fczerine do\u011fal \u00e7al\u0131 - K\u00fc\u00e7\u00fck"},"content":{"rendered":"<p>Boyut \/ y\u00fckseklik 9 cm'ye kadar, 20x20x10 cm arenalar i\u00e7in idealdir.<br \/>\nA\u011f\u0131rl\u0131k 200 ila 600 gram aras\u0131nda de\u011fi\u015fir<\/p>\n<p>Kurutulmu\u015f ah\u015fap \u00e7al\u0131 ve arduvaz plakadan (taban plakas\u0131) tamamen do\u011fal bile\u015fenlerden olu\u015fan dekoratif \u00fcr\u00fcn. Her ikisi de i\u015flenmemi\u015f do\u011fal \u00fcr\u00fcnlerdir.<br \/>\nBu mini a\u011fa\u00e7 Almanya'da el yap\u0131m\u0131 olarak \u00fcretilmi\u015ftir ve bu nedenle s\u00fcrd\u00fcr\u00fclebilirlik \u00f6zelli\u011fine sahiptir.<\/p>\n<p><strong>D\u0130KKAT:<\/strong> L\u00fctfen \u00e7ok nemli (60%'den fazla nemli) ortamlara yerle\u015ftirmeyin. \u00c7al\u0131 k\u00fcflenmeye ba\u015flayabilir. \u00c7ok iyi havaland\u0131rma ile \u00e7al\u0131 daha nemli formikaryumlara yerle\u015ftirilebilir.<\/p>\n<p><strong>\u00dcR\u00dcN HAKKINDA \u00d6NEMLI\u0307 NOT:<\/strong><br \/>\nBu do\u011fal bir \u00fcr\u00fcn \/ benzersiz oldu\u011fundan, buradaki resimler alaca\u011f\u0131n\u0131z \u00fcr\u00fcnle tamamen ayn\u0131 de\u011fildir. Mini a\u011fac\u0131n boyutu, \u015fekli ve renginin yan\u0131 s\u0131ra ta\u015f oca\u011f\u0131 kayrak taban plakas\u0131nda da farkl\u0131l\u0131klar olacakt\u0131r. Sadece \u00fcr\u00fcn\u00fcn maksimum y\u00fcksekli\u011fini garanti ediyoruz.<\/p>\n<p>Bu \u00fcr\u00fcn\u00fc sipari\u015f ederek, sat\u0131n alma s\u0131ras\u0131nda \u00fcr\u00fcn\u00fcn boyut, \u015fekil ve renk a\u00e7\u0131s\u0131ndan yukar\u0131daki olas\u0131 varyasyonlar\u0131n\u0131 kabul etmi\u015f ve onaylam\u0131\u015f olursunuz.<\/p>","protected":false},"excerpt":{"rendered":"<p>Boyut: 18x15x9<\/p>","protected":false},"featured_media":4355,"comment_status":"open","ping_status":"closed","template":"","meta":{"_acf_changed":false,"content-type":"","_monsterinsights_skip_tracking":false,"_monsterinsights_sitenote_active":false,"_monsterinsights_sitenote_note":"","_monsterinsights_sitenote_category":0},"product_brand":[],"product_cat":[99,101,102],"product_tag":[],"class_list":{"0":"post-4342","1":"product","2":"type-product","3":"status-publish","4":"has-post-thumbnail","6":"product_cat-desert","7":"product_cat-forest","8":"product_cat-meadow","10":"first","11":"instock","12":"taxable","13":"shipping-taxable","14":"purchasable","15":"product-type-simple"},"acf":[],"aioseo_notices":[],"jetpack_sharing_enabled":true,"_links":{"self":[{"href":"https:\/\/antcube.shop\/tr\/wp-json\/wp\/v2\/product\/4342","targetHints":{"allow":["GET"]}}],"collection":[{"href":"https:\/\/antcube.shop\/tr\/wp-json\/wp\/v2\/product"}],"about":[{"href":"https:\/\/antcube.shop\/tr\/wp-json\/wp\/v2\/types\/product"}],"replies":[{"embeddable":true,"href":"https:\/\/antcube.shop\/tr\/wp-json\/wp\/v2\/comments?post=4342"}],"wp:featuredmedia":[{"embeddable":true,"href":"https:\/\/antcube.shop\/tr\/wp-json\/wp\/v2\/media\/4355"}],"wp:attachment":[{"href":"https:\/\/antcube.shop\/tr\/wp-json\/wp\/v2\/media?parent=4342"}],"wp:term":[{"taxonomy":"product_brand","embeddable":true,"href":"https:\/\/antcube.shop\/tr\/wp-json\/wp\/v2\/product_brand?post=4342"},{"taxonomy":"product_cat","embeddable":true,"href":"https:\/\/antcube.shop\/tr\/wp-json\/wp\/v2\/product_cat?post=4342"},{"taxonomy":"product_tag","embeddable":true,"href":"https:\/\/antcube.shop\/tr\/wp-json\/wp\/v2\/product_tag?post=4342"}],"curies":[{"name":"wp","href":"https:\/\/api.w.org\/{rel}","templated":true}]}}