{"id":4287,"date":"2022-04-28T15:49:09","date_gmt":"2022-04-28T13:49:09","guid":{"rendered":"https:\/\/antcube.shop\/produkt\/reagenzglaser-150x16-mm-10-st\/"},"modified":"2026-04-02T18:12:07","modified_gmt":"2026-04-02T16:12:07","slug":"reagenzglaser-150x16-mm-10-st","status":"publish","type":"product","link":"https:\/\/antcube.shop\/tr\/urun\/reagenzglaser-150x16-mm-10-st\/","title":{"rendered":"Test cam t\u00fcp\u00fc 150\u00d716 mm \/ 10 adet."},"content":{"rendered":"<p><b>Boyut:<\/b> 150\u00d716 mm<\/p>\n<p><strong>Kapasite:<\/strong> 20 ml<\/p>\n<p><b>A\u00e7\u0131klama:<\/b> Soda-kire\u00e7 cam\u0131ndan yap\u0131lm\u0131\u015f, kal\u0131n duvarl\u0131 ve a\u011f\u0131zl\u0131 test t\u00fcp\u00fc. 1\/3 oran\u0131nda su ile doldurularak ve emici pamukla kapat\u0131larak daha uzun s\u00fcre yuva haznesi olarak kullan\u0131labilir. Ta\u015f\u0131ma kab\u0131 olarak da uygundur.<\/p>","protected":false},"excerpt":{"rendered":"<p>Boyut: 150x16 mm Kapasite: 20 ml A\u00e7\u0131klama: Soda-kire\u00e7 cam\u0131ndan yap\u0131lm\u0131\u015f, kal\u0131n duvarl\u0131, a\u011f\u0131zl\u0131 test t\u00fcp\u00fc. 1\/3 oran\u0131nda su ile doldurularak ve emici pamukla kapat\u0131larak daha uzun s\u00fcre yuva haznesi olarak kullan\u0131labilir. Ta\u015f\u0131ma kab\u0131 olarak da uygundur.<\/p>","protected":false},"featured_media":4290,"comment_status":"open","ping_status":"closed","template":"","meta":{"_acf_changed":false,"content-type":"","_monsterinsights_skip_tracking":false,"_monsterinsights_sitenote_active":false,"_monsterinsights_sitenote_note":"","_monsterinsights_sitenote_category":0},"product_brand":[],"product_cat":[237],"product_tag":[],"class_list":{"0":"post-4287","1":"product","2":"type-product","3":"status-publish","4":"has-post-thumbnail","6":"product_cat-tools","8":"first","9":"instock","10":"taxable","11":"shipping-taxable","12":"purchasable","13":"product-type-simple"},"acf":[],"aioseo_notices":[],"jetpack_sharing_enabled":true,"_links":{"self":[{"href":"https:\/\/antcube.shop\/tr\/wp-json\/wp\/v2\/product\/4287","targetHints":{"allow":["GET"]}}],"collection":[{"href":"https:\/\/antcube.shop\/tr\/wp-json\/wp\/v2\/product"}],"about":[{"href":"https:\/\/antcube.shop\/tr\/wp-json\/wp\/v2\/types\/product"}],"replies":[{"embeddable":true,"href":"https:\/\/antcube.shop\/tr\/wp-json\/wp\/v2\/comments?post=4287"}],"wp:featuredmedia":[{"embeddable":true,"href":"https:\/\/antcube.shop\/tr\/wp-json\/wp\/v2\/media\/4290"}],"wp:attachment":[{"href":"https:\/\/antcube.shop\/tr\/wp-json\/wp\/v2\/media?parent=4287"}],"wp:term":[{"taxonomy":"product_brand","embeddable":true,"href":"https:\/\/antcube.shop\/tr\/wp-json\/wp\/v2\/product_brand?post=4287"},{"taxonomy":"product_cat","embeddable":true,"href":"https:\/\/antcube.shop\/tr\/wp-json\/wp\/v2\/product_cat?post=4287"},{"taxonomy":"product_tag","embeddable":true,"href":"https:\/\/antcube.shop\/tr\/wp-json\/wp\/v2\/product_tag?post=4287"}],"curies":[{"name":"wp","href":"https:\/\/api.w.org\/{rel}","templated":true}]}}