{"id":4260,"date":"2022-04-28T14:01:03","date_gmt":"2022-04-28T12:01:03","guid":{"rendered":"https:\/\/antcube.shop\/produkt\/nestrohrchen-rack-18mm\/"},"modified":"2026-03-23T15:57:06","modified_gmt":"2026-03-23T14:57:06","slug":"nest-tube-rack-18mm","status":"publish","type":"product","link":"https:\/\/antcube.shop\/tr\/urun\/nest-tube-rack-18mm\/","title":{"rendered":"Yuva t\u00fcp raf\u0131 18mm"},"content":{"rendered":"<p style=\"margin-bottom: 0cm;\"><strong>Boyutlar:<\/strong> 25x12x3 cm<\/p>\n<p><strong>Malzemeler: <\/strong>PMMA, PVC<\/p>\n<p><strong>Renk: <\/strong>kristal berrakl\u0131\u011f\u0131nda, \u015feffaf, saydam<\/p>\n<p><strong>\u0130\u00e7indekiler:<\/strong><br \/>\n2x delikli plaka (10x delik)<br \/>\n2x kavrama plakas\u0131<br \/>\n4x elastik kay\u0131\u015f<\/p>\n<p><strong>Not: <\/strong>Par\u00e7alar bir kit veya tak\u0131labilir sistem olarak tedarik edilir. Yap\u0131\u015ft\u0131rmaya gerek yoktur.<\/p>\n<p><strong>Ba\u011flant\u0131:<\/strong><br \/>\n\u00e7ap\u0131 18 mm olan yuva borular\u0131 i\u00e7in<\/p>\n<p><strong>A\u00e7\u0131klama:<\/strong> Yuva t\u00fcp\u00fc raf\u0131, kar\u0131nca yuvas\u0131 t\u00fcplerinin dikkatli bir \u015fekilde saklanmas\u0131 i\u00e7in kullan\u0131l\u0131r. Kitin bir araya getirilmesi kolayd\u0131r.<\/p>\n<p><strong>Uygulama:<\/strong> Yuva t\u00fcplerini saklamak i\u00e7in. Kar\u0131nca ink\u00fcbat\u00f6r\u00fcm\u00fcz i\u00e7in uygundur<\/p>\n<p><strong>Not:<\/strong> \u0130stifleme s\u0131ras\u0131nda stabiliteyi art\u0131rmak i\u00e7in \"S\u0131zd\u0131rmazl\u0131k halkas\u0131 \u015feffaf esnek 20-50 mm - 10 adet\" kullan\u0131lmas\u0131n\u0131 tavsiye ederiz.<\/p>","protected":false},"excerpt":{"rendered":"<p>18 mm yuva t\u00fcpleri i\u00e7in<\/p>","protected":false},"featured_media":4277,"comment_status":"open","ping_status":"closed","template":"","meta":{"_acf_changed":false,"content-type":"","_monsterinsights_skip_tracking":false,"_monsterinsights_sitenote_active":false,"_monsterinsights_sitenote_note":"","_monsterinsights_sitenote_category":0},"product_brand":[],"product_cat":[237],"product_tag":[],"class_list":{"0":"post-4260","1":"product","2":"type-product","3":"status-publish","4":"has-post-thumbnail","6":"product_cat-tools","8":"first","9":"instock","10":"taxable","11":"shipping-taxable","12":"purchasable","13":"product-type-simple"},"acf":[],"aioseo_notices":[],"jetpack_sharing_enabled":true,"_links":{"self":[{"href":"https:\/\/antcube.shop\/tr\/wp-json\/wp\/v2\/product\/4260","targetHints":{"allow":["GET"]}}],"collection":[{"href":"https:\/\/antcube.shop\/tr\/wp-json\/wp\/v2\/product"}],"about":[{"href":"https:\/\/antcube.shop\/tr\/wp-json\/wp\/v2\/types\/product"}],"replies":[{"embeddable":true,"href":"https:\/\/antcube.shop\/tr\/wp-json\/wp\/v2\/comments?post=4260"}],"wp:featuredmedia":[{"embeddable":true,"href":"https:\/\/antcube.shop\/tr\/wp-json\/wp\/v2\/media\/4277"}],"wp:attachment":[{"href":"https:\/\/antcube.shop\/tr\/wp-json\/wp\/v2\/media?parent=4260"}],"wp:term":[{"taxonomy":"product_brand","embeddable":true,"href":"https:\/\/antcube.shop\/tr\/wp-json\/wp\/v2\/product_brand?post=4260"},{"taxonomy":"product_cat","embeddable":true,"href":"https:\/\/antcube.shop\/tr\/wp-json\/wp\/v2\/product_cat?post=4260"},{"taxonomy":"product_tag","embeddable":true,"href":"https:\/\/antcube.shop\/tr\/wp-json\/wp\/v2\/product_tag?post=4260"}],"curies":[{"name":"wp","href":"https:\/\/api.w.org\/{rel}","templated":true}]}}