{"id":4258,"date":"2022-04-28T14:00:36","date_gmt":"2022-04-28T12:00:36","guid":{"rendered":"https:\/\/antcube.shop\/produkt\/ameisen-inkubator\/"},"modified":"2026-04-09T15:04:51","modified_gmt":"2026-04-09T13:04:51","slug":"karinca-inkubatoru-2","status":"publish","type":"product","link":"https:\/\/antcube.shop\/tr\/urun\/karinca-inkubatoru-2\/","title":{"rendered":"Kar\u0131nca \u0130nk\u00fcbat\u00f6r\u00fc"},"content":{"rendered":"<p><strong>Boyut:\u00a0<\/strong>Birim boyutu: 40\u00d739,5\u00d748 cm; \u0130\u00e7: 32\u00d722,5\u00d737 cm<\/p>\n<p><strong>Renk:<\/strong> Siyah<\/p>\n<p><strong>Teknik \u00f6zellikler:<\/strong><br \/>\nVoltaj: 220-240V, 50Hz<br \/>\nG\u00fc\u00e7: 70W<br \/>\nKablo uzunlu\u011fu \u015febeke kablosu: 1.60m<br \/>\nS\u0131cakl\u0131k aral\u0131\u011f\u0131: 5\u00b0C - 40\u00b0C<\/p>\n<p><strong>Malzeme:<\/strong> Metal, cam<\/p>\n<p><strong>A\u00e7\u0131klama:<\/strong><br \/>\nBu Kar\u0131nca \u0130nk\u00fcbat\u00f6r\u00fc sadece tropikal b\u00f6lgelerdeki kar\u0131nca kolonilerini yeti\u015ftirmek i\u00e7in de\u011fil, ayn\u0131 zamanda k\u0131\u015f uykusundaki kar\u0131nca kolonileri i\u00e7in de \u00e7ok uygundur.<br \/>\nDijital g\u00f6stergeli bir s\u0131cakl\u0131k kontrol cihaz\u0131na ve daha fazla alan i\u00e7in \u00e7\u0131kar\u0131labilir bir ara rafa sahiptir. S\u0131cakl\u0131k gerekti\u011fi gibi ayarlanabilir ve de\u011fi\u015ftirilebilir. Cihaz hem so\u011futabilir (yakla\u015f\u0131k 5\u00b0C'ye kadar) hem de \u0131s\u0131tabilir (yakla\u015f\u0131k 40\u00b0C'ye kadar). Ayarlanabilir s\u0131cakl\u0131k aral\u0131\u011f\u0131 yakla\u015f\u0131k 5\u00b0C-40\u00b0C'dir. Bu nedenle yerli kar\u0131ncalar\u0131n k\u0131\u015flat\u0131lmas\u0131 i\u00e7in de kullan\u0131labilir.<\/p>\n<p><strong>Avantajlar:<\/strong><br \/>\n\u00c7o\u011fu zaman kar\u0131ncalar\u0131 k\u0131\u015f uykusu i\u00e7in do\u011fru s\u0131cakl\u0131kta karma\u015f\u0131k olmayan bir \u015fekilde nas\u0131l saklayaca\u011f\u0131n\u0131z sorusuyla kar\u015f\u0131 kar\u015f\u0131ya kal\u0131rs\u0131n\u0131z. Buzdolab\u0131 zaten \u00e7ok doludur, balkon hayvanlar i\u00e7in \u00e7ok so\u011fuk olabilir ve kiler de s\u0131k\u0131\u015f\u0131kt\u0131r veya yeterli kontrol\u00fcn\u00fcz yoktur.<br \/>\n<strong>\u0130\u015fte \u00e7\u00f6z\u00fcm:<\/strong> Ya test t\u00fcplerindeki yuva t\u00fcp\u00fc raflar\u0131m\u0131zla hayvanlar\u0131n ink\u00fcbat\u00f6rde k\u0131\u015flamas\u0131na izin verebilirsiniz, bu durumda ayn\u0131 anda 100 koloniye kadar veya t\u00fcm ANTCUBE Formicarium ile birlikte. \u00d6rne\u011fin, ANTCUBE Arena Combi'miz tamamen i\u00e7ine s\u0131\u011far. Ancak 20x20x10 arena ve 20\u00d720 2 yuva i\u00e7eren bir ba\u015flang\u0131\u00e7 seti de yeterli alana sahip olacakt\u0131r.<br \/>\nAyr\u0131ca, \u00f6rne\u011fin bir s\u00fcr\u00fc u\u00e7u\u015fu, yer de\u011fi\u015ftirme veya \u00f6zellikle hassas yaprak kesen kar\u0131ncalar\u0131n ta\u015f\u0131nmas\u0131 s\u0131ras\u0131nda ara\u00e7la depolama ve ta\u015f\u0131ma da bu \u015fekilde ger\u00e7ekle\u015ftirilebilir.<br \/>\nTest t\u00fcpleri (nest tubes) i\u00e7in pratik raflar \u00fc\u00e7 farkl\u0131 boyutta mevcuttur. \u0130\u015fte bizim \u00f6nerimiz:<\/p>\n<p><strong>\u00d6neri:<\/strong><br \/>\n\u0130nk\u00fcbat\u00f6rdeki alan a\u015fa\u011f\u0131dakiler i\u00e7in uygundur:<br \/>\n24x kriket test t\u00fcp\u00fcne kadar\/ veya 24x toplama kutusu \u015feffaf 115x115x55<br \/>\nYuva t\u00fcplerindeki kar\u0131ncalar i\u00e7in depolama ama\u00e7l\u0131 yuva t\u00fcp\u00fc raflar\u0131n\u0131 \u00f6neriyoruz<br \/>\n\u0130\u00e7 mekana s\u0131\u011fd\u0131r:<br \/>\n- 16mm i\u00e7in yuva t\u00fcp\u00fc raf\u0131 = 12 adet veya 16mm \u00e7ap\u0131nda 120 yuva t\u00fcp\u00fc<br \/>\n- 18mm i\u00e7in yerle\u015ftirme t\u00fcp\u00fc raf\u0131 = 12 adet veya 18mm \u00e7ap\u0131nda 120 yerle\u015ftirme t\u00fcp\u00fc<br \/>\n- 25mm i\u00e7in yerle\u015ftirme t\u00fcp\u00fc raf\u0131 = 9 adet 25mm \u00e7ap\u0131nda 54 yerle\u015ftirme t\u00fcp\u00fc<\/p>\n<p><strong>Not:<\/strong><br \/>\n- D\u0131\u015f s\u0131cakl\u0131k dalgalanmalar\u0131 i\u00e7 s\u0131cakl\u0131\u011f\u0131 etkileyece\u011finden, do\u011frudan g\u00fcne\u015f \u0131\u015f\u0131\u011f\u0131 alan bir yere veya bir \u0131s\u0131 kayna\u011f\u0131n\u0131n yan\u0131na kurmay\u0131n.<br \/>\n- Cihaz\u0131, s\u0131cakl\u0131\u011f\u0131n m\u00fcmk\u00fcn oldu\u011funca sabit oldu\u011fu kuru bir yere kurun.<br \/>\n- Fanlar serbest\u00e7e d\u00f6nebilmelidir<br \/>\n- Hava y\u00fczeyleri temiz kalmal\u0131d\u0131r<br \/>\n- Hasar olup olmad\u0131\u011f\u0131n\u0131 d\u00fczenli olarak kontrol edin -&gt; varsa, \u00e7al\u0131\u015fmay\u0131 derhal durdurun<br \/>\n- \u0130nk\u00fcbat\u00f6r, ilave bir Thermo Control II veya Thermo Control Pro II ile \u00e7ift korumal\u0131 hale getirilebilir. Cihaz\u0131n arkas\u0131nda ilgili bir ge\u00e7i\u015f bulunur.<\/p>\n<p><strong>Not: <\/strong>20.01.2025 - \u00dcr\u00fcn g\u00fcncellemesi - yeni model<\/p>","protected":false},"excerpt":{"rendered":"<p>Boyut: Birim boyutu: 40\u00d739,5\u00d748 cm; \u0130\u00e7: 32\u00d722,5\u00d737 cm Renk: Siyah Teknik \u00f6zellikler: Voltaj: 220-240V, 50Hz G\u00fc\u00e7: 70W Kablo uzunlu\u011fu \u015febeke kablosu: 1.60m S\u0131cakl\u0131k aral\u0131\u011f\u0131: 5\u00b0C - 40\u00b0C Malzeme: Metal, cam A\u00e7\u0131klama: Bu Kar\u0131nca Kulu\u00e7ka Makinesi sadece tropikal b\u00f6lgelerdeki kar\u0131nca kolonilerini yeti\u015ftirmek i\u00e7in de\u011fil, ayn\u0131 zamanda k\u0131\u015f uykusundaki kar\u0131nca kolonileri i\u00e7in de \u00e7ok uygundur. Bu [...]","protected":false},"featured_media":11099,"comment_status":"open","ping_status":"closed","template":"","meta":{"_acf_changed":false,"content-type":"","_monsterinsights_skip_tracking":false,"_monsterinsights_sitenote_active":false,"_monsterinsights_sitenote_note":"","_monsterinsights_sitenote_category":0},"product_brand":[],"product_cat":[237],"product_tag":[],"class_list":{"0":"post-4258","1":"product","2":"type-product","3":"status-publish","4":"has-post-thumbnail","6":"product_cat-tools","8":"first","9":"instock","10":"taxable","11":"shipping-taxable","12":"purchasable","13":"product-type-simple"},"acf":[],"aioseo_notices":[],"jetpack_sharing_enabled":true,"_links":{"self":[{"href":"https:\/\/antcube.shop\/tr\/wp-json\/wp\/v2\/product\/4258","targetHints":{"allow":["GET"]}}],"collection":[{"href":"https:\/\/antcube.shop\/tr\/wp-json\/wp\/v2\/product"}],"about":[{"href":"https:\/\/antcube.shop\/tr\/wp-json\/wp\/v2\/types\/product"}],"replies":[{"embeddable":true,"href":"https:\/\/antcube.shop\/tr\/wp-json\/wp\/v2\/comments?post=4258"}],"wp:featuredmedia":[{"embeddable":true,"href":"https:\/\/antcube.shop\/tr\/wp-json\/wp\/v2\/media\/11099"}],"wp:attachment":[{"href":"https:\/\/antcube.shop\/tr\/wp-json\/wp\/v2\/media?parent=4258"}],"wp:term":[{"taxonomy":"product_brand","embeddable":true,"href":"https:\/\/antcube.shop\/tr\/wp-json\/wp\/v2\/product_brand?post=4258"},{"taxonomy":"product_cat","embeddable":true,"href":"https:\/\/antcube.shop\/tr\/wp-json\/wp\/v2\/product_cat?post=4258"},{"taxonomy":"product_tag","embeddable":true,"href":"https:\/\/antcube.shop\/tr\/wp-json\/wp\/v2\/product_tag?post=4258"}],"curies":[{"name":"wp","href":"https:\/\/api.w.org\/{rel}","templated":true}]}}