{"id":4175,"date":"2022-03-14T17:24:15","date_gmt":"2022-03-14T16:24:15","guid":{"rendered":"https:\/\/antcube.shop\/produkt\/candy-ant-snack-20g\/"},"modified":"2026-04-17T20:42:12","modified_gmt":"2026-04-17T18:42:12","slug":"candy-ant-snack-20g","status":"publish","type":"product","link":"https:\/\/antcube.shop\/tr\/urun\/candy-ant-snack-20g\/","title":{"rendered":"Kar\u0131nca \u015eekeri At\u0131\u015ft\u0131rmal\u0131k - 20g"},"content":{"rendered":"<p><strong>\u0130\u00e7erik:<\/strong><br \/>\n20g<\/p>\n<p><strong>A\u00e7\u0131klama:<\/strong><br \/>\nBu saf do\u011fal bir \u00fcr\u00fcnd\u00fcr. Organik olarak yeti\u015ftirilen Acheta domesticus'tan yap\u0131lan \u015eeker Kar\u0131nca At\u0131\u015ft\u0131rmal\u0131\u011f\u0131m\u0131z, organik bal ile kaplanm\u0131\u015ft\u0131r.<br \/>\nKolayca sindirilebilir. Y\u00fcksek kaliteli proteinler sayesinde, Lasius sp., Camponotus sp. veya Messor sp. gibi \u00e7o\u011fu kar\u0131nca t\u00fcr\u00fc i\u00e7in neredeyse tam bir besindir (bal\/\u015feker ve proteinlerin yerini al\u0131r). Kar\u0131ncalar buna bay\u0131l\u0131r. Kar\u0131ncalar\u0131n ihtiya\u00e7 duydu\u011fu taze suyun yerini tutmaz. Ayr\u0131ca k\u00fc\u00e7\u00fck b\u00f6cekler gibi canl\u0131 protein ihtiyac\u0131n\u0131n da yerini almaz.<\/p>\n<p>Bu ek yem, yakla\u015f\u0131k 50% saf do\u011fal protein i\u00e7eren g\u00fc\u00e7l\u00fc proteinle doludur.<br \/>\nAyr\u0131ca, \u00fcretiminde daha az enerji ve su kullan\u0131ld\u0131\u011f\u0131 i\u00e7in ekolojik de\u011feri y\u00fcksek olan \u00fcr\u00fcn, pestisit i\u00e7ermeyen organik bitki at\u0131klar\u0131yla beslenmi\u015ftir.<\/p>\n<p>T\u00fcm kar\u0131nca severler i\u00e7in katma de\u011fer, do\u011fal protein ve do\u011fal bal ile kaplaman\u0131n birle\u015fimidir. Kar\u0131ncalar iyi bir kulu\u00e7ka geli\u015fimi ve koloninin sa\u011fl\u0131kl\u0131 b\u00fcy\u00fcmesi i\u00e7in buna bay\u0131l\u0131r ve ihtiya\u00e7 duyar.<\/p>\n<p><strong>Uygulama:<\/strong><br \/>\nBeslenme i\u00e7in Candy Ant Snack daha k\u00fc\u00e7\u00fck porsiyonlara b\u00f6l\u00fcnmeli veya suda \u00e7\u00f6z\u00fclmelidir.<\/p>\n<p><strong>\u0130\u00e7indekiler:<\/strong><br \/>\nOrganik bal ile kaplanm\u0131\u015f do\u011fal olarak kurutulmu\u015f Acheta domesticus. \u0130nsan t\u00fcketimi i\u00e7in tasarlanmam\u0131\u015ft\u0131r. Sadece kar\u0131ncalar i\u00e7indir.<br \/>\nYakla\u015f\u0131k kar\u0131\u015f\u0131m oran\u0131 70% Acheta domesticus ve 30% bal.<\/p>\n<p><strong>Depolama:<\/strong><br \/>\nTekrar kapat\u0131labilir. L\u00fctfen karanl\u0131k, serin ve kuru bir yerde saklay\u0131n.<\/p>\n<p><strong>Not:<\/strong><br \/>\nKar\u0131ncalar i\u00e7in ek besin.<br \/>\nBile\u015fim, analitik bile\u015fenler, son kullanma tarihi ve lot numaras\u0131 i\u00e7in l\u00fctfen prospekt\u00fcse bak\u0131n\u0131z.<\/p>\n<p>Bilgi Hatt\u0131 +49 30 439703870<\/p>\n<p>Sorumlu veterinerlik ve g\u0131da m\u00fcfetti\u015fli\u011fi:<br \/>\nSteglitz Veterinerlik Ofisi<br \/>\nK\u00f6nigin-Luise-Str. 92<br \/>\n14195 Berlin<\/p>","protected":false},"excerpt":{"rendered":"<p>Ek g\u0131da<\/p>","protected":false},"featured_media":4182,"comment_status":"open","ping_status":"closed","template":"","meta":{"_acf_changed":false,"content-type":"","_monsterinsights_skip_tracking":false,"_monsterinsights_sitenote_active":false,"_monsterinsights_sitenote_note":"","_monsterinsights_sitenote_category":0},"product_brand":[],"product_cat":[115,116],"product_tag":[],"class_list":{"0":"post-4175","1":"product","2":"type-product","3":"status-publish","4":"has-post-thumbnail","6":"product_cat-food-and-feeding","7":"product_cat-food","9":"first","10":"instock","11":"taxable","12":"shipping-taxable","13":"purchasable","14":"product-type-simple"},"acf":[],"aioseo_notices":[],"jetpack_sharing_enabled":true,"_links":{"self":[{"href":"https:\/\/antcube.shop\/tr\/wp-json\/wp\/v2\/product\/4175","targetHints":{"allow":["GET"]}}],"collection":[{"href":"https:\/\/antcube.shop\/tr\/wp-json\/wp\/v2\/product"}],"about":[{"href":"https:\/\/antcube.shop\/tr\/wp-json\/wp\/v2\/types\/product"}],"replies":[{"embeddable":true,"href":"https:\/\/antcube.shop\/tr\/wp-json\/wp\/v2\/comments?post=4175"}],"wp:featuredmedia":[{"embeddable":true,"href":"https:\/\/antcube.shop\/tr\/wp-json\/wp\/v2\/media\/4182"}],"wp:attachment":[{"href":"https:\/\/antcube.shop\/tr\/wp-json\/wp\/v2\/media?parent=4175"}],"wp:term":[{"taxonomy":"product_brand","embeddable":true,"href":"https:\/\/antcube.shop\/tr\/wp-json\/wp\/v2\/product_brand?post=4175"},{"taxonomy":"product_cat","embeddable":true,"href":"https:\/\/antcube.shop\/tr\/wp-json\/wp\/v2\/product_cat?post=4175"},{"taxonomy":"product_tag","embeddable":true,"href":"https:\/\/antcube.shop\/tr\/wp-json\/wp\/v2\/product_tag?post=4175"}],"curies":[{"name":"wp","href":"https:\/\/api.w.org\/{rel}","templated":true}]}}