{"id":4165,"date":"2022-02-28T11:41:35","date_gmt":"2022-02-28T10:41:35","guid":{"rendered":"https:\/\/antcube.shop\/produkt\/fixier-punkte-8-st\/"},"modified":"2026-04-13T10:48:42","modified_gmt":"2026-04-13T08:48:42","slug":"fixier-punkte-8-st","status":"publish","type":"product","link":"https:\/\/antcube.shop\/tr\/urun\/fixier-punkte-8-st\/","title":{"rendered":"Sabitleme noktalar\u0131 - 8 adet"},"content":{"rendered":"<p><strong>Boyutlar (LxWxH):<\/strong> 12x12x3 mm (10x10mm \u00fcst\u00fcndeki trapezoidal \u015fekil sayesinde).<\/p>\n<p><strong>Malzeme:<\/strong> Yap\u0131\u015fkan akrilat ile plastikle\u015ftirici i\u00e7ermeyen poli\u00fcretan<\/p>\n<p><strong>Renk:<\/strong> \u015feffaf<\/p>\n<p><strong>\u0130\u00e7indekiler:<\/strong><br \/>\n8x sabitleme noktas\u0131<\/p>\n<p><strong>A\u00e7\u0131klama:<\/strong> Kar\u0131nca arenas\u0131 kapa\u011f\u0131m\u0131z i\u00e7in. Sabitleme noktalar\u0131, arenadan kaymas\u0131n\u0131 \u00f6nlemek i\u00e7in kapa\u011f\u0131n alt\u0131na yap\u0131\u015ft\u0131r\u0131lm\u0131\u015ft\u0131r. Noktalar ayn\u0131 zamanda arena i\u00e7in ayak olarak ve devrilmelerini \u00f6nlemek i\u00e7in i\u00e7 u\u00e7 arena ekleri i\u00e7in de kullan\u0131labilir.<\/p>","protected":false},"excerpt":{"rendered":"<p>Boyutlar (UxGxY): 12x12x3 mm (10x10mm \u00fcst\u00fcndeki trapezoidal \u015fekil sayesinde). Malzeme: Yap\u0131\u015fkan akrilat ile plastikle\u015ftirici i\u00e7ermeyen poli\u00fcretan Renk: \u015feffaf \u0130\u00e7indekiler: 8x sabitleme noktas\u0131 A\u00e7\u0131klama: Kar\u0131nca arenas\u0131 kapa\u011f\u0131m\u0131z i\u00e7in. Sabitleme noktalar\u0131, arenadan kaymas\u0131n\u0131 \u00f6nlemek i\u00e7in kapa\u011f\u0131n alt\u0131na yap\u0131\u015ft\u0131r\u0131lm\u0131\u015ft\u0131r. Noktalar ayr\u0131ca \u015fu \u015fekilde de kullan\u0131labilir","protected":false},"featured_media":4178,"comment_status":"open","ping_status":"closed","template":"","meta":{"_acf_changed":false,"content-type":"","_monsterinsights_skip_tracking":false,"_monsterinsights_sitenote_active":false,"_monsterinsights_sitenote_note":"","_monsterinsights_sitenote_category":0},"product_brand":[],"product_cat":[92,237],"product_tag":[],"class_list":{"0":"post-4165","1":"product","2":"type-product","3":"status-publish","4":"has-post-thumbnail","6":"product_cat-arena-cover","7":"product_cat-tools","9":"first","10":"instock","11":"taxable","12":"shipping-taxable","13":"purchasable","14":"product-type-simple"},"acf":[],"aioseo_notices":[],"jetpack_sharing_enabled":true,"_links":{"self":[{"href":"https:\/\/antcube.shop\/tr\/wp-json\/wp\/v2\/product\/4165","targetHints":{"allow":["GET"]}}],"collection":[{"href":"https:\/\/antcube.shop\/tr\/wp-json\/wp\/v2\/product"}],"about":[{"href":"https:\/\/antcube.shop\/tr\/wp-json\/wp\/v2\/types\/product"}],"replies":[{"embeddable":true,"href":"https:\/\/antcube.shop\/tr\/wp-json\/wp\/v2\/comments?post=4165"}],"wp:featuredmedia":[{"embeddable":true,"href":"https:\/\/antcube.shop\/tr\/wp-json\/wp\/v2\/media\/4178"}],"wp:attachment":[{"href":"https:\/\/antcube.shop\/tr\/wp-json\/wp\/v2\/media?parent=4165"}],"wp:term":[{"taxonomy":"product_brand","embeddable":true,"href":"https:\/\/antcube.shop\/tr\/wp-json\/wp\/v2\/product_brand?post=4165"},{"taxonomy":"product_cat","embeddable":true,"href":"https:\/\/antcube.shop\/tr\/wp-json\/wp\/v2\/product_cat?post=4165"},{"taxonomy":"product_tag","embeddable":true,"href":"https:\/\/antcube.shop\/tr\/wp-json\/wp\/v2\/product_tag?post=4165"}],"curies":[{"name":"wp","href":"https:\/\/api.w.org\/{rel}","templated":true}]}}