{"id":4151,"date":"2022-02-14T17:00:31","date_gmt":"2022-02-14T16:00:31","guid":{"rendered":"https:\/\/antcube.shop\/produkt\/sand-0-1mm-gewaschen-1000g\/"},"modified":"2026-04-17T10:05:25","modified_gmt":"2026-04-17T08:05:25","slug":"sand-0-1mm-washed-1000g","status":"publish","type":"product","link":"https:\/\/antcube.shop\/tr\/urun\/sand-0-1mm-washed-1000g\/","title":{"rendered":"kum 0-1mm y\u0131kanm\u0131\u015f 1000g"},"content":{"rendered":"<p><strong>\u00a0\u0130\u00e7erik \/ hacim:<\/strong> 1000g<\/p>\n<p><strong>\u0130\u00e7erik:<\/strong> gran\u00fclasyon: 0,1 - 1 mms; y\u0131kanm\u0131\u015f; renksiz.<\/p>\n<p><strong>A\u00e7\u0131klama:<\/strong> \u0130nce kum. Yuva alan\u0131nda, kar\u0131ncalar\u0131n t\u00fcnellerini kazabilecekleri sert ve kat\u0131 bir madde olu\u015fturmak i\u00e7in kum kil ile 3:1 oran\u0131nda kar\u0131\u015ft\u0131r\u0131lmal\u0131d\u0131r.<\/p>","protected":false},"excerpt":{"rendered":"<p>Tane boyutu: 0,1 - 1 mm<\/p>","protected":false},"featured_media":4381,"comment_status":"open","ping_status":"closed","template":"","meta":{"_acf_changed":false,"content-type":"","_monsterinsights_skip_tracking":false,"_monsterinsights_sitenote_active":false,"_monsterinsights_sitenote_note":"","_monsterinsights_sitenote_category":0},"product_brand":[],"product_cat":[96],"product_tag":[],"class_list":{"0":"post-4151","1":"product","2":"type-product","3":"status-publish","4":"has-post-thumbnail","6":"product_cat-soil","8":"first","9":"instock","10":"taxable","11":"shipping-taxable","12":"purchasable","13":"product-type-simple"},"acf":[],"aioseo_notices":[],"jetpack_sharing_enabled":true,"_links":{"self":[{"href":"https:\/\/antcube.shop\/tr\/wp-json\/wp\/v2\/product\/4151","targetHints":{"allow":["GET"]}}],"collection":[{"href":"https:\/\/antcube.shop\/tr\/wp-json\/wp\/v2\/product"}],"about":[{"href":"https:\/\/antcube.shop\/tr\/wp-json\/wp\/v2\/types\/product"}],"replies":[{"embeddable":true,"href":"https:\/\/antcube.shop\/tr\/wp-json\/wp\/v2\/comments?post=4151"}],"wp:featuredmedia":[{"embeddable":true,"href":"https:\/\/antcube.shop\/tr\/wp-json\/wp\/v2\/media\/4381"}],"wp:attachment":[{"href":"https:\/\/antcube.shop\/tr\/wp-json\/wp\/v2\/media?parent=4151"}],"wp:term":[{"taxonomy":"product_brand","embeddable":true,"href":"https:\/\/antcube.shop\/tr\/wp-json\/wp\/v2\/product_brand?post=4151"},{"taxonomy":"product_cat","embeddable":true,"href":"https:\/\/antcube.shop\/tr\/wp-json\/wp\/v2\/product_cat?post=4151"},{"taxonomy":"product_tag","embeddable":true,"href":"https:\/\/antcube.shop\/tr\/wp-json\/wp\/v2\/product_tag?post=4151"}],"curies":[{"name":"wp","href":"https:\/\/api.w.org\/{rel}","templated":true}]}}