{"id":4145,"date":"2022-02-14T15:54:25","date_gmt":"2022-02-14T14:54:25","guid":{"rendered":"https:\/\/antcube.shop\/produkt\/ant-nuggets-20g\/"},"modified":"2026-04-01T17:55:15","modified_gmt":"2026-04-01T15:55:15","slug":"karinca-nugget-20g","status":"publish","type":"product","link":"https:\/\/antcube.shop\/tr\/urun\/karinca-nugget-20g\/","title":{"rendered":"Kar\u0131nca Nuggetlar\u0131 - 20g"},"content":{"rendered":"<p><strong>\u0130\u00e7erik:<\/strong><br \/>\n20g<\/p>\n<p><strong>A\u00e7\u0131klama:<\/strong><br \/>\nBu saf do\u011fal bir \u00fcr\u00fcnd\u00fcr. Kar\u0131nca K\u00fcl\u00e7elerimiz, Bulgaristan'\u0131n vah\u015fi do\u011fas\u0131nda ar\u0131c\u0131lar taraf\u0131ndan \u00f6zenle toplanm\u0131\u015ft\u0131r. Do\u011fal fermantasyon sayesinde kolay sindirilir. Y\u00fcksek kaliteli proteinler sayesinde Lasius sp., Camponotus sp. veya Messor sp. gibi \u00e7o\u011fu formicoid kar\u0131nca t\u00fcr\u00fc i\u00e7in neredeyse tam bir besindir (bal \/ \u015feker ve proteinlerin yerini al\u0131r) ve yaprak kesici kar\u0131ncalar bile onu sever. Kar\u0131ncalar\u0131n ihtiyac\u0131 olan tatl\u0131 suyun yerini tutmaz. Ayr\u0131ca k\u00fc\u00e7\u00fck b\u00f6cekler gibi canl\u0131 protein ihtiyac\u0131n\u0131n da yerini almaz.<\/p>\n<p><strong>Uygulama:<\/strong><br \/>\nBesleme i\u00e7in, Kar\u0131nca Nugget'lar daha k\u00fc\u00e7\u00fck porsiyonlara b\u00f6l\u00fcnmeli veya suda \u00e7\u00f6z\u00fclmelidir.<\/p>\n<p><strong>\u0130\u00e7indekiler:<\/strong><br \/>\n100% do\u011fal olarak fermente edilmi\u015f \u00e7i\u00e7ek poleni. \u0130nsan t\u00fcketimi i\u00e7in tasarlanmam\u0131\u015ft\u0131r. Sadece kar\u0131ncalar i\u00e7indir.<\/p>\n<p><strong>Depolama:<\/strong><br \/>\nTekrar kapat\u0131labilir. L\u00fctfen karanl\u0131k, serin ve kuru bir yerde saklay\u0131n.<\/p>\n<p><strong>Not:<\/strong><br \/>\nKar\u0131ncalar i\u00e7in ek besin.<br \/>\nBile\u015fim, analitik bile\u015fenler, son kullanma tarihi ve lot numaras\u0131 i\u00e7in l\u00fctfen prospekt\u00fcse bak\u0131n\u0131z.<\/p>\n<p>Bilgi Hatt\u0131 +49 30 439703870<\/p>\n<p>Sorumlu veterinerlik ve g\u0131da m\u00fcfetti\u015fli\u011fi:<br \/>\nSteglitz Veterinerlik Ofisi<br \/>\nK\u00f6nigin-Luise-Str. 92<br \/>\n14195 Berlin<\/p>","protected":false},"excerpt":{"rendered":"<p>Ek g\u0131da<\/p>","protected":false},"featured_media":4149,"comment_status":"open","ping_status":"closed","template":"","meta":{"_acf_changed":false,"content-type":"","_monsterinsights_skip_tracking":false,"_monsterinsights_sitenote_active":false,"_monsterinsights_sitenote_note":"","_monsterinsights_sitenote_category":0},"product_brand":[],"product_cat":[115,116],"product_tag":[],"class_list":{"0":"post-4145","1":"product","2":"type-product","3":"status-publish","4":"has-post-thumbnail","6":"product_cat-food-and-feeding","7":"product_cat-food","9":"first","10":"instock","11":"taxable","12":"shipping-taxable","13":"purchasable","14":"product-type-simple"},"acf":[],"aioseo_notices":[],"jetpack_sharing_enabled":true,"_links":{"self":[{"href":"https:\/\/antcube.shop\/tr\/wp-json\/wp\/v2\/product\/4145","targetHints":{"allow":["GET"]}}],"collection":[{"href":"https:\/\/antcube.shop\/tr\/wp-json\/wp\/v2\/product"}],"about":[{"href":"https:\/\/antcube.shop\/tr\/wp-json\/wp\/v2\/types\/product"}],"replies":[{"embeddable":true,"href":"https:\/\/antcube.shop\/tr\/wp-json\/wp\/v2\/comments?post=4145"}],"wp:featuredmedia":[{"embeddable":true,"href":"https:\/\/antcube.shop\/tr\/wp-json\/wp\/v2\/media\/4149"}],"wp:attachment":[{"href":"https:\/\/antcube.shop\/tr\/wp-json\/wp\/v2\/media?parent=4145"}],"wp:term":[{"taxonomy":"product_brand","embeddable":true,"href":"https:\/\/antcube.shop\/tr\/wp-json\/wp\/v2\/product_brand?post=4145"},{"taxonomy":"product_cat","embeddable":true,"href":"https:\/\/antcube.shop\/tr\/wp-json\/wp\/v2\/product_cat?post=4145"},{"taxonomy":"product_tag","embeddable":true,"href":"https:\/\/antcube.shop\/tr\/wp-json\/wp\/v2\/product_tag?post=4145"}],"curies":[{"name":"wp","href":"https:\/\/api.w.org\/{rel}","templated":true}]}}